{"id":1950,"date":"2019-01-23T06:28:50","date_gmt":"2019-01-23T06:28:50","guid":{"rendered":"https:\/\/www.lojadokart.com\/?page_id=1950"},"modified":"2022-09-15T20:02:09","modified_gmt":"2022-09-15T19:02:09","slug":"my-account","status":"publish","type":"page","link":"https:\/\/www.lojadokart.com\/?page_id=1950","title":{"rendered":"Minha Conta"},"content":{"rendered":"<div class=\"woocommerce\"><div class=\"woocommerce-notices-wrapper\"><\/div>\n\n<div class=\"u-columns col2-set\" id=\"customer_login\">\n\n\t<div class=\"u-column1 col-1\">\n\n\n\t\t<h2>Iniciar sess\u00e3o<\/h2>\n\n\t\t<form class=\"woocommerce-form woocommerce-form-login login\" method=\"post\" novalidate>\n\n\t\t\t\n\t\t\t<p class=\"woocommerce-form-row woocommerce-form-row--wide form-row form-row-wide\">\n\t\t\t\t<label for=\"username\">Nome de utilizador ou email&nbsp;<span class=\"required\" aria-hidden=\"true\">*<\/span><span class=\"screen-reader-text\">Obrigat\u00f3rio<\/span><\/label>\n\t\t\t\t<input type=\"text\" class=\"woocommerce-Input woocommerce-Input--text input-text\" name=\"username\" id=\"username\" autocomplete=\"username\" value=\"\" required aria-required=\"true\" \/>\t\t\t<\/p>\n\t\t\t<p class=\"woocommerce-form-row woocommerce-form-row--wide form-row form-row-wide\">\n\t\t\t\t<label for=\"password\">Senha&nbsp;<span class=\"required\" aria-hidden=\"true\">*<\/span><span class=\"screen-reader-text\">Obrigat\u00f3rio<\/span><\/label>\n\t\t\t\t<input class=\"woocommerce-Input woocommerce-Input--text input-text\" type=\"password\" name=\"password\" id=\"password\" autocomplete=\"current-password\" required aria-required=\"true\" \/>\n\t\t\t<\/p>\n\n\t\t\t\t\t<div class=\"g-recaptcha\" data-sitekey=\"6Le-udgkAAAAAIlgPtqzz6oIsfbSI2_PT3WQ1tFC\"><\/div>\r\n\t\t<br\/>\r\n\t\t\n\t\t\t<p class=\"form-row\">\n\t\t\t\t<label class=\"woocommerce-form__label woocommerce-form__label-for-checkbox woocommerce-form-login__rememberme\">\n\t\t\t\t\t<input class=\"woocommerce-form__input woocommerce-form__input-checkbox\" name=\"rememberme\" type=\"checkbox\" id=\"rememberme\" value=\"forever\" \/> <span>Manter sess\u00e3o<\/span>\n\t\t\t\t<\/label>\n\t\t\t\t<input type=\"hidden\" id=\"woocommerce-login-nonce\" name=\"woocommerce-login-nonce\" value=\"c2dfa776f9\" \/><input type=\"hidden\" name=\"_wp_http_referer\" value=\"\/index.php?rest_route=%2Fwp%2Fv2%2Fpages%2F1950\" \/>\t\t\t\t<button type=\"submit\" class=\"woocommerce-button button woocommerce-form-login__submit\" name=\"login\" value=\"Iniciar sess\u00e3o\">Iniciar sess\u00e3o<\/button>\n\t\t\t<\/p>\n\t\t\t<p class=\"woocommerce-LostPassword lost_password\">\n\t\t\t\t<a href=\"https:\/\/www.lojadokart.com\/?page_id=1950&#038;lost-password\">Perdeu a sua senha?<\/a>\n\t\t\t<\/p>\n\n\t\t\t\n\t\t<\/form>\n\n\n\t<\/div>\n\n\t<div class=\"u-column2 col-2\">\n\n\t\t<h2>Registar nova conta<\/h2>\n\n\t\t<form method=\"post\" class=\"woocommerce-form woocommerce-form-register register\" enctype=\"multipart\/form-data\" >\n\n\t\t\t\n\t\t\t\n\t\t\t\t<p class=\"woocommerce-form-row woocommerce-form-row--wide form-row form-row-wide\">\n\t\t\t\t\t<label for=\"reg_username\">Nome de utilizador&nbsp;<span class=\"required\" aria-hidden=\"true\">*<\/span><span class=\"screen-reader-text\">Obrigat\u00f3rio<\/span><\/label>\n\t\t\t\t\t<input type=\"text\" class=\"woocommerce-Input woocommerce-Input--text input-text\" name=\"username\" id=\"reg_username\" autocomplete=\"username\" value=\"\" required aria-required=\"true\" \/>\t\t\t\t<\/p>\n\n\t\t\t\n\t\t\t<p class=\"woocommerce-form-row woocommerce-form-row--wide form-row form-row-wide\">\n\t\t\t\t<label for=\"reg_email\">Endere\u00e7o de email&nbsp;<span class=\"required\" aria-hidden=\"true\">*<\/span><span class=\"screen-reader-text\">Obrigat\u00f3rio<\/span><\/label>\n\t\t\t\t<input type=\"email\" class=\"woocommerce-Input woocommerce-Input--text input-text\" name=\"email\" id=\"reg_email\" autocomplete=\"email\" value=\"\" required aria-required=\"true\" \/>\t\t\t<\/p>\n\n\t\t\t\n\t\t\t\t<p>A liga\u00e7\u00e3o para definir uma nova senha ser\u00e1 enviada para o seu endere\u00e7o de email.<\/p>\n\n\t\t\t\n\t\t\t\t\t\t\t\t\t<p class=\"woocommerce-form-row woocommerce-form-row--wide form-row form-row-wide b2bking_registration_roles_dropdown_section \">\n\t\t\t\t\t\t\t\t\t\t\t\t\t\t<label for=\"b2bking_registration_roles_dropdown\">\n\t\t\t\t\t\t\t\tTipo de usu\u00e1rio&nbsp;<span class=\"required\">*<\/span>\n\t\t\t\t\t\t\t<\/label>\n\t\t\t\t\t\t\t<select id=\"b2bking_registration_roles_dropdown\" name=\"b2bking_registration_roles_dropdown\" required>\n\t\t\t\t\t\t\t\t<option value=\"role_7086\" >Individual Customer<\/option><option value=\"role_7087\" >B2B (requires approval)<\/option>\t\t\t\t\t\t\t<\/select>\n\t\t\t\t\t\t<\/p>\n\t\t\t\t\t\t<div class=\" b2bking_custom_registration_container b2bking_custom_registration_container_field_7120 b2bking_custom_registration_role_7087\"><p class=\"woocommerce-form-row woocommerce-form-row--wide form-row form-row-wide \"><label for=\"b2bking_field_7120\">First Name&nbsp;<span class=\"required\">*<\/span><\/label><input type=\"text\" id=\"b2bking_field_7120\" class=\"b2bking_custom_registration_field b2bking_custom_field_req_required\" name=\"b2bking_custom_field_7120\" value=\"\" placeholder=\"Enter your first name here...\" required><\/p><\/div><div class=\" b2bking_custom_registration_container b2bking_custom_registration_container_field_7121 b2bking_custom_registration_role_7087\"><p class=\"woocommerce-form-row woocommerce-form-row--wide form-row form-row-wide \"><label for=\"b2bking_field_7121\">Last Name&nbsp;<span class=\"required\">*<\/span><\/label><input type=\"text\" id=\"b2bking_field_7121\" class=\"b2bking_custom_registration_field b2bking_custom_field_req_required\" name=\"b2bking_custom_field_7121\" value=\"\" placeholder=\"Enter your last name here...\" required><\/p><\/div><div class=\" b2bking_custom_registration_container b2bking_custom_registration_container_field_7122 b2bking_custom_registration_role_7087\"><p class=\"woocommerce-form-row woocommerce-form-row--wide form-row form-row-wide \"><label for=\"b2bking_field_7122\">Empresa&nbsp;<span class=\"required\">*<\/span><\/label><input type=\"text\" id=\"b2bking_field_7122\" class=\"b2bking_custom_registration_field b2bking_custom_field_req_required\" name=\"b2bking_custom_field_7122\" value=\"\" placeholder=\"Coloque o nome da sua empresa aqui...\" required><\/p><\/div><div class=\" b2bking_custom_registration_container b2bking_custom_registration_container_field_7123 b2bking_custom_registration_role_7087\"><p class=\"woocommerce-form-row woocommerce-form-row--wide form-row form-row-wide \"><label for=\"b2bking_field_7123\">Morada&nbsp;<span class=\"required\">*<\/span><\/label><input type=\"text\" id=\"b2bking_field_7123\" class=\"b2bking_custom_registration_field b2bking_custom_field_req_required\" name=\"b2bking_custom_field_7123\" value=\"\" placeholder=\"Coloque aqui a sua morada...\" required><\/p><\/div><div class=\" b2bking_custom_registration_container b2bking_custom_registration_container_field_7124 b2bking_custom_registration_role_7087\"><p class=\"woocommerce-form-row woocommerce-form-row--wide form-row form-row-wide \"><label for=\"b2bking_field_7124\">Morada 2&nbsp;<\/label><input type=\"text\" id=\"b2bking_field_7124\" class=\"b2bking_custom_registration_field b2bking_custom_field_req_\" name=\"b2bking_custom_field_7124\" value=\"\" placeholder=\"Morada 2...\" ><\/p><\/div><div class=\" b2bking_custom_registration_container b2bking_custom_registration_container_field_7125 b2bking_custom_registration_role_7087\"><p class=\"woocommerce-form-row woocommerce-form-row--wide form-row form-row-wide \"><label for=\"b2bking_field_7125\">Cidade&nbsp;<span class=\"required\">*<\/span><\/label><input type=\"text\" id=\"b2bking_field_7125\" class=\"b2bking_custom_registration_field b2bking_custom_field_req_required\" name=\"b2bking_custom_field_7125\" value=\"\" placeholder=\"Coloque a sua cidade aqui...\" required><\/p><\/div><div class=\" b2bking_custom_registration_container b2bking_custom_registration_container_field_7126 b2bking_custom_registration_role_7087\"><p class=\"woocommerce-form-row woocommerce-form-row--wide form-row form-row-wide \"><label for=\"b2bking_field_7126\">C\u00f3digo Postal&nbsp;<span class=\"required\">*<\/span><\/label><input type=\"text\" id=\"b2bking_field_7126\" class=\"b2bking_custom_registration_field b2bking_custom_field_req_required\" name=\"b2bking_custom_field_7126\" value=\"\" placeholder=\"Coloque o seu c\u00f3digo Postal aqui...\" required><\/p><\/div><div class=\" b2bking_custom_registration_container b2bking_custom_registration_container_field_7127 b2bking_custom_registration_role_7087\"><p class=\"woocommerce-form-row woocommerce-form-row--wide form-row form-row-wide \"><label for=\"b2bking_field_7127\">Numero de telefone&nbsp;<span class=\"required\">*<\/span><\/label><input id=\"b2bking_field_7127\" type=\"tel\" class=\"b2bking_custom_registration_field b2bking_custom_field_req_required\" name=\"b2bking_custom_field_7127\" value=\"\" placeholder=\"Coloque aqui o seu telefone...\" required><\/p><\/div><div class=\" b2bking_custom_registration_container b2bking_custom_registration_container_field_7128 b2bking_custom_registration_role_7087\"><p class=\"woocommerce-form-row woocommerce-form-row--wide form-row form-row-wide b2bking_country_or_state\"><label for=\"b2bking_custom_field_7128\">Pa\u00eds&nbsp;<span class=\"required\">*<\/span><\/label><p class=\"form-row b2bking_country_field_selector b2bking_custom_registration_field b2bking_custom_field_req_required b2bking_country_field_req_required\" id=\"b2bking_custom_field_7128_field\" data-priority=\"\"><span class=\"woocommerce-input-wrapper\"><select name=\"b2bking_custom_field_7128\" id=\"b2bking_custom_field_7128\" class=\"country_to_state country_select \"  data-placeholder=\"Seleccione um pa\u00eds \/ regi\u00e3o&hellip;\" ><option value=\"\">Seleccione um pa\u00eds \/ regi\u00e3o&hellip;<\/option><option value=\"ES\" >Espanha<\/option><option value=\"PT\" >Portugal<\/option><\/select><noscript><button type=\"submit\" name=\"woocommerce_checkout_update_totals\" value=\"Actualizar pa\u00eds \/ regi\u00e3o\">Actualizar pa\u00eds \/ regi\u00e3o<\/button><\/noscript><\/span><\/p><p class=\"form-row b2bking_custom_registration_field b2bking_custom_field_req_required\" id=\"billing_state_field\" data-priority=\"\"><span class=\"woocommerce-input-wrapper\"><select name=\"billing_state\" id=\"billing_state\" class=\"state_select \"  data-placeholder=\"State \/ County\"  data-input-classes=\"\" >\n\t\t\t\t\t\t<option value=\"\">Seleccione uma op\u00e7\u00e3o<\/option><option value=\"AC\" >A\u00e7ores<\/option><option value=\"AV\" >Aveiro<\/option><option value=\"BJ\" >Beja<\/option><option value=\"BR\" >Braga<\/option><option value=\"BG\" >Bragan\u00e7a<\/option><option value=\"CB\" >Castelo Branco<\/option><option value=\"CM\" >Coimbra<\/option><option value=\"EV\" >\u00c9vora<\/option><option value=\"FR\" >Faro<\/option><option value=\"GD\" >Guarda<\/option><option value=\"LR\" >Leiria<\/option><option value=\"LS\" >Lisboa<\/option><option value=\"MD\" >Madeira<\/option><option value=\"PR\" >Portalegre<\/option><option value=\"PT\" >Porto<\/option><option value=\"ST\" >Santar\u00e9m<\/option><option value=\"SB\" >Set\u00fabal<\/option><option value=\"VC\" >Viana do Castelo<\/option><option value=\"VR\" >Vila Real<\/option><option value=\"VS\" >Viseu<\/option><\/select><\/span><\/p><input type=\"hidden\" id=\"b2bking_country_registration_field_number\" name=\"b2bking_country_registration_field_number\" value=\"7128\"><\/p><\/div><div class=\"b2bking_vat_number_registration_field_container b2bking_custom_registration_container b2bking_custom_registration_container_field_7129 b2bking_custom_registration_role_7087\"><p class=\"woocommerce-form-row woocommerce-form-row--wide form-row form-row-wide \"><label for=\"b2bking_vat_number_registration_field\">VAT&nbsp;<span class=\"required\">*<\/span><\/label><input type=\"text\" id=\"b2bking_vat_number_registration_field\" class=\"b2bking_custom_registration_field b2bking_custom_field_req_required\" name=\"b2bking_custom_field_7129\" value=\"\" placeholder=\"Coloque o seu Vat aqui...\" required><input type=\"hidden\" id=\"b2bking_vat_number_registration_field_countries\" value=\"PT,ES\"><input type=\"hidden\" id=\"b2bking_vat_number_registration_field_number\" name=\"b2bking_vat_number_registration_field_number\" value=\"7129\"><\/p><\/div><wc-order-attribution-inputs><\/wc-order-attribution-inputs><div class=\"woocommerce-privacy-policy-text\"><p>Your personal data will be used to support your experience throughout this website, to manage access to your account, and for other purposes described in our <a href=\"https:\/\/www.lojadokart.com\/?page_id=2954\" class=\"woocommerce-privacy-policy-link\" target=\"_blank\">pol\u00edtica de privacidade<\/a>.<\/p>\n<\/div>\t\t<div class=\"g-recaptcha\" data-sitekey=\"6Le-udgkAAAAAIlgPtqzz6oIsfbSI2_PT3WQ1tFC\"><\/div>\r\n\t\t<br\/>\r\n\t\t\n\t\t\t<p class=\"woocommerce-form-row form-row\">\n\t\t\t\t<input type=\"hidden\" id=\"woocommerce-register-nonce\" name=\"woocommerce-register-nonce\" value=\"3ee9738599\" \/><input type=\"hidden\" name=\"_wp_http_referer\" value=\"\/index.php?rest_route=%2Fwp%2Fv2%2Fpages%2F1950\" \/>\t\t\t\t<button type=\"submit\" class=\"woocommerce-Button woocommerce-button button woocommerce-form-register__submit\" name=\"register\" value=\"Registar nova conta\">Registar nova conta<\/button>\n\t\t\t<\/p>\n\n\t\t\t\n\t\t<\/form>\n\n\t<\/div>\n\n<\/div>\n\n<\/div>\n","protected":false},"excerpt":{"rendered":"","protected":false},"author":1,"featured_media":0,"parent":0,"menu_order":0,"comment_status":"closed","ping_status":"closed","template":"","meta":{"_acf_changed":false,"_eb_attr":"","_uag_custom_page_level_css":"","_monsterinsights_skip_tracking":false,"_monsterinsights_sitenote_active":false,"_monsterinsights_sitenote_note":"","_monsterinsights_sitenote_category":0,"site-sidebar-layout":"default","site-content-layout":"","ast-site-content-layout":"default","site-content-style":"default","site-sidebar-style":"default","ast-global-header-display":"","ast-banner-title-visibility":"","ast-main-header-display":"","ast-hfb-above-header-display":"","ast-hfb-below-header-display":"","ast-hfb-mobile-header-display":"","site-post-title":"","ast-breadcrumbs-content":"","ast-featured-img":"","footer-sml-layout":"","ast-disable-related-posts":"","theme-transparent-header-meta":"","adv-header-id-meta":"","stick-header-meta":"","header-above-stick-meta":null,"header-main-stick-meta":"","header-below-stick-meta":null,"astra-migrate-meta-layouts":"default","ast-page-background-enabled":"default","ast-page-background-meta":{"desktop":{"background-color":"","background-image":"","background-repeat":"repeat","background-position":"center center","background-size":"auto","background-attachment":"scroll","background-type":"","background-media":"","overlay-type":"","overlay-color":"","overlay-opacity":"","overlay-gradient":""},"tablet":{"background-color":"","background-image":"","background-repeat":"repeat","background-position":"center center","background-size":"auto","background-attachment":"scroll","background-type":"","background-media":"","overlay-type":"","overlay-color":"","overlay-opacity":"","overlay-gradient":""},"mobile":{"background-color":"","background-image":"","background-repeat":"repeat","background-position":"center center","background-size":"auto","background-attachment":"scroll","background-type":"","background-media":"","overlay-type":"","overlay-color":"","overlay-opacity":"","overlay-gradient":""}},"ast-content-background-meta":{"desktop":{"background-color":"var(--ast-global-color-5)","background-image":"","background-repeat":"repeat","background-position":"center center","background-size":"auto","background-attachment":"scroll","background-type":"","background-media":"","overlay-type":"","overlay-color":"","overlay-opacity":"","overlay-gradient":""},"tablet":{"background-color":"var(--ast-global-color-5)","background-image":"","background-repeat":"repeat","background-position":"center center","background-size":"auto","background-attachment":"scroll","background-type":"","background-media":"","overlay-type":"","overlay-color":"","overlay-opacity":"","overlay-gradient":""},"mobile":{"background-color":"var(--ast-global-color-5)","background-image":"","background-repeat":"repeat","background-position":"center center","background-size":"auto","background-attachment":"scroll","background-type":"","background-media":"","overlay-type":"","overlay-color":"","overlay-opacity":"","overlay-gradient":""}},"_joinchat":[],"footnotes":""},"class_list":["post-1950","page","type-page","status-publish","hentry"],"acf":[],"uagb_featured_image_src":{"full":false,"thumbnail":false,"medium":false,"medium_large":false,"large":false,"1536x1536":false,"2048x2048":false,"woocommerce_thumbnail":false,"woocommerce_single":false,"woocommerce_gallery_thumbnail":false},"uagb_author_info":{"display_name":"admin","author_link":"https:\/\/www.lojadokart.com\/?author=1"},"uagb_comment_info":0,"uagb_excerpt":null,"_links":{"self":[{"href":"https:\/\/www.lojadokart.com\/index.php?rest_route=\/wp\/v2\/pages\/1950","targetHints":{"allow":["GET"]}}],"collection":[{"href":"https:\/\/www.lojadokart.com\/index.php?rest_route=\/wp\/v2\/pages"}],"about":[{"href":"https:\/\/www.lojadokart.com\/index.php?rest_route=\/wp\/v2\/types\/page"}],"author":[{"embeddable":true,"href":"https:\/\/www.lojadokart.com\/index.php?rest_route=\/wp\/v2\/users\/1"}],"replies":[{"embeddable":true,"href":"https:\/\/www.lojadokart.com\/index.php?rest_route=%2Fwp%2Fv2%2Fcomments&post=1950"}],"version-history":[{"count":2,"href":"https:\/\/www.lojadokart.com\/index.php?rest_route=\/wp\/v2\/pages\/1950\/revisions"}],"predecessor-version":[{"id":7147,"href":"https:\/\/www.lojadokart.com\/index.php?rest_route=\/wp\/v2\/pages\/1950\/revisions\/7147"}],"wp:attachment":[{"href":"https:\/\/www.lojadokart.com\/index.php?rest_route=%2Fwp%2Fv2%2Fmedia&parent=1950"}],"curies":[{"name":"wp","href":"https:\/\/api.w.org\/{rel}","templated":true}]}}