{"id":21371,"date":"2025-04-18T12:49:42","date_gmt":"2025-04-18T11:49:42","guid":{"rendered":"https:\/\/www.lojadokart.com\/?page_id=21371"},"modified":"2025-04-18T12:50:48","modified_gmt":"2025-04-18T11:50:48","slug":"formulario-de-orcamento-cronometragem","status":"publish","type":"page","link":"https:\/\/www.lojadokart.com\/?page_id=21371","title":{"rendered":"Formulario de orcamento cronometragem"},"content":{"rendered":"\t\t<div data-elementor-type=\"wp-page\" data-elementor-id=\"21371\" class=\"elementor elementor-21371\">\n\t\t\t\t\t\t<section class=\"elementor-section elementor-top-section elementor-element elementor-element-a463054 elementor-section-boxed elementor-section-height-default elementor-section-height-default\" data-id=\"a463054\" data-element_type=\"section\" data-e-type=\"section\">\n\t\t\t\t\t\t<div class=\"elementor-container elementor-column-gap-default\">\n\t\t\t\t\t<div class=\"elementor-column elementor-col-33 elementor-top-column elementor-element elementor-element-34f1635\" data-id=\"34f1635\" data-element_type=\"column\" data-e-type=\"column\">\n\t\t\t<div class=\"elementor-widget-wrap elementor-element-populated\">\n\t\t\t\t\t\t<div class=\"elementor-element elementor-element-1c1a861 elementor-widget elementor-widget-image\" data-id=\"1c1a861\" data-element_type=\"widget\" data-e-type=\"widget\" data-widget_type=\"image.default\">\n\t\t\t\t<div class=\"elementor-widget-container\">\n\t\t\t\t\t\t\t\t\t\t\t\t\t\t\t<img decoding=\"async\" width=\"141\" height=\"106\" src=\"https:\/\/www.lojadokart.com\/wp-content\/uploads\/2020\/12\/cropped-logo_site-1-1-125x94.png\" class=\"attachment-large size-large wp-image-2108\" alt=\"\" srcset=\"https:\/\/www.lojadokart.com\/wp-content\/uploads\/2020\/12\/cropped-logo_site-1-1.png 141w, https:\/\/www.lojadokart.com\/wp-content\/uploads\/2020\/12\/cropped-logo_site-1-1-125x94.png 125w\" sizes=\"(max-width: 141px) 100vw, 141px\" \/>\t\t\t\t\t\t\t\t\t\t\t\t\t\t\t<\/div>\n\t\t\t\t<\/div>\n\t\t\t\t\t<\/div>\n\t\t<\/div>\n\t\t\t\t<div class=\"elementor-column elementor-col-66 elementor-top-column elementor-element elementor-element-b9ec3d4\" data-id=\"b9ec3d4\" data-element_type=\"column\" data-e-type=\"column\">\n\t\t\t<div class=\"elementor-widget-wrap elementor-element-populated\">\n\t\t\t\t\t\t<div class=\"elementor-element elementor-element-720b212 elementor-widget elementor-widget-text-editor\" data-id=\"720b212\" data-element_type=\"widget\" data-e-type=\"widget\" data-widget_type=\"text-editor.default\">\n\t\t\t\t<div class=\"elementor-widget-container\">\n\t\t\t\t\t\t\t\t\t<h2><strong>Solicita\u00e7\u00e3o de Or\u00e7amento Cronometragem\u00a0<\/strong><\/h2>\t\t\t\t\t\t\t\t<\/div>\n\t\t\t\t<\/div>\n\t\t\t\t\t<\/div>\n\t\t<\/div>\n\t\t\t\t\t<\/div>\n\t\t<\/section>\n\t\t\t\t<section class=\"elementor-section elementor-top-section elementor-element elementor-element-160c285 elementor-section-boxed elementor-section-height-default elementor-section-height-default\" data-id=\"160c285\" data-element_type=\"section\" data-e-type=\"section\">\n\t\t\t\t\t\t<div class=\"elementor-container elementor-column-gap-default\">\n\t\t\t\t\t<div class=\"elementor-column elementor-col-100 elementor-top-column elementor-element elementor-element-b779064\" data-id=\"b779064\" data-element_type=\"column\" data-e-type=\"column\">\n\t\t\t<div class=\"elementor-widget-wrap elementor-element-populated\">\n\t\t\t\t\t\t<div class=\"elementor-element elementor-element-79707d5 elementor-widget elementor-widget-shortcode\" data-id=\"79707d5\" data-element_type=\"widget\" data-e-type=\"widget\" data-widget_type=\"shortcode.default\">\n\t\t\t\t<div class=\"elementor-widget-container\">\n\t\t\t\t\t\t\t<div class=\"elementor-shortcode\"><div class=\"forminator-ui forminator-custom-form forminator-custom-form-21368 forminator-design--bold  forminator_ajax\" data-forminator-render=\"0\" data-form=\"forminator-module-21368\" data-uid=\"69e49e4ea65fa\"><br\/><\/div><form\r\n\t\t\t\tid=\"forminator-module-21368\"\r\n\t\t\t\tclass=\"forminator-ui forminator-custom-form forminator-custom-form-21368 forminator-design--bold  forminator_ajax\"\r\n\t\t\t\tmethod=\"post\"\r\n\t\t\t\tdata-forminator-render=\"0\"\r\n\t\t\t\tdata-form-id=\"21368\"\r\n\t\t\t\t\r\n\t\t\t\tdata-design=\"bold\"\r\n\t\t\t\t\r\n\t\t\t\t\r\n\t\t\t\t\r\n\t\t\t\tdata-grid=\"open\"\r\n\t\t\t\t\r\n\t\t\t\t\r\n\t\t\t\tstyle=\"display: none;\"\r\n\t\t\t\t\r\n\t\t\t\tdata-uid=\"69e49e4ea65fa\"\r\n\t\t\t><div role=\"alert\" aria-live=\"polite\" class=\"forminator-response-message forminator-error\" aria-hidden=\"true\"><\/div><div class=\"forminator-row\"><div id=\"section-1\" class=\"forminator-field-section forminator-col forminator-col-12 \"><div class=\"forminator-field\"><h2 class=\"forminator-title\">Dados entidade<\/h2><\/div><\/div><\/div><div class=\"forminator-row\"><div id=\"name-1\" class=\"forminator-field-name forminator-col forminator-col-6 \"><div class=\"forminator-field\"><label for=\"forminator-field-name-1_69e49e4ea65fa\" id=\"forminator-field-name-1_69e49e4ea65fa-label\" class=\"forminator-label\">Entidade <span class=\"forminator-required\">*<\/span><\/label><input type=\"text\" name=\"name-1\" value=\"\" placeholder=\"\" id=\"forminator-field-name-1_69e49e4ea65fa\" class=\"forminator-input forminator-name--field\" aria-required=\"true\" \/><\/div><\/div><div id=\"phone-1\" class=\"forminator-field-phone forminator-col forminator-col-6 \"><div class=\"forminator-field\"><label for=\"forminator-field-phone-1_69e49e4ea65fa\" id=\"forminator-field-phone-1_69e49e4ea65fa-label\" class=\"forminator-label\">Telefone <span class=\"forminator-required\">*<\/span><\/label><input type=\"text\" name=\"phone-1\" value=\"\" placeholder=\"\" id=\"forminator-field-phone-1_69e49e4ea65fa\" class=\"forminator-input forminator-field--phone\" data-required=\"1\" aria-required=\"true\" autocomplete=\"off\" \/><\/div><\/div><\/div><div class=\"forminator-row\"><div id=\"email-1\" class=\"forminator-field-email forminator-col forminator-col-6 \"><div class=\"forminator-field\"><label for=\"forminator-field-email-1_69e49e4ea65fa\" id=\"forminator-field-email-1_69e49e4ea65fa-label\" class=\"forminator-label\">Email <span class=\"forminator-required\">*<\/span><\/label><input type=\"email\" name=\"email-1\" value=\"\" placeholder=\"\" id=\"forminator-field-email-1_69e49e4ea65fa\" class=\"forminator-input forminator-email--field\" data-required=\"1\" aria-required=\"true\" \/><\/div><\/div><div id=\"url-1\" class=\"forminator-field-url forminator-col forminator-col-6 \"><div class=\"forminator-field\"><label for=\"forminator-field-url-1_69e49e4ea65fa\" id=\"forminator-field-url-1_69e49e4ea65fa-label\" class=\"forminator-label\">Website<\/label><input type=\"url\" name=\"url-1\" value=\"\" placeholder=\"\" id=\"forminator-field-url-1_69e49e4ea65fa\" class=\"forminator-input forminator-website--field\" data-required=\"\" aria-required=\"false\" \/><\/div><\/div><\/div><div class=\"forminator-row\"><div id=\"section-2\" class=\"forminator-field-section forminator-col forminator-col-12 \"><div class=\"forminator-field\"><h2 class=\"forminator-title\">Servi\u00e7o solicitado<\/h2><\/div><\/div><\/div><div class=\"forminator-row\"><div id=\"select-1\" class=\"forminator-field-select forminator-col forminator-col-4 \"><div class=\"forminator-field\"><label for=\"forminator-form-21368__field--select-1_69e49e4ea65fa\" id=\"forminator-form-21368__field--select-1_69e49e4ea65fa-label\" class=\"forminator-label\">Selecione o tipo de evento <span class=\"forminator-required\">*<\/span><\/label><select  id=\"forminator-form-21368__field--select-1_69e49e4ea65fa\" class=\"forminator-select--field forminator-select2 forminator-select2-multiple\" data-required=\"1\" name=\"select-1\" data-default-value=\"\" data-hidden-behavior=\"zero\" data-placeholder=\"Tipo de evento\" data-search=\"false\" data-search-placeholder=\"Tipo de evento\" data-checkbox=\"false\" data-allow-clear=\"false\" aria-labelledby=\"forminator-form-21368__field--select-1_69e49e4ea65fa-label\" aria-describedby=\"forminator-form-21368__field--select-1_69e49e4ea65fa-description\"><option value=\"\"  >Tipo de evento<\/option><option value=\"one\"  data-calculation=\"0\">Karting Endurance<\/option><option value=\"two\"  data-calculation=\"0\">Karting Sprint<\/option><option value=\"Motas-Endurance\"  data-calculation=\"0\">Motas Endurance<\/option><option value=\"Motas-Sprint\"  data-calculation=\"0\">Motas Sprint<\/option><option value=\"Autom\u00f3veis-Endurance\"  data-calculation=\"0\">Autom\u00f3veis Endurance<\/option><option value=\"Autom\u00f3veis-Sprint\"  data-calculation=\"0\">Autom\u00f3veis Sprint<\/option><\/select><span id=\"forminator-form-21368__field--select-1_69e49e4ea65fa-description\" class=\"forminator-description\">Tipo de evento<\/span><\/div><\/div><div id=\"number-1\" class=\"forminator-field-number forminator-col forminator-col-4 \"><div class=\"forminator-field\"><label for=\"forminator-field-number-1_69e49e4ea65fa\" id=\"forminator-field-number-1_69e49e4ea65fa-label\" class=\"forminator-label\">N\u00famero transponders <span class=\"forminator-required\">*<\/span><\/label><input name=\"number-1\" value=\"\" placeholder=\"E.g. 10\" id=\"forminator-field-number-1_69e49e4ea65fa\" class=\"forminator-input forminator-number--field\" inputmode=\"decimal\" data-required=\"1\" data-decimals=\"0\" aria-required=\"true\" data-inputmask=\"&#039;groupSeparator&#039;: &#039;&#039;, &#039;radixPoint&#039;: &#039;&#039;, &#039;digits&#039;: &#039;0&#039;\" data-hidden-behavior=\"zero\" type=\"number\" step=\"any\" min=\"1\" max=\"100\" \/><\/div><\/div><div id=\"date-1\" class=\"forminator-field-date forminator-col forminator-col-4 \"><div class=\"forminator-field\"><label for=\"forminator-field-date-1-picker_69e49e4ea65fa\" id=\"forminator-field-date-1-picker_69e49e4ea65fa-label\" class=\"forminator-label\">Date <span class=\"forminator-required\">*<\/span><\/label><div class=\"forminator-input-with-icon\"><span class=\"forminator-icon-calendar\" aria-hidden=\"true\"><\/span><input autocomplete=\"off\" type=\"text\" size=\"1\" name=\"date-1\" value=\"\" placeholder=\"dd-mm-yyyy\" id=\"forminator-field-date-1-picker_69e49e4ea65fa\" class=\"forminator-input forminator-datepicker\" data-required=\"1\" data-format=\"dd-mm-yy\" data-restrict-type=\"\" data-restrict=\"\" data-start-year=\"1926\" data-end-year=\"2126\" data-past-dates=\"enable\" data-start-of-week=\"1\" data-start-date=\"\" data-end-date=\"\" data-start-field=\"\" data-end-field=\"\" data-start-offset=\"\" data-end-offset=\"\" data-disable-date=\"\" data-disable-range=\"\" aria-describedby=\"forminator-field-date-1-picker_69e49e4ea65fa-description\" \/><\/div><span id=\"forminator-field-date-1-picker_69e49e4ea65fa-description\" class=\"forminator-description\">Data do evento<\/span><\/div><\/div><\/div><div class=\"forminator-row\"><div id=\"checkbox-1\" class=\"forminator-field-checkbox forminator-col forminator-col-6 \"><div role=\"group\" class=\"forminator-field\" aria-labelledby=\"forminator-checkbox-group-69e49e4ea65fa-label\"><span id=\"forminator-checkbox-group-69e49e4ea65fa-label\" class=\"forminator-label\">N\u00famero de Loops<\/span><label id=\"forminator-field-checkbox-1-1-69e49e4ea65fa-label\" for=\"forminator-field-checkbox-1-1-69e49e4ea65fa\" class=\"forminator-checkbox\" title=\"S\/F (Obrigat\u00f3rio)\"><input type=\"checkbox\" name=\"checkbox-1[]\" value=\"one\" id=\"forminator-field-checkbox-1-1-69e49e4ea65fa\" aria-labelledby=\"forminator-field-checkbox-1-1-69e49e4ea65fa-label\" data-calculation=\"0\"   data-hidden-behavior=\"zero\" aria-describedby=\"forminator-field-checkbox-1-69e49e4ea65fa-description\"\/><span class=\"forminator-checkbox-box\" aria-hidden=\"true\"><\/span><span class=\"forminator-checkbox-label\">S\/F (Obrigat\u00f3rio)<\/span><\/label><label id=\"forminator-field-checkbox-1-2-69e49e4ea65fa-label\" for=\"forminator-field-checkbox-1-2-69e49e4ea65fa\" class=\"forminator-checkbox\" title=\"Pit In\"><input type=\"checkbox\" name=\"checkbox-1[]\" value=\"two\" id=\"forminator-field-checkbox-1-2-69e49e4ea65fa\" aria-labelledby=\"forminator-field-checkbox-1-2-69e49e4ea65fa-label\" data-calculation=\"0\"   data-hidden-behavior=\"zero\" aria-describedby=\"forminator-field-checkbox-1-69e49e4ea65fa-description\"\/><span class=\"forminator-checkbox-box\" aria-hidden=\"true\"><\/span><span class=\"forminator-checkbox-label\">Pit In<\/span><\/label><label id=\"forminator-field-checkbox-1-3-69e49e4ea65fa-label\" for=\"forminator-field-checkbox-1-3-69e49e4ea65fa\" class=\"forminator-checkbox\" title=\"Pit out\"><input type=\"checkbox\" name=\"checkbox-1[]\" value=\"Pit-out\" id=\"forminator-field-checkbox-1-3-69e49e4ea65fa\" aria-labelledby=\"forminator-field-checkbox-1-3-69e49e4ea65fa-label\" data-calculation=\"0\"   data-hidden-behavior=\"zero\" aria-describedby=\"forminator-field-checkbox-1-69e49e4ea65fa-description\"\/><span class=\"forminator-checkbox-box\" aria-hidden=\"true\"><\/span><span class=\"forminator-checkbox-label\">Pit out<\/span><\/label><span id=\"forminator-field-checkbox-1-69e49e4ea65fa-description\" class=\"forminator-description\">Loops<\/span><\/div><\/div><div id=\"select-3\" class=\"forminator-field-select forminator-col forminator-col-6 \"><div class=\"forminator-field\"><label for=\"forminator-form-21368__field--select-3_69e49e4ea65fa\" id=\"forminator-form-21368__field--select-3_69e49e4ea65fa-label\" class=\"forminator-label\">Setores<\/label><select  id=\"forminator-form-21368__field--select-3_69e49e4ea65fa\" class=\"forminator-select--field forminator-select2 forminator-select2-multiple\" data-required=\"\" name=\"select-3\" data-default-value=\"\" data-hidden-behavior=\"zero\" data-placeholder=\"Setores\" data-search=\"false\" data-search-placeholder=\"Setores\" data-checkbox=\"false\" data-allow-clear=\"false\" aria-labelledby=\"forminator-form-21368__field--select-3_69e49e4ea65fa-label\"><option value=\"\"  >Setores<\/option><option value=\"one\"  data-calculation=\"0\">0<\/option><option value=\"two\"  data-calculation=\"0\">2<\/option><option value=\"3\"  data-calculation=\"0\">3<\/option><\/select><\/div><\/div><\/div><div class=\"forminator-row\"><div id=\"select-2\" class=\"forminator-field-select forminator-col forminator-col-4 \"><div class=\"forminator-field\"><label for=\"forminator-form-21368__field--select-2_69e49e4ea65fa\" id=\"forminator-form-21368__field--select-2_69e49e4ea65fa-label\" class=\"forminator-label\">Identifica\u00e7\u00e3o de Pilotos<\/label><select  id=\"forminator-form-21368__field--select-2_69e49e4ea65fa\" class=\"forminator-select--field forminator-select2 forminator-select2-multiple\" data-required=\"\" name=\"select-2\" data-default-value=\"\" data-hidden-behavior=\"zero\" data-placeholder=\"Identifica\u00e7\u00e3o de Pilotos (provas de endurance)\" data-search=\"false\" data-search-placeholder=\"Identifica\u00e7\u00e3o de Pilotos (provas de endurance)\" data-checkbox=\"false\" data-allow-clear=\"false\" aria-labelledby=\"forminator-form-21368__field--select-2_69e49e4ea65fa-label\" aria-describedby=\"forminator-form-21368__field--select-2_69e49e4ea65fa-description\"><option value=\"\"  >Identifica\u00e7\u00e3o de Pilotos (provas de endurance)<\/option><option value=\"one\"  data-calculation=\"0\">Sim<\/option><option value=\"two\"  data-calculation=\"0\">N\u00e3o<\/option><\/select><span id=\"forminator-form-21368__field--select-2_69e49e4ea65fa-description\" class=\"forminator-description\">Selecione<\/span><\/div><\/div><div id=\"checkbox-3\" class=\"forminator-field-checkbox forminator-col forminator-col-4 \"><div role=\"group\" class=\"forminator-field\" aria-labelledby=\"forminator-checkbox-group-69e49e4ea65fa-label\"><span id=\"forminator-checkbox-group-69e49e4ea65fa-label\" class=\"forminator-label\">Aluguer de \u00c9crans Leds<\/span><label id=\"forminator-field-checkbox-3-1-69e49e4ea65fa-label\" for=\"forminator-field-checkbox-3-1-69e49e4ea65fa\" class=\"forminator-checkbox\" title=\"Rel\u00f3gio\"><input type=\"checkbox\" name=\"checkbox-3[]\" value=\"one\" id=\"forminator-field-checkbox-3-1-69e49e4ea65fa\" aria-labelledby=\"forminator-field-checkbox-3-1-69e49e4ea65fa-label\" data-calculation=\"0\"   data-hidden-behavior=\"zero\" aria-describedby=\"forminator-field-checkbox-3-69e49e4ea65fa-description\"\/><span class=\"forminator-checkbox-box\" aria-hidden=\"true\"><\/span><span class=\"forminator-checkbox-label\">Rel\u00f3gio<\/span><\/label><label id=\"forminator-field-checkbox-3-2-69e49e4ea65fa-label\" for=\"forminator-field-checkbox-3-2-69e49e4ea65fa\" class=\"forminator-checkbox\" title=\"Tempo de Boxes\"><input type=\"checkbox\" name=\"checkbox-3[]\" value=\"two\" id=\"forminator-field-checkbox-3-2-69e49e4ea65fa\" aria-labelledby=\"forminator-field-checkbox-3-2-69e49e4ea65fa-label\" data-calculation=\"0\"   data-hidden-behavior=\"zero\" aria-describedby=\"forminator-field-checkbox-3-69e49e4ea65fa-description\"\/><span class=\"forminator-checkbox-box\" aria-hidden=\"true\"><\/span><span class=\"forminator-checkbox-label\">Tempo de Boxes<\/span><\/label><label id=\"forminator-field-checkbox-3-3-69e49e4ea65fa-label\" for=\"forminator-field-checkbox-3-3-69e49e4ea65fa\" class=\"forminator-checkbox\" title=\"Boxes\"><input type=\"checkbox\" name=\"checkbox-3[]\" value=\"Boxes\" id=\"forminator-field-checkbox-3-3-69e49e4ea65fa\" aria-labelledby=\"forminator-field-checkbox-3-3-69e49e4ea65fa-label\" data-calculation=\"0\"   data-hidden-behavior=\"zero\" aria-describedby=\"forminator-field-checkbox-3-69e49e4ea65fa-description\"\/><span class=\"forminator-checkbox-box\" aria-hidden=\"true\"><\/span><span class=\"forminator-checkbox-label\">Boxes<\/span><\/label><label id=\"forminator-field-checkbox-3-4-69e49e4ea65fa-label\" for=\"forminator-field-checkbox-3-4-69e49e4ea65fa\" class=\"forminator-checkbox\" title=\"Live timing em ecr\u00e3 gigante\"><input type=\"checkbox\" name=\"checkbox-3[]\" value=\"Live-timing-em-ecr\u00e3-gigante\" id=\"forminator-field-checkbox-3-4-69e49e4ea65fa\" aria-labelledby=\"forminator-field-checkbox-3-4-69e49e4ea65fa-label\" data-calculation=\"0\"   data-hidden-behavior=\"zero\" aria-describedby=\"forminator-field-checkbox-3-69e49e4ea65fa-description\"\/><span class=\"forminator-checkbox-box\" aria-hidden=\"true\"><\/span><span class=\"forminator-checkbox-label\">Live timing em ecr\u00e3 gigante<\/span><\/label><span id=\"forminator-field-checkbox-3-69e49e4ea65fa-description\" class=\"forminator-description\">Selecione<\/span><\/div><\/div><div id=\"select-4\" class=\"forminator-field-select forminator-col forminator-col-4 \"><div class=\"forminator-field\"><label for=\"forminator-form-21368__field--select-4_69e49e4ea65fa\" id=\"forminator-form-21368__field--select-4_69e49e4ea65fa-label\" class=\"forminator-label\">Inscri\u00e7\u00f5es Online <span class=\"forminator-required\">*<\/span><\/label><select  id=\"forminator-form-21368__field--select-4_69e49e4ea65fa\" class=\"forminator-select--field forminator-select2 forminator-select2-multiple\" data-required=\"1\" name=\"select-4\" data-default-value=\"\" data-hidden-behavior=\"zero\" data-placeholder=\"Selecione\" data-search=\"false\" data-search-placeholder=\"Selecione\" data-checkbox=\"false\" data-allow-clear=\"false\" aria-labelledby=\"forminator-form-21368__field--select-4_69e49e4ea65fa-label\"><option value=\"\"  >Selecione<\/option><option value=\"one\"  data-calculation=\"0\">Sim<\/option><option value=\"two\"  data-calculation=\"0\">N\u00e3o<\/option><\/select><\/div><\/div><\/div><div class=\"forminator-row\"><div id=\"textarea-1\" class=\"forminator-field-textarea forminator-col forminator-col-12 \"><div class=\"forminator-field\"><label for=\"forminator-field-textarea-1_69e49e4ea65fa\" id=\"forminator-field-textarea-1_69e49e4ea65fa-label\" class=\"forminator-label\">Descreva o seu evento<\/label><textarea name=\"textarea-1\" placeholder=\"Descreva o seu evento\" id=\"forminator-field-textarea-1_69e49e4ea65fa\" class=\"forminator-textarea\" rows=\"6\" style=\"min-height:140px;\" ><\/textarea><\/div><\/div><\/div><input type=\"hidden\" name=\"referer_url\" value=\"\" \/><div class=\"forminator-row forminator-row-last\"><div class=\"forminator-col\"><div class=\"forminator-field\"><button class=\"forminator-button forminator-button-submit\">Enviar<\/button><\/div><\/div><\/div><input type=\"hidden\" id=\"forminator_nonce\" name=\"forminator_nonce\" value=\"ac7a4c3595\" \/><input type=\"hidden\" name=\"_wp_http_referer\" value=\"\/index.php?rest_route=%2Fwp%2Fv2%2Fpages%2F21371\" \/><input type=\"hidden\" name=\"form_id\" value=\"21368\"><input type=\"hidden\" name=\"page_id\" value=\"21371\"><input type=\"hidden\" name=\"form_type\" value=\"default\"><input type=\"hidden\" name=\"current_url\" value=\"https:\/\/www.lojadokart.com\/?page_id=21371\"><input type=\"hidden\" name=\"render_id\" value=\"0\"><input type=\"hidden\" name=\"action\" value=\"forminator_submit_form_custom-forms\"><input id=\"forminator_current_geolocation_21368\" type=\"hidden\" name=\"forminator_current_location\" value=\"\" autocomplete=\"off\"><input id=\"forminator_current_address_21368\" type=\"hidden\" name=\"forminator_current_address\" value=\"\" autocomplete=\"off\"><input type=\"hidden\" name=\"forminator_current_location_error\" value=\"\" autocomplete=\"off\"><\/form><\/div>\n\t\t\t\t\t\t<\/div>\n\t\t\t\t<\/div>\n\t\t\t\t\t<\/div>\n\t\t<\/div>\n\t\t\t\t\t<\/div>\n\t\t<\/section>\n\t\t\t\t<\/div>\n\t\t","protected":false},"excerpt":{"rendered":"<p>Solicita\u00e7\u00e3o de Or\u00e7amento Cronometragem\u00a0<\/p>\n","protected":false},"author":1,"featured_media":0,"parent":0,"menu_order":0,"comment_status":"closed","ping_status":"closed","template":"","meta":{"_acf_changed":false,"_eb_attr":"","_uag_custom_page_level_css":"","_monsterinsights_skip_tracking":false,"_monsterinsights_sitenote_active":false,"_monsterinsights_sitenote_note":"","_monsterinsights_sitenote_category":0,"site-sidebar-layout":"no-sidebar","site-content-layout":null,"ast-site-content-layout":"default","site-content-style":"default","site-sidebar-style":"default","ast-global-header-display":"","ast-banner-title-visibility":"","ast-main-header-display":"","ast-hfb-above-header-display":null,"ast-hfb-below-header-display":"","ast-hfb-mobile-header-display":"","site-post-title":"disabled","ast-breadcrumbs-content":null,"ast-featured-img":"disabled","footer-sml-layout":"","ast-disable-related-posts":"","theme-transparent-header-meta":"","adv-header-id-meta":"","stick-header-meta":"","header-above-stick-meta":null,"header-main-stick-meta":"","header-below-stick-meta":"","astra-migrate-meta-layouts":"set","ast-page-background-enabled":"default","ast-page-background-meta":{"desktop":{"background-color":"","background-image":"","background-repeat":"repeat","background-position":"center center","background-size":"auto","background-attachment":"scroll","background-type":"","background-media":"","overlay-type":"","overlay-color":"","overlay-opacity":"","overlay-gradient":""},"tablet":{"background-color":"","background-image":"","background-repeat":"repeat","background-position":"center center","background-size":"auto","background-attachment":"scroll","background-type":"","background-media":"","overlay-type":"","overlay-color":"","overlay-opacity":"","overlay-gradient":""},"mobile":{"background-color":"","background-image":"","background-repeat":"repeat","background-position":"center center","background-size":"auto","background-attachment":"scroll","background-type":"","background-media":"","overlay-type":"","overlay-color":"","overlay-opacity":"","overlay-gradient":""}},"ast-content-background-meta":{"desktop":{"background-color":"var(--ast-global-color-5)","background-image":"","background-repeat":"repeat","background-position":"center center","background-size":"auto","background-attachment":"scroll","background-type":"","background-media":"","overlay-type":"","overlay-color":"","overlay-opacity":"","overlay-gradient":""},"tablet":{"background-color":"var(--ast-global-color-5)","background-image":"","background-repeat":"repeat","background-position":"center center","background-size":"auto","background-attachment":"scroll","background-type":"","background-media":"","overlay-type":"","overlay-color":"","overlay-opacity":"","overlay-gradient":""},"mobile":{"background-color":"var(--ast-global-color-5)","background-image":"","background-repeat":"repeat","background-position":"center center","background-size":"auto","background-attachment":"scroll","background-type":"","background-media":"","overlay-type":"","overlay-color":"","overlay-opacity":"","overlay-gradient":""}},"_joinchat":[],"footnotes":""},"class_list":["post-21371","page","type-page","status-publish","hentry"],"acf":[],"uagb_featured_image_src":{"full":false,"thumbnail":false,"medium":false,"medium_large":false,"large":false,"1536x1536":false,"2048x2048":false,"woocommerce_thumbnail":false,"woocommerce_single":false,"woocommerce_gallery_thumbnail":false},"uagb_author_info":{"display_name":"admin","author_link":"https:\/\/www.lojadokart.com\/?author=1"},"uagb_comment_info":0,"uagb_excerpt":"Solicita\u00e7\u00e3o de Or\u00e7amento Cronometragem\u00a0","_links":{"self":[{"href":"https:\/\/www.lojadokart.com\/index.php?rest_route=\/wp\/v2\/pages\/21371","targetHints":{"allow":["GET"]}}],"collection":[{"href":"https:\/\/www.lojadokart.com\/index.php?rest_route=\/wp\/v2\/pages"}],"about":[{"href":"https:\/\/www.lojadokart.com\/index.php?rest_route=\/wp\/v2\/types\/page"}],"author":[{"embeddable":true,"href":"https:\/\/www.lojadokart.com\/index.php?rest_route=\/wp\/v2\/users\/1"}],"replies":[{"embeddable":true,"href":"https:\/\/www.lojadokart.com\/index.php?rest_route=%2Fwp%2Fv2%2Fcomments&post=21371"}],"version-history":[{"count":4,"href":"https:\/\/www.lojadokart.com\/index.php?rest_route=\/wp\/v2\/pages\/21371\/revisions"}],"predecessor-version":[{"id":21375,"href":"https:\/\/www.lojadokart.com\/index.php?rest_route=\/wp\/v2\/pages\/21371\/revisions\/21375"}],"wp:attachment":[{"href":"https:\/\/www.lojadokart.com\/index.php?rest_route=%2Fwp%2Fv2%2Fmedia&parent=21371"}],"curies":[{"name":"wp","href":"https:\/\/api.w.org\/{rel}","templated":true}]}}