{"id":2961,"date":"2020-12-19T22:35:40","date_gmt":"2020-12-19T22:35:40","guid":{"rendered":"https:\/\/www.lojadokart.com\/?page_id=2961"},"modified":"2024-02-24T19:44:05","modified_gmt":"2024-02-24T19:44:05","slug":"termos-e-condicoes","status":"publish","type":"page","link":"https:\/\/www.lojadokart.com\/?page_id=2961","title":{"rendered":"Termos e Condi\u00e7\u00f5es"},"content":{"rendered":"\t\t<div data-elementor-type=\"wp-page\" data-elementor-id=\"2961\" class=\"elementor elementor-2961\">\n\t\t\t\t\t\t<section class=\"elementor-section elementor-top-section elementor-element elementor-element-b6a7dd6 elementor-section-boxed elementor-section-height-default elementor-section-height-default\" data-id=\"b6a7dd6\" data-element_type=\"section\" data-e-type=\"section\">\n\t\t\t\t\t\t<div class=\"elementor-container elementor-column-gap-default\">\n\t\t\t\t\t<div class=\"elementor-column elementor-col-100 elementor-top-column elementor-element elementor-element-fd3c968\" data-id=\"fd3c968\" data-element_type=\"column\" data-e-type=\"column\">\n\t\t\t<div class=\"elementor-widget-wrap elementor-element-populated\">\n\t\t\t\t\t\t<div class=\"elementor-element elementor-element-a279b1d elementor-widget elementor-widget-heading\" data-id=\"a279b1d\" data-element_type=\"widget\" data-e-type=\"widget\" data-widget_type=\"heading.default\">\n\t\t\t\t<div class=\"elementor-widget-container\">\n\t\t\t\t\t<h2 class=\"elementor-heading-title elementor-size-default\">Termos e Condi\u00e7\u00f5es<\/h2>\t\t\t\t<\/div>\n\t\t\t\t<\/div>\n\t\t\t\t\t<\/div>\n\t\t<\/div>\n\t\t\t\t\t<\/div>\n\t\t<\/section>\n\t\t\t\t<section class=\"elementor-section elementor-top-section elementor-element elementor-element-cc40e32 elementor-section-boxed elementor-section-height-default elementor-section-height-default\" data-id=\"cc40e32\" data-element_type=\"section\" data-e-type=\"section\">\n\t\t\t\t\t\t<div class=\"elementor-container elementor-column-gap-default\">\n\t\t\t\t\t<div class=\"elementor-column elementor-col-100 elementor-top-column elementor-element elementor-element-e4dafb1\" data-id=\"e4dafb1\" data-element_type=\"column\" data-e-type=\"column\">\n\t\t\t<div class=\"elementor-widget-wrap elementor-element-populated\">\n\t\t\t\t\t\t<div class=\"elementor-element elementor-element-d8cc37e elementor-widget elementor-widget-text-editor\" data-id=\"d8cc37e\" data-element_type=\"widget\" data-e-type=\"widget\" data-widget_type=\"text-editor.default\">\n\t\t\t\t<div class=\"elementor-widget-container\">\n\t\t\t\t\t\t\t\t\t<p>Os termos e condi\u00e7\u00f5es de venda abaixo indicados ser\u00e3o aplicados em todas as transa\u00e7\u00f5es entre o cliente e a Loja do Kart &#8211;&nbsp;<span style=\"font-size: 15px;\">Almeirim Park, Lda&nbsp;<\/span><span style=\"font-size: 15px;\">&nbsp;NIF: 506732029, com morada no largo padre Oliveiros Jesus Reis n\u00ba11 2080-036 Almeirim<\/span><\/p>\n<p>Ao inscrever-se e efetuar qualquer pedido no site www.lojadokart.com aceita os termos e condi\u00e7\u00f5es de venda que neste site s\u00e3o aplic\u00e1veis.<\/p>\n<p>Qualquer altera\u00e7\u00e3o efetuada aos termos e condi\u00e7\u00f5es de venda, todos os clientes j\u00e1 inscritos ser\u00e3o informados dessas altera\u00e7\u00f5es.<\/p>\n<p>Ao n\u00e3o concordar com os termos e condi\u00e7\u00f5es de venda, impossibilita qualquer a\u00e7\u00e3o\/pedido no site www.lojadokart.com<\/p>\n<p>Mais informa\u00e7\u00f5es sobre:<\/p>\n<p><strong><span style=\"text-decoration: underline;\">Pre\u00e7os<\/span><\/strong><\/p>\n<p>Os pre\u00e7os indicados no site www.lojadokart.com s\u00e3o faturados em euros (\u20ac) e est\u00e3o apresentados com&nbsp; IVA incu\u00ecdo&nbsp; \u00e0 taxa legal em vigor em Portugal Continental (23%), para clientes B2B os pre\u00e7os s\u00e3o apresentados sem IVA. Todos os pre\u00e7os s\u00e3o v\u00e1lidos salvo erro tipogr\u00e1fico.<\/p>\n<p><span style=\"text-decoration: underline;\"><strong>Encomendas<\/strong><\/span><\/p>\n<p>Todas as encomendas s\u00e3o obrigatoriamente feitas online no site www.lojadokart.com e todas ser\u00e3o confirmadas por email.<\/p>\n<p><span style=\"text-decoration: underline;\"><strong>Pagamento<\/strong><\/span><\/p>\n<p>A www.lojadokart.com disponibiliza os seguintes meios de pagamento, a escolher pelo cliente no ato da encomenda:<\/p>\n<p>\u2022 Servi\u00e7o Multibanco, MBWay, Cart\u00e3o de credito e Paypal<\/p>\n<p>Dependendo do m\u00e9todo de pagamento, poder\u00e3o ser cobradas taxas, indicadas no carrinho de compras em www.lojadokart.com.<\/p>\n<p><span style=\"text-decoration: underline;\"><strong>Transporte<\/strong><\/span><\/p>\n<p>O transporte das encomendas ser\u00e1 efetuado por transportadora contratada pela Loja do Kart, nunca sendo o transporte feito por esta.<\/p>\n<p>Todos os danos inerentes ao transporte s\u00e3o da total responsabilidade da transportadora. Se na rece\u00e7\u00e3o da encomenda verificar danos no volume, mencione os mesmos na guia de remessa da transportadora e comunique \u00e0 Loja do Kart no prazo m\u00e1ximo de 3 dias \u00fateis. O n\u00e3o cumprimento deste passo, em caso de danos devido ao transporte, inviabiliza qualquer indemniza\u00e7\u00e3o por parte da Loja do Kart. Todas as encomendas, ap\u00f3s rece\u00e7\u00e3o de pagamento e cuja morada de entrega seja em Portugal Continental, ser\u00e3o expedidas no prazo m\u00e1ximo de 5 dias e entregues at\u00e9 \u00e0s 18h do dia seguinte, salvo atraso por parte da transportadora. Caso se verifique este atraso, contacte-nos. Para entregas nas regi\u00f5es aut\u00f3nomas (Madeira e A\u00e7ores) a entrega poder\u00e1 demorar at\u00e9 12 dias \u00fateis.<\/p>\n<p><span style=\"text-decoration: underline;\"><strong>Devolu\u00e7\u00f5es<\/strong><\/span><\/p>\n<p>S\u00f3 ser\u00e3o v\u00e1lidas qualquer tipo de devolu\u00e7\u00f5es ap\u00f3s acordado com a Loja do Kart. Todas as devolu\u00e7\u00f5es efetuadas sem consentimentos da Loja do Kart ser\u00e3o consideradas nulas e sem efeito.<\/p>\n<p>O cliente disp\u00f5e de 14 dias para devolver o produto ap\u00f3s a compra sem qualquer tipo de justifica\u00e7\u00e3o.<\/p>\n<p>As seguintes normas s\u00e3o obrigat\u00f3rias neste tipo de devolu\u00e7\u00e3o:<\/p>\n<p>\u2022 Produto intacto sem uso aparente.<\/p>\n<p>\u2022 Embalagem sem danos e\/ou violada.<\/p>\n<p>\u2022 Custo de transporte a cargo do cliente.<\/p>\t\t\t\t\t\t\t\t<\/div>\n\t\t\t\t<\/div>\n\t\t\t\t\t<\/div>\n\t\t<\/div>\n\t\t\t\t\t<\/div>\n\t\t<\/section>\n\t\t\t\t<\/div>\n\t\t","protected":false},"excerpt":{"rendered":"<p>Termos e Condi\u00e7\u00f5es Os termos e condi\u00e7\u00f5es de venda abaixo indicados ser\u00e3o aplicados em todas as transa\u00e7\u00f5es entre o cliente e a Loja do Kart &#8211;&nbsp;Almeirim Park, Lda&nbsp;&nbsp;NIF: 506732029, com morada no largo padre Oliveiros Jesus Reis n\u00ba11 2080-036 Almeirim Ao inscrever-se e efetuar qualquer pedido no site www.lojadokart.com aceita os termos e condi\u00e7\u00f5es de [&hellip;]<\/p>\n","protected":false},"author":2,"featured_media":0,"parent":0,"menu_order":0,"comment_status":"closed","ping_status":"closed","template":"","meta":{"_acf_changed":false,"_eb_attr":"","_uag_custom_page_level_css":"","_monsterinsights_skip_tracking":false,"_monsterinsights_sitenote_active":false,"_monsterinsights_sitenote_note":"","_monsterinsights_sitenote_category":0,"site-sidebar-layout":"no-sidebar","site-content-layout":"page-builder","ast-site-content-layout":"default","site-content-style":"default","site-sidebar-style":"default","ast-global-header-display":"","ast-banner-title-visibility":"","ast-main-header-display":"","ast-hfb-above-header-display":"","ast-hfb-below-header-display":"","ast-hfb-mobile-header-display":"","site-post-title":"disabled","ast-breadcrumbs-content":"","ast-featured-img":"disabled","footer-sml-layout":"","ast-disable-related-posts":"","theme-transparent-header-meta":"default","adv-header-id-meta":"","stick-header-meta":"","header-above-stick-meta":"","header-main-stick-meta":"","header-below-stick-meta":"","astra-migrate-meta-layouts":"default","ast-page-background-enabled":"default","ast-page-background-meta":{"desktop":{"background-color":"","background-image":"","background-repeat":"repeat","background-position":"center center","background-size":"auto","background-attachment":"scroll","background-type":"","background-media":"","overlay-type":"","overlay-color":"","overlay-opacity":"","overlay-gradient":""},"tablet":{"background-color":"","background-image":"","background-repeat":"repeat","background-position":"center center","background-size":"auto","background-attachment":"scroll","background-type":"","background-media":"","overlay-type":"","overlay-color":"","overlay-opacity":"","overlay-gradient":""},"mobile":{"background-color":"","background-image":"","background-repeat":"repeat","background-position":"center center","background-size":"auto","background-attachment":"scroll","background-type":"","background-media":"","overlay-type":"","overlay-color":"","overlay-opacity":"","overlay-gradient":""}},"ast-content-background-meta":{"desktop":{"background-color":"var(--ast-global-color-5)","background-image":"","background-repeat":"repeat","background-position":"center center","background-size":"auto","background-attachment":"scroll","background-type":"","background-media":"","overlay-type":"","overlay-color":"","overlay-opacity":"","overlay-gradient":""},"tablet":{"background-color":"var(--ast-global-color-5)","background-image":"","background-repeat":"repeat","background-position":"center center","background-size":"auto","background-attachment":"scroll","background-type":"","background-media":"","overlay-type":"","overlay-color":"","overlay-opacity":"","overlay-gradient":""},"mobile":{"background-color":"var(--ast-global-color-5)","background-image":"","background-repeat":"repeat","background-position":"center center","background-size":"auto","background-attachment":"scroll","background-type":"","background-media":"","overlay-type":"","overlay-color":"","overlay-opacity":"","overlay-gradient":""}},"_joinchat":[],"footnotes":""},"class_list":["post-2961","page","type-page","status-publish","hentry"],"acf":[],"uagb_featured_image_src":{"full":false,"thumbnail":false,"medium":false,"medium_large":false,"large":false,"1536x1536":false,"2048x2048":false,"woocommerce_thumbnail":false,"woocommerce_single":false,"woocommerce_gallery_thumbnail":false},"uagb_author_info":{"display_name":"Tom\u00e1s Caetano","author_link":"https:\/\/www.lojadokart.com\/?author=2"},"uagb_comment_info":0,"uagb_excerpt":"Termos e Condi\u00e7\u00f5es Os termos e condi\u00e7\u00f5es de venda abaixo indicados ser\u00e3o aplicados em todas as transa\u00e7\u00f5es entre o cliente e a Loja do Kart &#8211;&nbsp;Almeirim Park, Lda&nbsp;&nbsp;NIF: 506732029, com morada no largo padre Oliveiros Jesus Reis n\u00ba11 2080-036 Almeirim Ao inscrever-se e efetuar qualquer pedido no site www.lojadokart.com aceita os termos e condi\u00e7\u00f5es de&hellip;","_links":{"self":[{"href":"https:\/\/www.lojadokart.com\/index.php?rest_route=\/wp\/v2\/pages\/2961","targetHints":{"allow":["GET"]}}],"collection":[{"href":"https:\/\/www.lojadokart.com\/index.php?rest_route=\/wp\/v2\/pages"}],"about":[{"href":"https:\/\/www.lojadokart.com\/index.php?rest_route=\/wp\/v2\/types\/page"}],"author":[{"embeddable":true,"href":"https:\/\/www.lojadokart.com\/index.php?rest_route=\/wp\/v2\/users\/2"}],"replies":[{"embeddable":true,"href":"https:\/\/www.lojadokart.com\/index.php?rest_route=%2Fwp%2Fv2%2Fcomments&post=2961"}],"version-history":[{"count":23,"href":"https:\/\/www.lojadokart.com\/index.php?rest_route=\/wp\/v2\/pages\/2961\/revisions"}],"predecessor-version":[{"id":16659,"href":"https:\/\/www.lojadokart.com\/index.php?rest_route=\/wp\/v2\/pages\/2961\/revisions\/16659"}],"wp:attachment":[{"href":"https:\/\/www.lojadokart.com\/index.php?rest_route=%2Fwp%2Fv2%2Fmedia&parent=2961"}],"curies":[{"name":"wp","href":"https:\/\/api.w.org\/{rel}","templated":true}]}}