{"id":14459,"date":"2022-10-27T19:03:40","date_gmt":"2022-10-27T18:03:40","guid":{"rendered":"https:\/\/www.lojadokart.com\/?post_type=product&#038;p=14459"},"modified":"2026-04-12T04:04:56","modified_gmt":"2026-04-12T03:04:56","slug":"motor-270-cc-evo-3","status":"publish","type":"product","link":"https:\/\/www.lojadokart.com\/?product=motor-270-cc-evo-3","title":{"rendered":"Motor 270 cc Evo 3"},"content":{"rendered":"<p>Evo3 &#8211; Vers\u00e3o com rolamento da biela e v\u00e1lvulas com trava de cunha Importante para todos os pedidos de motores<br \/>\nFolha de dados t\u00e9cnicos<\/p>\n<p>N\u00e3o inclu\u00eddo como padr\u00e3o:<br \/>\nCobertura<br \/>\nTanque<br \/>\nTubo de joelho com filtro de ar (padr\u00e3o)<br \/>\nEscape<br \/>\nFiltro de ar esportivo<br \/>\nTorneiras para filtros de ar esportivos<br \/>\ncoletor de escape<br \/>\nsuporte do motor<\/p>\n<p>\u00c9 claro que a afina\u00e7\u00e3o e os acess\u00f3rios podem ser encomendados ao mesmo tempo. Voc\u00ea encontrar\u00e1 todos os produtos em nossa se\u00e7\u00e3o de acess\u00f3rios para motores. Um conjunto de juntas adicional e uma chave de vela est\u00e3o inclu\u00eddos na entrega.<\/p>\n","protected":false},"excerpt":{"rendered":"<p>Evo3 &#8211; Vers\u00e3o com rolamento da biela e v\u00e1lvulas com trava de cunha Importante para todos os pedidos de motores Folha de dados t\u00e9cnicos N\u00e3o inclu\u00eddo como padr\u00e3o: Cobertura Tanque Tubo de joelho com filtro de ar (padr\u00e3o) Escape Filtro de ar esportivo Torneiras para filtros de ar esportivos coletor de escape suporte do motor [&hellip;]<\/p>\n","protected":false},"featured_media":14460,"template":"","meta":{"_acf_changed":false,"_eb_attr":"","_uag_custom_page_level_css":"","_monsterinsights_skip_tracking":false,"_monsterinsights_sitenote_active":false,"_monsterinsights_sitenote_note":"","_monsterinsights_sitenote_category":0,"site-sidebar-layout":"default","site-content-layout":"default","ast-site-content-layout":"default","site-content-style":"default","site-sidebar-style":"default","ast-global-header-display":"","ast-banner-title-visibility":"","ast-main-header-display":"","ast-hfb-above-header-display":"","ast-hfb-below-header-display":"","ast-hfb-mobile-header-display":"","site-post-title":"","ast-breadcrumbs-content":"","ast-featured-img":"","footer-sml-layout":"","ast-disable-related-posts":"","theme-transparent-header-meta":"default","adv-header-id-meta":"","stick-header-meta":"default","header-above-stick-meta":"","header-main-stick-meta":"","header-below-stick-meta":"","astra-migrate-meta-layouts":"default","ast-page-background-enabled":"default","ast-page-background-meta":{"desktop":{"background-color":"","background-image":"","background-repeat":"repeat","background-position":"center center","background-size":"auto","background-attachment":"scroll","background-type":"","background-media":"","overlay-type":"","overlay-color":"","overlay-opacity":"","overlay-gradient":""},"tablet":{"background-color":"","background-image":"","background-repeat":"repeat","background-position":"center center","background-size":"auto","background-attachment":"scroll","background-type":"","background-media":"","overlay-type":"","overlay-color":"","overlay-opacity":"","overlay-gradient":""},"mobile":{"background-color":"","background-image":"","background-repeat":"repeat","background-position":"center center","background-size":"auto","background-attachment":"scroll","background-type":"","background-media":"","overlay-type":"","overlay-color":"","overlay-opacity":"","overlay-gradient":""}},"ast-content-background-meta":{"desktop":{"background-color":"var(--ast-global-color-5)","background-image":"","background-repeat":"repeat","background-position":"center center","background-size":"auto","background-attachment":"scroll","background-type":"","background-media":"","overlay-type":"","overlay-color":"","overlay-opacity":"","overlay-gradient":""},"tablet":{"background-color":"var(--ast-global-color-5)","background-image":"","background-repeat":"repeat","background-position":"center center","background-size":"auto","background-attachment":"scroll","background-type":"","background-media":"","overlay-type":"","overlay-color":"","overlay-opacity":"","overlay-gradient":""},"mobile":{"background-color":"var(--ast-global-color-5)","background-image":"","background-repeat":"repeat","background-position":"center center","background-size":"auto","background-attachment":"scroll","background-type":"","background-media":"","overlay-type":"","overlay-color":"","overlay-opacity":"","overlay-gradient":""}},"_joinchat":[]},"product_brand":[],"product_cat":[217],"product_tag":[],"berocket_brand":[548],"class_list":{"0":"post-14459","1":"product","2":"type-product","3":"status-publish","4":"has-post-thumbnail","6":"product_cat-motor-honda-270cc","7":"berocket_brand-kart-engine-dm-270-cc-evo3","8":"desktop-align-left","9":"tablet-align-left","10":"mobile-align-left","11":"ast-product-gallery-layout-horizontal-slider","12":"ast-product-gallery-with-no-image","13":"ast-product-tabs-layout-horizontal","15":"first","16":"instock","17":"taxable","18":"shipping-taxable","19":"purchasable","20":"product-type-simple"},"acf":[],"uagb_featured_image_src":{"full":["https:\/\/www.lojadokart.com\/wp-content\/uploads\/2022\/10\/270-3.jpg",500,500,false],"thumbnail":["https:\/\/www.lojadokart.com\/wp-content\/uploads\/2022\/10\/270-3-150x150.jpg",150,150,true],"medium":["https:\/\/www.lojadokart.com\/wp-content\/uploads\/2022\/10\/270-3-300x300.jpg",300,300,true],"medium_large":["https:\/\/www.lojadokart.com\/wp-content\/uploads\/2022\/10\/270-3.jpg",500,500,false],"large":["https:\/\/www.lojadokart.com\/wp-content\/uploads\/2022\/10\/270-3.jpg",500,500,false],"1536x1536":["https:\/\/www.lojadokart.com\/wp-content\/uploads\/2022\/10\/270-3.jpg",500,500,false],"2048x2048":["https:\/\/www.lojadokart.com\/wp-content\/uploads\/2022\/10\/270-3.jpg",500,500,false],"woocommerce_thumbnail":["https:\/\/www.lojadokart.com\/wp-content\/uploads\/2022\/10\/270-3-300x300.jpg",300,300,true],"woocommerce_single":["https:\/\/www.lojadokart.com\/wp-content\/uploads\/2022\/10\/270-3.jpg",500,500,false],"woocommerce_gallery_thumbnail":["https:\/\/www.lojadokart.com\/wp-content\/uploads\/2022\/10\/270-3-100x100.jpg",100,100,true]},"uagb_author_info":{"display_name":"admin","author_link":"https:\/\/www.lojadokart.com\/?author=0"},"uagb_comment_info":0,"uagb_excerpt":"Evo3 &#8211; Vers\u00e3o com rolamento da biela e v\u00e1lvulas com trava de cunha Importante para todos os pedidos de motores Folha de dados t\u00e9cnicos N\u00e3o inclu\u00eddo como padr\u00e3o: Cobertura Tanque Tubo de joelho com filtro de ar (padr\u00e3o) Escape Filtro de ar esportivo Torneiras para filtros de ar esportivos coletor de escape suporte do motor&hellip;","_links":{"self":[{"href":"https:\/\/www.lojadokart.com\/index.php?rest_route=\/wp\/v2\/product\/14459","targetHints":{"allow":["GET"]}}],"collection":[{"href":"https:\/\/www.lojadokart.com\/index.php?rest_route=\/wp\/v2\/product"}],"about":[{"href":"https:\/\/www.lojadokart.com\/index.php?rest_route=\/wp\/v2\/types\/product"}],"wp:featuredmedia":[{"embeddable":true,"href":"https:\/\/www.lojadokart.com\/index.php?rest_route=\/wp\/v2\/media\/14460"}],"wp:attachment":[{"href":"https:\/\/www.lojadokart.com\/index.php?rest_route=%2Fwp%2Fv2%2Fmedia&parent=14459"}],"wp:term":[{"taxonomy":"product_brand","embeddable":true,"href":"https:\/\/www.lojadokart.com\/index.php?rest_route=%2Fwp%2Fv2%2Fproduct_brand&post=14459"},{"taxonomy":"product_cat","embeddable":true,"href":"https:\/\/www.lojadokart.com\/index.php?rest_route=%2Fwp%2Fv2%2Fproduct_cat&post=14459"},{"taxonomy":"product_tag","embeddable":true,"href":"https:\/\/www.lojadokart.com\/index.php?rest_route=%2Fwp%2Fv2%2Fproduct_tag&post=14459"},{"taxonomy":"berocket_brand","embeddable":true,"href":"https:\/\/www.lojadokart.com\/index.php?rest_route=%2Fwp%2Fv2%2Fberocket_brand&post=14459"}],"curies":[{"name":"wp","href":"https:\/\/api.w.org\/{rel}","templated":true}]}}