{"id":15374,"date":"2023-05-21T12:13:56","date_gmt":"2023-05-21T11:13:56","guid":{"rendered":"https:\/\/www.lojadokart.com\/?post_type=product&#038;p=15374"},"modified":"2026-04-13T04:00:31","modified_gmt":"2026-04-13T03:00:31","slug":"bengio-ab7-body-protection-fia-approved","status":"publish","type":"product","link":"https:\/\/www.lojadokart.com\/?product=bengio-ab7-body-protection-fia-approved","title":{"rendered":"BENGIO AB7 BODY PROTECTION &#8211; FIA APPROVED"},"content":{"rendered":"<p>Os novos protetores de costela Bengio AB7 s\u00e3o os primeiros porta-costelas da fam\u00edlia Bengio aprovados de acordo com a norma FIA 8870-2018.<\/p>\n<p>Design e Ergonomia:<br \/>\nO protetor de nervuras Bengio AB7 permite uma melhor ader\u00eancia ao corpo do condutor. Esta nova forma de prote\u00e7\u00e3o lateral se adapta perfeitamente \u00e0 posi\u00e7\u00e3o do motorista e suas al\u00e7as el\u00e1sticas permitem um ajuste da estrutura da carroceria.<\/p>\n<p>Sistema de fechamento:<br \/>\nGra\u00e7as ao novo sistema de fechamento oferecido pela Bengio, o motorista pode vestir e ajustar os protetores de costela com facilidade e rapidez.<\/p>\n<p>Materiais:<br \/>\nO uso de fibras compostas garante os mais altos padr\u00f5es de resist\u00eancia e seguran\u00e7a em caso de acidente mesmo ap\u00f3s v\u00e1rios usos. O acolchoamento interno de espuma absorvente de choque dispersa a energia de impacto e as vibra\u00e7\u00f5es \u00e0s quais o piloto \u00e9 submetido durante a sess\u00e3o de karting.<\/p>\n<p>O Bengio AB7 \u00e9 totalmente feito \u00e0 m\u00e3o na It\u00e1lia.<\/p>\n<p>Cores: Preto\/Laranja<\/p>\n<p>Tamanhos: XXS, XS, S, S+, SM, SM+, M, L, XL, XXL.<\/p>\n","protected":false},"excerpt":{"rendered":"<p>Os novos protetores de costela Bengio AB7 s\u00e3o os primeiros porta-costelas da fam\u00edlia Bengio aprovados de acordo com a norma FIA 8870-2018. Design e Ergonomia: O protetor de nervuras Bengio AB7 permite uma melhor ader\u00eancia ao corpo do condutor. Esta nova forma de prote\u00e7\u00e3o lateral se adapta perfeitamente \u00e0 posi\u00e7\u00e3o do motorista e suas al\u00e7as [&hellip;]<\/p>\n","protected":false},"featured_media":15380,"template":"","meta":{"_acf_changed":false,"_eb_attr":"","_uag_custom_page_level_css":"","_monsterinsights_skip_tracking":false,"_monsterinsights_sitenote_active":false,"_monsterinsights_sitenote_note":"","_monsterinsights_sitenote_category":0,"site-sidebar-layout":"default","site-content-layout":"","ast-site-content-layout":"default","site-content-style":"default","site-sidebar-style":"default","ast-global-header-display":"","ast-banner-title-visibility":"","ast-main-header-display":"","ast-hfb-above-header-display":"","ast-hfb-below-header-display":"","ast-hfb-mobile-header-display":"","site-post-title":"","ast-breadcrumbs-content":"","ast-featured-img":"","footer-sml-layout":"","ast-disable-related-posts":"","theme-transparent-header-meta":"default","adv-header-id-meta":"","stick-header-meta":"default","header-above-stick-meta":"","header-main-stick-meta":"","header-below-stick-meta":"","astra-migrate-meta-layouts":"set","ast-page-background-enabled":"default","ast-page-background-meta":{"desktop":{"background-color":"","background-image":"","background-repeat":"repeat","background-position":"center center","background-size":"auto","background-attachment":"scroll","background-type":"","background-media":"","overlay-type":"","overlay-color":"","overlay-opacity":"","overlay-gradient":""},"tablet":{"background-color":"","background-image":"","background-repeat":"repeat","background-position":"center center","background-size":"auto","background-attachment":"scroll","background-type":"","background-media":"","overlay-type":"","overlay-color":"","overlay-opacity":"","overlay-gradient":""},"mobile":{"background-color":"","background-image":"","background-repeat":"repeat","background-position":"center center","background-size":"auto","background-attachment":"scroll","background-type":"","background-media":"","overlay-type":"","overlay-color":"","overlay-opacity":"","overlay-gradient":""}},"ast-content-background-meta":{"desktop":{"background-color":"var(--ast-global-color-5)","background-image":"","background-repeat":"repeat","background-position":"center center","background-size":"auto","background-attachment":"scroll","background-type":"","background-media":"","overlay-type":"","overlay-color":"","overlay-opacity":"","overlay-gradient":""},"tablet":{"background-color":"var(--ast-global-color-5)","background-image":"","background-repeat":"repeat","background-position":"center center","background-size":"auto","background-attachment":"scroll","background-type":"","background-media":"","overlay-type":"","overlay-color":"","overlay-opacity":"","overlay-gradient":""},"mobile":{"background-color":"var(--ast-global-color-5)","background-image":"","background-repeat":"repeat","background-position":"center center","background-size":"auto","background-attachment":"scroll","background-type":"","background-media":"","overlay-type":"","overlay-color":"","overlay-opacity":"","overlay-gradient":""}},"_joinchat":[]},"product_brand":[],"product_cat":[532,504],"product_tag":[],"berocket_brand":[777],"class_list":{"0":"post-15374","1":"product","2":"type-product","3":"status-publish","4":"has-post-thumbnail","6":"product_cat-coletes-premium","7":"product_cat-produtos-premium","8":"berocket_brand-bengio","9":"desktop-align-left","10":"tablet-align-left","11":"mobile-align-left","12":"ast-product-gallery-layout-horizontal-slider","13":"ast-product-single-variable","14":"ast-product-tabs-layout-horizontal","16":"first","17":"outofstock","18":"taxable","19":"shipping-taxable","20":"purchasable","21":"product-type-variable"},"acf":[],"uagb_featured_image_src":{"full":["https:\/\/www.lojadokart.com\/wp-content\/uploads\/2023\/05\/bengio-ab7-body-protection-fia-approved.jpg",800,800,false],"thumbnail":["https:\/\/www.lojadokart.com\/wp-content\/uploads\/2023\/05\/bengio-ab7-body-protection-fia-approved-150x150.jpg",150,150,true],"medium":["https:\/\/www.lojadokart.com\/wp-content\/uploads\/2023\/05\/bengio-ab7-body-protection-fia-approved-300x300.jpg",300,300,true],"medium_large":["https:\/\/www.lojadokart.com\/wp-content\/uploads\/2023\/05\/bengio-ab7-body-protection-fia-approved-768x768.jpg",768,768,true],"large":["https:\/\/www.lojadokart.com\/wp-content\/uploads\/2023\/05\/bengio-ab7-body-protection-fia-approved.jpg",800,800,false],"1536x1536":["https:\/\/www.lojadokart.com\/wp-content\/uploads\/2023\/05\/bengio-ab7-body-protection-fia-approved.jpg",800,800,false],"2048x2048":["https:\/\/www.lojadokart.com\/wp-content\/uploads\/2023\/05\/bengio-ab7-body-protection-fia-approved.jpg",800,800,false],"woocommerce_thumbnail":["https:\/\/www.lojadokart.com\/wp-content\/uploads\/2023\/05\/bengio-ab7-body-protection-fia-approved-300x300.jpg",300,300,true],"woocommerce_single":["https:\/\/www.lojadokart.com\/wp-content\/uploads\/2023\/05\/bengio-ab7-body-protection-fia-approved-600x600.jpg",600,600,true],"woocommerce_gallery_thumbnail":["https:\/\/www.lojadokart.com\/wp-content\/uploads\/2023\/05\/bengio-ab7-body-protection-fia-approved-100x100.jpg",100,100,true]},"uagb_author_info":{"display_name":"admin","author_link":"https:\/\/www.lojadokart.com\/?author=0"},"uagb_comment_info":0,"uagb_excerpt":"Os novos protetores de costela Bengio AB7 s\u00e3o os primeiros porta-costelas da fam\u00edlia Bengio aprovados de acordo com a norma FIA 8870-2018. Design e Ergonomia: O protetor de nervuras Bengio AB7 permite uma melhor ader\u00eancia ao corpo do condutor. Esta nova forma de prote\u00e7\u00e3o lateral se adapta perfeitamente \u00e0 posi\u00e7\u00e3o do motorista e suas al\u00e7as&hellip;","_links":{"self":[{"href":"https:\/\/www.lojadokart.com\/index.php?rest_route=\/wp\/v2\/product\/15374","targetHints":{"allow":["GET"]}}],"collection":[{"href":"https:\/\/www.lojadokart.com\/index.php?rest_route=\/wp\/v2\/product"}],"about":[{"href":"https:\/\/www.lojadokart.com\/index.php?rest_route=\/wp\/v2\/types\/product"}],"wp:featuredmedia":[{"embeddable":true,"href":"https:\/\/www.lojadokart.com\/index.php?rest_route=\/wp\/v2\/media\/15380"}],"wp:attachment":[{"href":"https:\/\/www.lojadokart.com\/index.php?rest_route=%2Fwp%2Fv2%2Fmedia&parent=15374"}],"wp:term":[{"taxonomy":"product_brand","embeddable":true,"href":"https:\/\/www.lojadokart.com\/index.php?rest_route=%2Fwp%2Fv2%2Fproduct_brand&post=15374"},{"taxonomy":"product_cat","embeddable":true,"href":"https:\/\/www.lojadokart.com\/index.php?rest_route=%2Fwp%2Fv2%2Fproduct_cat&post=15374"},{"taxonomy":"product_tag","embeddable":true,"href":"https:\/\/www.lojadokart.com\/index.php?rest_route=%2Fwp%2Fv2%2Fproduct_tag&post=15374"},{"taxonomy":"berocket_brand","embeddable":true,"href":"https:\/\/www.lojadokart.com\/index.php?rest_route=%2Fwp%2Fv2%2Fberocket_brand&post=15374"}],"curies":[{"name":"wp","href":"https:\/\/api.w.org\/{rel}","templated":true}]}}