{"id":16456,"date":"2024-01-19T11:54:34","date_gmt":"2024-01-19T11:54:34","guid":{"rendered":"https:\/\/www.lojadokart.com\/?post_type=product&#038;p=16456"},"modified":"2026-04-15T04:02:19","modified_gmt":"2026-04-15T03:02:19","slug":"capacete-bell-kc7-ev-cmr","status":"publish","type":"product","link":"https:\/\/www.lojadokart.com\/?product=capacete-bell-kc7-ev-cmr","title":{"rendered":"Capacete BELL &#8211; KC7 &#8211; EV CMR"},"content":{"rendered":"<p>O capacete KC7-EV CMR \u00e9 um capacete muito leve especialmente concebido para jovens pilotos de kart com um campo de vis\u00e3o mais amplo, em compara\u00e7\u00e3o com o capacete BELL KC7 CMR, para uma melhor visibilidade (viseira 20mm mais larga oferecendo 30% mais visibilidade perif\u00e9rica).<\/p>\n<p>A carca\u00e7a \u00e9 inteiramente feita de carbono\/kevlar e fibra de vidro e o design \u00e9 derivado dos capacetes de F1.<\/p>\n<p>O poderoso e eficiente sistema de ventila\u00e7\u00e3o na parte superior do capacete pode ser usado com ou sem entradas de ar para otimizar a aerodin\u00e2mica.<br \/>\nVentila\u00e7\u00e3o avan\u00e7ada no queixo e frontal com mais de 14 entradas de ar e canais de exaust\u00e3o.<br \/>\nEntrada de ar dianteira, spoiler traseiro e spoiler dianteiro dispon\u00edveis separadamente.<\/p>\n<p>Vem com uma viseira antiemba\u00e7ante de escudo duplo (DSAF) para eliminar o emba\u00e7amento e proporcionar visibilidade superior.<\/p>\n<p>Aprova\u00e7\u00e3o: SNELL CMR2016 (o padr\u00e3o CMR \u00e9 imposto para pilotos de kart menores de 15 anos em competi\u00e7\u00f5es CIK\/FIA). Tamb\u00e9m recomendado pela FFSA para pilotos de kart menores de 15 anos.<br \/>\nCapacete tamb\u00e9m usado por adultos.<\/p>\n<p>N\u00e3o aprovado para uso rodovi\u00e1rio.<\/p>\n<p>Viseiras originais do fabricante BELL.<\/p>\n<p>Cor branca.<\/p>\n<p>Peso: 1 185 g +- 3% (54 &#8211; 56) \/ 1 230 g +- 3% (57 &#8211; 59).<\/p>\n<p>Tamanhos:<br \/>\n&#8211; 54 (XXS)<br \/>\n&#8211; 55 (XXS\/XS)<br \/>\n&#8211; 56 (XS)<br \/>\n&#8211; 57 (S)<br \/>\n&#8211; 58 (M)<br \/>\n&#8211; 59 (M\/L)<\/p>\n","protected":false},"excerpt":{"rendered":"<p>O capacete KC7-EV CMR \u00e9 um capacete muito leve especialmente concebido para jovens pilotos de kart com um campo de vis\u00e3o mais amplo, em compara\u00e7\u00e3o com o capacete BELL KC7 CMR, para uma melhor visibilidade (viseira 20mm mais larga oferecendo 30% mais visibilidade perif\u00e9rica). A carca\u00e7a \u00e9 inteiramente feita de carbono\/kevlar e fibra de vidro [&hellip;]<\/p>\n","protected":false},"featured_media":16463,"template":"","meta":{"_acf_changed":false,"_eb_attr":"","_uag_custom_page_level_css":"","_monsterinsights_skip_tracking":false,"_monsterinsights_sitenote_active":false,"_monsterinsights_sitenote_note":"","_monsterinsights_sitenote_category":0,"site-sidebar-layout":"default","site-content-layout":"","ast-site-content-layout":"default","site-content-style":"default","site-sidebar-style":"default","ast-global-header-display":"","ast-banner-title-visibility":"","ast-main-header-display":"","ast-hfb-above-header-display":"","ast-hfb-below-header-display":"","ast-hfb-mobile-header-display":"","site-post-title":"","ast-breadcrumbs-content":"","ast-featured-img":"","footer-sml-layout":"","ast-disable-related-posts":"","theme-transparent-header-meta":"default","adv-header-id-meta":"","stick-header-meta":"default","header-above-stick-meta":"","header-main-stick-meta":"","header-below-stick-meta":"","astra-migrate-meta-layouts":"set","ast-page-background-enabled":"default","ast-page-background-meta":{"desktop":{"background-color":"","background-image":"","background-repeat":"repeat","background-position":"center center","background-size":"auto","background-attachment":"scroll","background-type":"","background-media":"","overlay-type":"","overlay-color":"","overlay-opacity":"","overlay-gradient":""},"tablet":{"background-color":"","background-image":"","background-repeat":"repeat","background-position":"center center","background-size":"auto","background-attachment":"scroll","background-type":"","background-media":"","overlay-type":"","overlay-color":"","overlay-opacity":"","overlay-gradient":""},"mobile":{"background-color":"","background-image":"","background-repeat":"repeat","background-position":"center center","background-size":"auto","background-attachment":"scroll","background-type":"","background-media":"","overlay-type":"","overlay-color":"","overlay-opacity":"","overlay-gradient":""}},"ast-content-background-meta":{"desktop":{"background-color":"var(--ast-global-color-5)","background-image":"","background-repeat":"repeat","background-position":"center center","background-size":"auto","background-attachment":"scroll","background-type":"","background-media":"","overlay-type":"","overlay-color":"","overlay-opacity":"","overlay-gradient":""},"tablet":{"background-color":"var(--ast-global-color-5)","background-image":"","background-repeat":"repeat","background-position":"center center","background-size":"auto","background-attachment":"scroll","background-type":"","background-media":"","overlay-type":"","overlay-color":"","overlay-opacity":"","overlay-gradient":""},"mobile":{"background-color":"var(--ast-global-color-5)","background-image":"","background-repeat":"repeat","background-position":"center center","background-size":"auto","background-attachment":"scroll","background-type":"","background-media":"","overlay-type":"","overlay-color":"","overlay-opacity":"","overlay-gradient":""}},"_joinchat":[]},"product_brand":[],"product_cat":[505,504],"product_tag":[],"berocket_brand":[774],"class_list":{"0":"post-16456","1":"product","2":"type-product","3":"status-publish","4":"has-post-thumbnail","6":"product_cat-capacetes-premium","7":"product_cat-produtos-premium","8":"berocket_brand-bell","9":"desktop-align-left","10":"tablet-align-left","11":"mobile-align-left","12":"ast-product-gallery-layout-horizontal-slider","13":"ast-product-single-variable","14":"ast-product-tabs-layout-horizontal","16":"first","17":"instock","18":"taxable","19":"shipping-taxable","20":"purchasable","21":"product-type-variable"},"acf":[],"uagb_featured_image_src":{"full":["https:\/\/www.lojadokart.com\/wp-content\/uploads\/2024\/01\/kc7-ev-cmr-bell-helmet-transformed.jpeg",800,800,false],"thumbnail":["https:\/\/www.lojadokart.com\/wp-content\/uploads\/2024\/01\/kc7-ev-cmr-bell-helmet-transformed-150x150.jpeg",150,150,true],"medium":["https:\/\/www.lojadokart.com\/wp-content\/uploads\/2024\/01\/kc7-ev-cmr-bell-helmet-transformed-300x300.jpeg",300,300,true],"medium_large":["https:\/\/www.lojadokart.com\/wp-content\/uploads\/2024\/01\/kc7-ev-cmr-bell-helmet-transformed-768x768.jpeg",768,768,true],"large":["https:\/\/www.lojadokart.com\/wp-content\/uploads\/2024\/01\/kc7-ev-cmr-bell-helmet-transformed.jpeg",800,800,false],"1536x1536":["https:\/\/www.lojadokart.com\/wp-content\/uploads\/2024\/01\/kc7-ev-cmr-bell-helmet-transformed.jpeg",800,800,false],"2048x2048":["https:\/\/www.lojadokart.com\/wp-content\/uploads\/2024\/01\/kc7-ev-cmr-bell-helmet-transformed.jpeg",800,800,false],"woocommerce_thumbnail":["https:\/\/www.lojadokart.com\/wp-content\/uploads\/2024\/01\/kc7-ev-cmr-bell-helmet-transformed-300x300.jpeg",300,300,true],"woocommerce_single":["https:\/\/www.lojadokart.com\/wp-content\/uploads\/2024\/01\/kc7-ev-cmr-bell-helmet-transformed-600x600.jpeg",600,600,true],"woocommerce_gallery_thumbnail":["https:\/\/www.lojadokart.com\/wp-content\/uploads\/2024\/01\/kc7-ev-cmr-bell-helmet-transformed-100x100.jpeg",100,100,true]},"uagb_author_info":{"display_name":"admin","author_link":"https:\/\/www.lojadokart.com\/?author=0"},"uagb_comment_info":0,"uagb_excerpt":"O capacete KC7-EV CMR \u00e9 um capacete muito leve especialmente concebido para jovens pilotos de kart com um campo de vis\u00e3o mais amplo, em compara\u00e7\u00e3o com o capacete BELL KC7 CMR, para uma melhor visibilidade (viseira 20mm mais larga oferecendo 30% mais visibilidade perif\u00e9rica). A carca\u00e7a \u00e9 inteiramente feita de carbono\/kevlar e fibra de vidro&hellip;","_links":{"self":[{"href":"https:\/\/www.lojadokart.com\/index.php?rest_route=\/wp\/v2\/product\/16456","targetHints":{"allow":["GET"]}}],"collection":[{"href":"https:\/\/www.lojadokart.com\/index.php?rest_route=\/wp\/v2\/product"}],"about":[{"href":"https:\/\/www.lojadokart.com\/index.php?rest_route=\/wp\/v2\/types\/product"}],"wp:featuredmedia":[{"embeddable":true,"href":"https:\/\/www.lojadokart.com\/index.php?rest_route=\/wp\/v2\/media\/16463"}],"wp:attachment":[{"href":"https:\/\/www.lojadokart.com\/index.php?rest_route=%2Fwp%2Fv2%2Fmedia&parent=16456"}],"wp:term":[{"taxonomy":"product_brand","embeddable":true,"href":"https:\/\/www.lojadokart.com\/index.php?rest_route=%2Fwp%2Fv2%2Fproduct_brand&post=16456"},{"taxonomy":"product_cat","embeddable":true,"href":"https:\/\/www.lojadokart.com\/index.php?rest_route=%2Fwp%2Fv2%2Fproduct_cat&post=16456"},{"taxonomy":"product_tag","embeddable":true,"href":"https:\/\/www.lojadokart.com\/index.php?rest_route=%2Fwp%2Fv2%2Fproduct_tag&post=16456"},{"taxonomy":"berocket_brand","embeddable":true,"href":"https:\/\/www.lojadokart.com\/index.php?rest_route=%2Fwp%2Fv2%2Fberocket_brand&post=16456"}],"curies":[{"name":"wp","href":"https:\/\/api.w.org\/{rel}","templated":true}]}}