{"id":16470,"date":"2024-01-19T12:44:54","date_gmt":"2024-01-19T12:44:54","guid":{"rendered":"https:\/\/www.lojadokart.com\/?post_type=product&#038;p=16470"},"modified":"2026-04-10T04:02:20","modified_gmt":"2026-04-10T03:02:20","slug":"capacete-bell-rs7-k-carbon","status":"publish","type":"product","link":"https:\/\/www.lojadokart.com\/?product=capacete-bell-rs7-k-carbon","title":{"rendered":"RS7-K CARBON BELL HELMET &#8211; FIA 8878-2024"},"content":{"rendered":"<p>Baseado no design do HP7 e apresentando um inv\u00f3lucro leve de composto de carbono, o RS7-K Carbon usa um design inovador de inv\u00f3lucro e escudo para melhorar o conforto ac\u00fastico e, ao mesmo tempo, melhorar o desempenho aerodin\u00e2mico e as capacidades de absor\u00e7\u00e3o de energia.<br \/>\nO design elegante e moderno apresenta um sistema de ventila\u00e7\u00e3o avan\u00e7ado, viseira antiemba\u00e7ante de tela dupla (DSAF) e uma veda\u00e7\u00e3o de borracha garantindo que a \u00e1gua n\u00e3o entre na abertura dos olhos em condi\u00e7\u00f5es de chuva.<\/p>\n<p>&#8211; Carca\u00e7a leve composta de carbono<br \/>\nForro avan\u00e7ado de m\u00faltiplas densidades e pe\u00e7as para maximizar a absor\u00e7\u00e3o de energia e desempenho de impacto<br \/>\nViseira antiemba\u00e7ante de tela dupla moldada por inje\u00e7\u00e3o de grau \u00f3ptico (DSAF) para controle antiemba\u00e7ante e visibilidade superior<br \/>\n&#8211; Potente e eficaz sistema de ventila\u00e7\u00e3o superior e de queixo com 14 canais de entrada e extra\u00e7\u00e3o de ar para ventila\u00e7\u00e3o m\u00e1xima<br \/>\n&#8211; Design de casco e escudo otimizado para melhorar o desempenho aerodin\u00e2mico, reduzir o ru\u00eddo interno e melhorar as capacidades de gerenciamento de energia<br \/>\n&#8211; Forro n\u00e3o ign\u00edfugo para maior durabilidade<br \/>\n&#8211; Junta de veda\u00e7\u00e3o de borracha sint\u00e9tica para evitar a entrada de sujeira e \u00e1gua no capacete<br \/>\nRS7 K Carbon N\u00c3O \u00e9 compat\u00edvel com sistemas ou dispositivos de \u00e2ncora FHR<br \/>\n&#8211; Entrada de ar, spoiler traseiro e macas para prote\u00e7\u00e3o do queixo dispon\u00edveis separadamente<\/p>\n<p>SNELL K2020 aprovado.<\/p>\n<p>N\u00e3o aprovado na estrada.<\/p>\n<p>Viseiras originais do fabricante BELL.<\/p>\n","protected":false},"excerpt":{"rendered":"<p>Baseado no design do HP7 e apresentando um inv\u00f3lucro leve de composto de carbono, o RS7-K Carbon usa um design inovador de inv\u00f3lucro e escudo para melhorar o conforto ac\u00fastico e, ao mesmo tempo, melhorar o desempenho aerodin\u00e2mico e as capacidades de absor\u00e7\u00e3o de energia. O design elegante e moderno apresenta um sistema de ventila\u00e7\u00e3o [&hellip;]<\/p>\n","protected":false},"featured_media":16479,"template":"","meta":{"_acf_changed":false,"_eb_attr":"","_uag_custom_page_level_css":"","_monsterinsights_skip_tracking":false,"_monsterinsights_sitenote_active":false,"_monsterinsights_sitenote_note":"","_monsterinsights_sitenote_category":0,"site-sidebar-layout":"default","site-content-layout":"","ast-site-content-layout":"default","site-content-style":"default","site-sidebar-style":"default","ast-global-header-display":"","ast-banner-title-visibility":"","ast-main-header-display":"","ast-hfb-above-header-display":"","ast-hfb-below-header-display":"","ast-hfb-mobile-header-display":"","site-post-title":"","ast-breadcrumbs-content":"","ast-featured-img":"","footer-sml-layout":"","ast-disable-related-posts":"","theme-transparent-header-meta":"default","adv-header-id-meta":"","stick-header-meta":"default","header-above-stick-meta":"","header-main-stick-meta":"","header-below-stick-meta":"","astra-migrate-meta-layouts":"set","ast-page-background-enabled":"default","ast-page-background-meta":{"desktop":{"background-color":"","background-image":"","background-repeat":"repeat","background-position":"center center","background-size":"auto","background-attachment":"scroll","background-type":"","background-media":"","overlay-type":"","overlay-color":"","overlay-opacity":"","overlay-gradient":""},"tablet":{"background-color":"","background-image":"","background-repeat":"repeat","background-position":"center center","background-size":"auto","background-attachment":"scroll","background-type":"","background-media":"","overlay-type":"","overlay-color":"","overlay-opacity":"","overlay-gradient":""},"mobile":{"background-color":"","background-image":"","background-repeat":"repeat","background-position":"center center","background-size":"auto","background-attachment":"scroll","background-type":"","background-media":"","overlay-type":"","overlay-color":"","overlay-opacity":"","overlay-gradient":""}},"ast-content-background-meta":{"desktop":{"background-color":"var(--ast-global-color-5)","background-image":"","background-repeat":"repeat","background-position":"center center","background-size":"auto","background-attachment":"scroll","background-type":"","background-media":"","overlay-type":"","overlay-color":"","overlay-opacity":"","overlay-gradient":""},"tablet":{"background-color":"var(--ast-global-color-5)","background-image":"","background-repeat":"repeat","background-position":"center center","background-size":"auto","background-attachment":"scroll","background-type":"","background-media":"","overlay-type":"","overlay-color":"","overlay-opacity":"","overlay-gradient":""},"mobile":{"background-color":"var(--ast-global-color-5)","background-image":"","background-repeat":"repeat","background-position":"center center","background-size":"auto","background-attachment":"scroll","background-type":"","background-media":"","overlay-type":"","overlay-color":"","overlay-opacity":"","overlay-gradient":""}},"_joinchat":[]},"product_brand":[],"product_cat":[505,504],"product_tag":[],"berocket_brand":[774],"class_list":{"0":"post-16470","1":"product","2":"type-product","3":"status-publish","4":"has-post-thumbnail","6":"product_cat-capacetes-premium","7":"product_cat-produtos-premium","8":"berocket_brand-bell","9":"desktop-align-left","10":"tablet-align-left","11":"mobile-align-left","12":"ast-product-gallery-layout-horizontal-slider","13":"ast-product-gallery-with-no-image","14":"ast-product-single-variable","15":"ast-product-tabs-layout-horizontal","17":"first","18":"instock","19":"taxable","20":"shipping-taxable","21":"purchasable","22":"product-type-variable"},"acf":[],"uagb_featured_image_src":{"full":["https:\/\/www.lojadokart.com\/wp-content\/uploads\/2024\/01\/rs7-k-carbon-bell-helmet.jpg",800,800,false],"thumbnail":["https:\/\/www.lojadokart.com\/wp-content\/uploads\/2024\/01\/rs7-k-carbon-bell-helmet-150x150.jpg",150,150,true],"medium":["https:\/\/www.lojadokart.com\/wp-content\/uploads\/2024\/01\/rs7-k-carbon-bell-helmet-300x300.jpg",300,300,true],"medium_large":["https:\/\/www.lojadokart.com\/wp-content\/uploads\/2024\/01\/rs7-k-carbon-bell-helmet-768x768.jpg",768,768,true],"large":["https:\/\/www.lojadokart.com\/wp-content\/uploads\/2024\/01\/rs7-k-carbon-bell-helmet.jpg",800,800,false],"1536x1536":["https:\/\/www.lojadokart.com\/wp-content\/uploads\/2024\/01\/rs7-k-carbon-bell-helmet.jpg",800,800,false],"2048x2048":["https:\/\/www.lojadokart.com\/wp-content\/uploads\/2024\/01\/rs7-k-carbon-bell-helmet.jpg",800,800,false],"woocommerce_thumbnail":["https:\/\/www.lojadokart.com\/wp-content\/uploads\/2024\/01\/rs7-k-carbon-bell-helmet-300x300.jpg",300,300,true],"woocommerce_single":["https:\/\/www.lojadokart.com\/wp-content\/uploads\/2024\/01\/rs7-k-carbon-bell-helmet-600x600.jpg",600,600,true],"woocommerce_gallery_thumbnail":["https:\/\/www.lojadokart.com\/wp-content\/uploads\/2024\/01\/rs7-k-carbon-bell-helmet-100x100.jpg",100,100,true]},"uagb_author_info":{"display_name":"admin","author_link":"https:\/\/www.lojadokart.com\/?author=0"},"uagb_comment_info":0,"uagb_excerpt":"Baseado no design do HP7 e apresentando um inv\u00f3lucro leve de composto de carbono, o RS7-K Carbon usa um design inovador de inv\u00f3lucro e escudo para melhorar o conforto ac\u00fastico e, ao mesmo tempo, melhorar o desempenho aerodin\u00e2mico e as capacidades de absor\u00e7\u00e3o de energia. O design elegante e moderno apresenta um sistema de ventila\u00e7\u00e3o&hellip;","_links":{"self":[{"href":"https:\/\/www.lojadokart.com\/index.php?rest_route=\/wp\/v2\/product\/16470","targetHints":{"allow":["GET"]}}],"collection":[{"href":"https:\/\/www.lojadokart.com\/index.php?rest_route=\/wp\/v2\/product"}],"about":[{"href":"https:\/\/www.lojadokart.com\/index.php?rest_route=\/wp\/v2\/types\/product"}],"wp:featuredmedia":[{"embeddable":true,"href":"https:\/\/www.lojadokart.com\/index.php?rest_route=\/wp\/v2\/media\/16479"}],"wp:attachment":[{"href":"https:\/\/www.lojadokart.com\/index.php?rest_route=%2Fwp%2Fv2%2Fmedia&parent=16470"}],"wp:term":[{"taxonomy":"product_brand","embeddable":true,"href":"https:\/\/www.lojadokart.com\/index.php?rest_route=%2Fwp%2Fv2%2Fproduct_brand&post=16470"},{"taxonomy":"product_cat","embeddable":true,"href":"https:\/\/www.lojadokart.com\/index.php?rest_route=%2Fwp%2Fv2%2Fproduct_cat&post=16470"},{"taxonomy":"product_tag","embeddable":true,"href":"https:\/\/www.lojadokart.com\/index.php?rest_route=%2Fwp%2Fv2%2Fproduct_tag&post=16470"},{"taxonomy":"berocket_brand","embeddable":true,"href":"https:\/\/www.lojadokart.com\/index.php?rest_route=%2Fwp%2Fv2%2Fberocket_brand&post=16470"}],"curies":[{"name":"wp","href":"https:\/\/api.w.org\/{rel}","templated":true}]}}