{"id":16488,"date":"2024-01-19T13:37:15","date_gmt":"2024-01-19T13:37:15","guid":{"rendered":"https:\/\/www.lojadokart.com\/?post_type=product&#038;p=16488"},"modified":"2026-04-10T04:02:20","modified_gmt":"2026-04-10T03:02:20","slug":"capacete-kc7-cmr-fernando-alonso","status":"publish","type":"product","link":"https:\/\/www.lojadokart.com\/?product=capacete-kc7-cmr-fernando-alonso","title":{"rendered":"CAPACETE BELL &#8211; KC7-CMR CHAMPION"},"content":{"rendered":"<p data-start=\"0\" data-end=\"520\">Cada jovem piloto sonha em tornar-se o pr\u00f3ximo campe\u00e3o. O nosso design reflete essa ambi\u00e7\u00e3o, combinando linhas modernas e din\u00e2micas com elementos cl\u00e1ssicos inspirados nos capacetes das lendas do desporto motorizado.<br data-start=\"215\" data-end=\"218\" \/>Compreendemos a aspira\u00e7\u00e3o dos novos e jovens pilotos em identificar-se com os grandes campe\u00f5es que os precederam. Por isso, o nosso design presta homenagem a essas figuras ic\u00f3nicas, despertando a paix\u00e3o e a determina\u00e7\u00e3o de cada piloto principiante para perseguir as suas pr\u00f3prias ambi\u00e7\u00f5es de vit\u00f3ria.<\/p>\n<p data-start=\"522\" data-end=\"1213\">O <strong data-start=\"524\" data-end=\"535\">KC7 CMR<\/strong> \u00e9 um capacete de karting ultraleve, concebido para jovens pilotos, baseado na plataforma <strong data-start=\"625\" data-end=\"632\">HP7<\/strong>, comprovada na F1. O seu design elegante e aerodin\u00e2mico incorpora um sistema de ventila\u00e7\u00e3o avan\u00e7ado, utiliz\u00e1vel com ou sem entradas de ar, para otimizar o arrefecimento. Est\u00e1 tamb\u00e9m equipado com uma viseira dupla anti-embaciamento (DSAF), que elimina qualquer forma\u00e7\u00e3o de vapor.<br data-start=\"911\" data-end=\"914\" \/>O <strong data-start=\"916\" data-end=\"932\">Bell KC7-CMR<\/strong> est\u00e1 homologado de acordo com as normas <strong data-start=\"973\" data-end=\"990\">SNELL CMR2016<\/strong> (a norma CMR \u00e9 obrigat\u00f3ria para pilotos de kart com menos de 15 anos em competi\u00e7\u00f5es <strong data-start=\"1075\" data-end=\"1086\">CIK\/FIA<\/strong>).<br data-start=\"1088\" data-end=\"1091\" \/>Tamb\u00e9m recomendado pela <strong data-start=\"1115\" data-end=\"1123\">FFSA<\/strong> para pilotos de kart com menos de 15 anos.<br data-start=\"1166\" data-end=\"1169\" \/>Capacete igualmente utilizado por adultos.<\/p>\n<p data-start=\"1215\" data-end=\"2195\"><strong data-start=\"1215\" data-end=\"1235\">Caracter\u00edsticas:<\/strong><br data-start=\"1235\" data-end=\"1238\" \/>\u2022 Calota composta de fibra de carbono e fibra de vidro ultraleve:<br data-start=\"1303\" data-end=\"1306\" \/>Peso: <strong data-start=\"1312\" data-end=\"1323\">1.185 g<\/strong> (tamanhos 52 a 56) e <strong data-start=\"1345\" data-end=\"1356\">1.230 g<\/strong> (tamanhos 57 a 59) (+\/- 3%)<br data-start=\"1384\" data-end=\"1387\" \/>\u2022 Forro interior multi-densidade e multi-pe\u00e7a para m\u00e1xima absor\u00e7\u00e3o de energia e prote\u00e7\u00e3o ideal contra impactos<br data-start=\"1497\" data-end=\"1500\" \/>\u2022 Viseira injetada com \u00f3tica de qualidade <strong data-start=\"1542\" data-end=\"1579\">Double Screen Anti-Fog (DSAF) 2MM<\/strong>, para controlo eficaz do embaciamento e visibilidade ideal<br data-start=\"1638\" data-end=\"1641\" \/>\u2022 Sistema de ventila\u00e7\u00e3o potente e eficiente, com <strong data-start=\"1690\" data-end=\"1731\">14 canais de entrada e extra\u00e7\u00e3o de ar<\/strong> localizados na parte superior e na prote\u00e7\u00e3o do queixo, garantindo m\u00e1xima circula\u00e7\u00e3o de ar<br data-start=\"1821\" data-end=\"1824\" \/>\u2022 Design otimizado da calota e da viseira para melhorar a aerodin\u00e2mica, reduzir o ru\u00eddo interno e otimizar a gest\u00e3o de energia<br data-start=\"1950\" data-end=\"1953\" \/>\u2022 Veda\u00e7\u00e3o em borracha sint\u00e9tica que impede a entrada de p\u00f3 e \u00e1gua no capacete<br data-start=\"2030\" data-end=\"2033\" \/>\u2022 Conjunto de viseira e piv\u00f4s: <strong data-start=\"2064\" data-end=\"2086\">SE07 2MM, SV(SE07)<\/strong> (compat\u00edvel apenas com a gama KC7)<br data-start=\"2121\" data-end=\"2124\" \/>\u2022 Tecido preto de alta resist\u00eancia \u2013 grande conforto, couro sint\u00e9tico<\/p>\n<p data-start=\"2197\" data-end=\"2238\"><strong data-start=\"2197\" data-end=\"2236\">N\u00e3o homologado para uso em estrada.<\/strong><\/p>\n<p data-start=\"2240\" data-end=\"2284\">Viseiras originais do fabricante <strong data-start=\"2273\" data-end=\"2281\">BELL<\/strong>.<\/p>\n<p data-start=\"2286\" data-end=\"2372\">Entrada de ar frontal, aileron traseiro e aileron frontal dispon\u00edveis separadamente.<\/p>\n<p data-start=\"2374\" data-end=\"2392\"><strong data-start=\"2374\" data-end=\"2382\">Cor:<\/strong> Amarelo<\/p>\n<p data-start=\"2394\" data-end=\"2409\"><strong data-start=\"2394\" data-end=\"2407\">Tamanhos:<\/strong><\/p>\n<ul data-start=\"2410\" data-end=\"2483\" data-is-last-node=\"\" data-is-only-node=\"\">\n<li data-start=\"2410\" data-end=\"2422\">\n<p data-start=\"2412\" data-end=\"2422\">54 (XXS)<\/p>\n<\/li>\n<li data-start=\"2423\" data-end=\"2438\">\n<p data-start=\"2425\" data-end=\"2438\">55 (XXS\/XS)<\/p>\n<\/li>\n<li data-start=\"2439\" data-end=\"2450\">\n<p data-start=\"2441\" data-end=\"2450\">56 (XS)<\/p>\n<\/li>\n<li data-start=\"2451\" data-end=\"2461\">\n<p data-start=\"2453\" data-end=\"2461\">57 (S)<\/p>\n<\/li>\n<li data-start=\"2462\" data-end=\"2472\">\n<p data-start=\"2464\" data-end=\"2472\">58 (M)<\/p>\n<\/li>\n<li data-start=\"2473\" data-end=\"2483\" data-is-last-node=\"\">\n<p data-start=\"2475\" data-end=\"2483\" data-is-last-node=\"\">59 (M\/L)<\/p>\n<\/li>\n<\/ul>\n","protected":false},"excerpt":{"rendered":"<p>Cada jovem piloto sonha em tornar-se o pr\u00f3ximo campe\u00e3o. O nosso design reflete essa ambi\u00e7\u00e3o, combinando linhas modernas e din\u00e2micas com elementos cl\u00e1ssicos inspirados nos capacetes das lendas do desporto motorizado.Compreendemos a aspira\u00e7\u00e3o dos novos e jovens pilotos em identificar-se com os grandes campe\u00f5es que os precederam. Por isso, o nosso design presta homenagem a [&hellip;]<\/p>\n","protected":false},"featured_media":22389,"template":"","meta":{"_acf_changed":false,"_eb_attr":"","_uag_custom_page_level_css":"","_monsterinsights_skip_tracking":false,"_monsterinsights_sitenote_active":false,"_monsterinsights_sitenote_note":"","_monsterinsights_sitenote_category":0,"site-sidebar-layout":"default","site-content-layout":"","ast-site-content-layout":"default","site-content-style":"default","site-sidebar-style":"default","ast-global-header-display":"","ast-banner-title-visibility":"","ast-main-header-display":"","ast-hfb-above-header-display":"","ast-hfb-below-header-display":"","ast-hfb-mobile-header-display":"","site-post-title":"","ast-breadcrumbs-content":"","ast-featured-img":"","footer-sml-layout":"","ast-disable-related-posts":"","theme-transparent-header-meta":"default","adv-header-id-meta":"","stick-header-meta":"default","header-above-stick-meta":"","header-main-stick-meta":"","header-below-stick-meta":"","astra-migrate-meta-layouts":"set","ast-page-background-enabled":"default","ast-page-background-meta":{"desktop":{"background-color":"","background-image":"","background-repeat":"repeat","background-position":"center center","background-size":"auto","background-attachment":"scroll","background-type":"","background-media":"","overlay-type":"","overlay-color":"","overlay-opacity":"","overlay-gradient":""},"tablet":{"background-color":"","background-image":"","background-repeat":"repeat","background-position":"center center","background-size":"auto","background-attachment":"scroll","background-type":"","background-media":"","overlay-type":"","overlay-color":"","overlay-opacity":"","overlay-gradient":""},"mobile":{"background-color":"","background-image":"","background-repeat":"repeat","background-position":"center center","background-size":"auto","background-attachment":"scroll","background-type":"","background-media":"","overlay-type":"","overlay-color":"","overlay-opacity":"","overlay-gradient":""}},"ast-content-background-meta":{"desktop":{"background-color":"var(--ast-global-color-5)","background-image":"","background-repeat":"repeat","background-position":"center center","background-size":"auto","background-attachment":"scroll","background-type":"","background-media":"","overlay-type":"","overlay-color":"","overlay-opacity":"","overlay-gradient":""},"tablet":{"background-color":"var(--ast-global-color-5)","background-image":"","background-repeat":"repeat","background-position":"center center","background-size":"auto","background-attachment":"scroll","background-type":"","background-media":"","overlay-type":"","overlay-color":"","overlay-opacity":"","overlay-gradient":""},"mobile":{"background-color":"var(--ast-global-color-5)","background-image":"","background-repeat":"repeat","background-position":"center center","background-size":"auto","background-attachment":"scroll","background-type":"","background-media":"","overlay-type":"","overlay-color":"","overlay-opacity":"","overlay-gradient":""}},"_joinchat":[]},"product_brand":[],"product_cat":[505,504],"product_tag":[],"berocket_brand":[774],"class_list":{"0":"post-16488","1":"product","2":"type-product","3":"status-publish","4":"has-post-thumbnail","6":"product_cat-capacetes-premium","7":"product_cat-produtos-premium","8":"berocket_brand-bell","9":"desktop-align-left","10":"tablet-align-left","11":"mobile-align-left","12":"ast-product-gallery-layout-horizontal-slider","13":"ast-product-single-variable","14":"ast-product-tabs-layout-horizontal","16":"first","17":"instock","18":"taxable","19":"shipping-taxable","20":"purchasable","21":"product-type-variable"},"acf":[],"uagb_featured_image_src":{"full":["https:\/\/www.lojadokart.com\/wp-content\/uploads\/2024\/01\/kc7-cmr-yellow-champion-bell-helmet.webp",800,800,false],"thumbnail":["https:\/\/www.lojadokart.com\/wp-content\/uploads\/2024\/01\/kc7-cmr-yellow-champion-bell-helmet-150x150.webp",150,150,true],"medium":["https:\/\/www.lojadokart.com\/wp-content\/uploads\/2024\/01\/kc7-cmr-yellow-champion-bell-helmet-300x300.webp",300,300,true],"medium_large":["https:\/\/www.lojadokart.com\/wp-content\/uploads\/2024\/01\/kc7-cmr-yellow-champion-bell-helmet-768x768.webp",768,768,true],"large":["https:\/\/www.lojadokart.com\/wp-content\/uploads\/2024\/01\/kc7-cmr-yellow-champion-bell-helmet.webp",800,800,false],"1536x1536":["https:\/\/www.lojadokart.com\/wp-content\/uploads\/2024\/01\/kc7-cmr-yellow-champion-bell-helmet.webp",800,800,false],"2048x2048":["https:\/\/www.lojadokart.com\/wp-content\/uploads\/2024\/01\/kc7-cmr-yellow-champion-bell-helmet.webp",800,800,false],"woocommerce_thumbnail":["https:\/\/www.lojadokart.com\/wp-content\/uploads\/2024\/01\/kc7-cmr-yellow-champion-bell-helmet-300x300.webp",300,300,true],"woocommerce_single":["https:\/\/www.lojadokart.com\/wp-content\/uploads\/2024\/01\/kc7-cmr-yellow-champion-bell-helmet-600x600.webp",600,600,true],"woocommerce_gallery_thumbnail":["https:\/\/www.lojadokart.com\/wp-content\/uploads\/2024\/01\/kc7-cmr-yellow-champion-bell-helmet-100x100.webp",100,100,true]},"uagb_author_info":{"display_name":"admin","author_link":"https:\/\/www.lojadokart.com\/?author=0"},"uagb_comment_info":0,"uagb_excerpt":"Cada jovem piloto sonha em tornar-se o pr\u00f3ximo campe\u00e3o. O nosso design reflete essa ambi\u00e7\u00e3o, combinando linhas modernas e din\u00e2micas com elementos cl\u00e1ssicos inspirados nos capacetes das lendas do desporto motorizado.Compreendemos a aspira\u00e7\u00e3o dos novos e jovens pilotos em identificar-se com os grandes campe\u00f5es que os precederam. Por isso, o nosso design presta homenagem a&hellip;","_links":{"self":[{"href":"https:\/\/www.lojadokart.com\/index.php?rest_route=\/wp\/v2\/product\/16488","targetHints":{"allow":["GET"]}}],"collection":[{"href":"https:\/\/www.lojadokart.com\/index.php?rest_route=\/wp\/v2\/product"}],"about":[{"href":"https:\/\/www.lojadokart.com\/index.php?rest_route=\/wp\/v2\/types\/product"}],"wp:featuredmedia":[{"embeddable":true,"href":"https:\/\/www.lojadokart.com\/index.php?rest_route=\/wp\/v2\/media\/22389"}],"wp:attachment":[{"href":"https:\/\/www.lojadokart.com\/index.php?rest_route=%2Fwp%2Fv2%2Fmedia&parent=16488"}],"wp:term":[{"taxonomy":"product_brand","embeddable":true,"href":"https:\/\/www.lojadokart.com\/index.php?rest_route=%2Fwp%2Fv2%2Fproduct_brand&post=16488"},{"taxonomy":"product_cat","embeddable":true,"href":"https:\/\/www.lojadokart.com\/index.php?rest_route=%2Fwp%2Fv2%2Fproduct_cat&post=16488"},{"taxonomy":"product_tag","embeddable":true,"href":"https:\/\/www.lojadokart.com\/index.php?rest_route=%2Fwp%2Fv2%2Fproduct_tag&post=16488"},{"taxonomy":"berocket_brand","embeddable":true,"href":"https:\/\/www.lojadokart.com\/index.php?rest_route=%2Fwp%2Fv2%2Fberocket_brand&post=16488"}],"curies":[{"name":"wp","href":"https:\/\/api.w.org\/{rel}","templated":true}]}}