{"id":16553,"date":"2024-01-19T16:09:13","date_gmt":"2024-01-19T16:09:13","guid":{"rendered":"https:\/\/www.lojadokart.com\/?post_type=product&#038;p=16553"},"modified":"2026-04-13T04:00:30","modified_gmt":"2026-04-13T03:00:30","slug":"capacete-stilo-st5fn-krt","status":"publish","type":"product","link":"https:\/\/www.lojadokart.com\/?product=capacete-stilo-st5fn-krt","title":{"rendered":"CAPACETE &#8211; STILO ST5FN KRT"},"content":{"rendered":"<p>O capacete Stilo ST5FN KRT \u00e9 um capacete de kart derivado diretamente dos modelos de capacete de corrida Stilo que dominam os mais altos n\u00edveis de corrida.<\/p>\n<p>O conforto, leveza e campo de vis\u00e3o fazem deste capacete um capacete popular para pilotos de kart.<\/p>\n<p>CARACTER\u00cdSTICAS:<br \/>\n&#8211; Totalmente ajust\u00e1vel para um ajuste perfeito<br \/>\n&#8211; Grande campo de vis\u00e3o para uma boa vis\u00e3o<br \/>\n&#8211; Aerodin\u00e2mica excepcional com kits aero dispon\u00edveis<br \/>\n&#8211; Mecanismo patenteado de travamento da viseira de 2 posi\u00e7\u00f5es<br \/>\n&#8211; Fluxo de ar excepcional<br \/>\n&#8211; Constru\u00e7\u00e3o leve: 1500 gramas para os tamanhos 54\/55\/57 e 1650 gramas para os tamanhos 57 a 63 (\u00b1 30g)<\/p>\n<p>N\u00e3o aprovado para uso rodovi\u00e1rio.<\/p>\n<p>Vers\u00e3o branca \/ Interior preto<\/p>\n<p>Tamanhos:<br \/>\nXS: 54 cm<br \/>\nS: 55 cm<br \/>\nM: 57 cm<br \/>\nL: 59 cm<\/p>\n<p>L+: 60 cm<\/p>\n<p>XL: 61 cm<br \/>\nXXL: 63 cm<\/p>\n","protected":false},"excerpt":{"rendered":"<p>O capacete Stilo ST5FN KRT \u00e9 um capacete de kart derivado diretamente dos modelos de capacete de corrida Stilo que dominam os mais altos n\u00edveis de corrida. O conforto, leveza e campo de vis\u00e3o fazem deste capacete um capacete popular para pilotos de kart. CARACTER\u00cdSTICAS: &#8211; Totalmente ajust\u00e1vel para um ajuste perfeito &#8211; Grande campo [&hellip;]<\/p>\n","protected":false},"featured_media":22376,"template":"","meta":{"_acf_changed":false,"_eb_attr":"","_uag_custom_page_level_css":"","_monsterinsights_skip_tracking":false,"_monsterinsights_sitenote_active":false,"_monsterinsights_sitenote_note":"","_monsterinsights_sitenote_category":0,"site-sidebar-layout":"default","site-content-layout":"","ast-site-content-layout":"default","site-content-style":"default","site-sidebar-style":"default","ast-global-header-display":"","ast-banner-title-visibility":"","ast-main-header-display":"","ast-hfb-above-header-display":"","ast-hfb-below-header-display":"","ast-hfb-mobile-header-display":"","site-post-title":"","ast-breadcrumbs-content":"","ast-featured-img":"","footer-sml-layout":"","ast-disable-related-posts":"","theme-transparent-header-meta":"default","adv-header-id-meta":"","stick-header-meta":"default","header-above-stick-meta":"","header-main-stick-meta":"","header-below-stick-meta":"","astra-migrate-meta-layouts":"set","ast-page-background-enabled":"default","ast-page-background-meta":{"desktop":{"background-color":"","background-image":"","background-repeat":"repeat","background-position":"center center","background-size":"auto","background-attachment":"scroll","background-type":"","background-media":"","overlay-type":"","overlay-color":"","overlay-opacity":"","overlay-gradient":""},"tablet":{"background-color":"","background-image":"","background-repeat":"repeat","background-position":"center center","background-size":"auto","background-attachment":"scroll","background-type":"","background-media":"","overlay-type":"","overlay-color":"","overlay-opacity":"","overlay-gradient":""},"mobile":{"background-color":"","background-image":"","background-repeat":"repeat","background-position":"center center","background-size":"auto","background-attachment":"scroll","background-type":"","background-media":"","overlay-type":"","overlay-color":"","overlay-opacity":"","overlay-gradient":""}},"ast-content-background-meta":{"desktop":{"background-color":"var(--ast-global-color-5)","background-image":"","background-repeat":"repeat","background-position":"center center","background-size":"auto","background-attachment":"scroll","background-type":"","background-media":"","overlay-type":"","overlay-color":"","overlay-opacity":"","overlay-gradient":""},"tablet":{"background-color":"var(--ast-global-color-5)","background-image":"","background-repeat":"repeat","background-position":"center center","background-size":"auto","background-attachment":"scroll","background-type":"","background-media":"","overlay-type":"","overlay-color":"","overlay-opacity":"","overlay-gradient":""},"mobile":{"background-color":"var(--ast-global-color-5)","background-image":"","background-repeat":"repeat","background-position":"center center","background-size":"auto","background-attachment":"scroll","background-type":"","background-media":"","overlay-type":"","overlay-color":"","overlay-opacity":"","overlay-gradient":""}},"_joinchat":[]},"product_brand":[],"product_cat":[505,504],"product_tag":[],"berocket_brand":[773],"class_list":{"0":"post-16553","1":"product","2":"type-product","3":"status-publish","4":"has-post-thumbnail","6":"product_cat-capacetes-premium","7":"product_cat-produtos-premium","8":"berocket_brand-stilo","9":"desktop-align-left","10":"tablet-align-left","11":"mobile-align-left","12":"ast-product-gallery-layout-horizontal-slider","13":"ast-product-single-variable","14":"ast-product-tabs-layout-horizontal","16":"first","17":"outofstock","18":"taxable","19":"shipping-taxable","20":"purchasable","21":"product-type-variable"},"acf":[],"uagb_featured_image_src":{"full":["https:\/\/www.lojadokart.com\/wp-content\/uploads\/2024\/01\/st5fn-krt-stilo-helmet-2.webp",800,800,false],"thumbnail":["https:\/\/www.lojadokart.com\/wp-content\/uploads\/2024\/01\/st5fn-krt-stilo-helmet-2-150x150.webp",150,150,true],"medium":["https:\/\/www.lojadokart.com\/wp-content\/uploads\/2024\/01\/st5fn-krt-stilo-helmet-2-300x300.webp",300,300,true],"medium_large":["https:\/\/www.lojadokart.com\/wp-content\/uploads\/2024\/01\/st5fn-krt-stilo-helmet-2-768x768.webp",768,768,true],"large":["https:\/\/www.lojadokart.com\/wp-content\/uploads\/2024\/01\/st5fn-krt-stilo-helmet-2.webp",800,800,false],"1536x1536":["https:\/\/www.lojadokart.com\/wp-content\/uploads\/2024\/01\/st5fn-krt-stilo-helmet-2.webp",800,800,false],"2048x2048":["https:\/\/www.lojadokart.com\/wp-content\/uploads\/2024\/01\/st5fn-krt-stilo-helmet-2.webp",800,800,false],"woocommerce_thumbnail":["https:\/\/www.lojadokart.com\/wp-content\/uploads\/2024\/01\/st5fn-krt-stilo-helmet-2-300x300.webp",300,300,true],"woocommerce_single":["https:\/\/www.lojadokart.com\/wp-content\/uploads\/2024\/01\/st5fn-krt-stilo-helmet-2-600x600.webp",600,600,true],"woocommerce_gallery_thumbnail":["https:\/\/www.lojadokart.com\/wp-content\/uploads\/2024\/01\/st5fn-krt-stilo-helmet-2-100x100.webp",100,100,true]},"uagb_author_info":{"display_name":"admin","author_link":"https:\/\/www.lojadokart.com\/?author=0"},"uagb_comment_info":0,"uagb_excerpt":"O capacete Stilo ST5FN KRT \u00e9 um capacete de kart derivado diretamente dos modelos de capacete de corrida Stilo que dominam os mais altos n\u00edveis de corrida. O conforto, leveza e campo de vis\u00e3o fazem deste capacete um capacete popular para pilotos de kart. CARACTER\u00cdSTICAS: &#8211; Totalmente ajust\u00e1vel para um ajuste perfeito &#8211; Grande campo&hellip;","_links":{"self":[{"href":"https:\/\/www.lojadokart.com\/index.php?rest_route=\/wp\/v2\/product\/16553","targetHints":{"allow":["GET"]}}],"collection":[{"href":"https:\/\/www.lojadokart.com\/index.php?rest_route=\/wp\/v2\/product"}],"about":[{"href":"https:\/\/www.lojadokart.com\/index.php?rest_route=\/wp\/v2\/types\/product"}],"wp:featuredmedia":[{"embeddable":true,"href":"https:\/\/www.lojadokart.com\/index.php?rest_route=\/wp\/v2\/media\/22376"}],"wp:attachment":[{"href":"https:\/\/www.lojadokart.com\/index.php?rest_route=%2Fwp%2Fv2%2Fmedia&parent=16553"}],"wp:term":[{"taxonomy":"product_brand","embeddable":true,"href":"https:\/\/www.lojadokart.com\/index.php?rest_route=%2Fwp%2Fv2%2Fproduct_brand&post=16553"},{"taxonomy":"product_cat","embeddable":true,"href":"https:\/\/www.lojadokart.com\/index.php?rest_route=%2Fwp%2Fv2%2Fproduct_cat&post=16553"},{"taxonomy":"product_tag","embeddable":true,"href":"https:\/\/www.lojadokart.com\/index.php?rest_route=%2Fwp%2Fv2%2Fproduct_tag&post=16553"},{"taxonomy":"berocket_brand","embeddable":true,"href":"https:\/\/www.lojadokart.com\/index.php?rest_route=%2Fwp%2Fv2%2Fberocket_brand&post=16553"}],"curies":[{"name":"wp","href":"https:\/\/api.w.org\/{rel}","templated":true}]}}