{"id":21599,"date":"2025-07-09T17:36:20","date_gmt":"2025-07-09T16:36:20","guid":{"rendered":"https:\/\/www.lojadokart.com\/?post_type=product&#038;p=21599"},"modified":"2026-04-30T05:13:05","modified_gmt":"2026-04-30T04:13:05","slug":"imola-rs2","status":"publish","type":"product","link":"https:\/\/www.lojadokart.com\/?product=imola-rs2","title":{"rendered":"IMOLA RS2"},"content":{"rendered":"<p data-start=\"81\" data-end=\"379\">O fato Speed Racewear IMOLA RS2 combina qualidade superior, conforto e tecnologia moderna para os entusiastas de karting mais exigentes. Este modelo topo de gama foi especialmente desenvolvido para karting e apresenta uma constru\u00e7\u00e3o de 2 camadas, garantindo prote\u00e7\u00e3o ideal e conforto de utiliza\u00e7\u00e3o.<\/p>\n<p data-start=\"381\" data-end=\"604\">Fabricado em resistente material de nylon Cordura, este fato oferece excelente resist\u00eancia \u00e0 abras\u00e3o e durabilidade prolongada. O forro interior em algod\u00e3o macio assegura o m\u00e1ximo conforto, mesmo em utiliza\u00e7\u00f5es prolongadas.<\/p>\n<p data-start=\"606\" data-end=\"858\">Inser\u00e7\u00f5es el\u00e1sticas nos bra\u00e7os e nas costas proporcionam m\u00e1xima liberdade de movimentos. As presilhas nas pernas evitam que as cal\u00e7as subam, garantindo um ajuste perfeito. Dois bolsos laterais oferecem espa\u00e7o adicional para pequenos objetos essenciais.<\/p>\n<p data-start=\"860\" data-end=\"965\" data-is-last-node=\"\" data-is-only-node=\"\">Tamb\u00e9m \u00e9 poss\u00edvel personalizar com as cores e log\u00f3tipos da sua prefer\u00eancia \u2013 n\u00e3o hesite em contactar-nos!<\/p>\n","protected":false},"excerpt":{"rendered":"<p>O fato Speed Racewear IMOLA RS2 combina qualidade superior, conforto e tecnologia moderna para os entusiastas de karting mais exigentes. Este modelo topo de gama foi especialmente desenvolvido para karting e apresenta uma constru\u00e7\u00e3o de 2 camadas, garantindo prote\u00e7\u00e3o ideal e conforto de utiliza\u00e7\u00e3o. Fabricado em resistente material de nylon Cordura, este fato oferece excelente [&hellip;]<\/p>\n","protected":false},"featured_media":21677,"template":"","meta":{"_acf_changed":false,"_eb_attr":"","_uag_custom_page_level_css":"","_monsterinsights_skip_tracking":false,"_monsterinsights_sitenote_active":false,"_monsterinsights_sitenote_note":"","_monsterinsights_sitenote_category":0,"site-sidebar-layout":"default","site-content-layout":"","ast-site-content-layout":"default","site-content-style":"default","site-sidebar-style":"default","ast-global-header-display":"","ast-banner-title-visibility":"","ast-main-header-display":"","ast-hfb-above-header-display":"","ast-hfb-below-header-display":"","ast-hfb-mobile-header-display":"","site-post-title":"","ast-breadcrumbs-content":"","ast-featured-img":"","footer-sml-layout":"","ast-disable-related-posts":"","theme-transparent-header-meta":"default","adv-header-id-meta":"","stick-header-meta":"default","header-above-stick-meta":"","header-main-stick-meta":"","header-below-stick-meta":"","astra-migrate-meta-layouts":"set","ast-page-background-enabled":"default","ast-page-background-meta":{"desktop":{"background-color":"","background-image":"","background-repeat":"repeat","background-position":"center center","background-size":"auto","background-attachment":"scroll","background-type":"","background-media":"","overlay-type":"","overlay-color":"","overlay-opacity":"","overlay-gradient":""},"tablet":{"background-color":"","background-image":"","background-repeat":"repeat","background-position":"center center","background-size":"auto","background-attachment":"scroll","background-type":"","background-media":"","overlay-type":"","overlay-color":"","overlay-opacity":"","overlay-gradient":""},"mobile":{"background-color":"","background-image":"","background-repeat":"repeat","background-position":"center center","background-size":"auto","background-attachment":"scroll","background-type":"","background-media":"","overlay-type":"","overlay-color":"","overlay-opacity":"","overlay-gradient":""}},"ast-content-background-meta":{"desktop":{"background-color":"var(--ast-global-color-5)","background-image":"","background-repeat":"repeat","background-position":"center center","background-size":"auto","background-attachment":"scroll","background-type":"","background-media":"","overlay-type":"","overlay-color":"","overlay-opacity":"","overlay-gradient":""},"tablet":{"background-color":"var(--ast-global-color-5)","background-image":"","background-repeat":"repeat","background-position":"center center","background-size":"auto","background-attachment":"scroll","background-type":"","background-media":"","overlay-type":"","overlay-color":"","overlay-opacity":"","overlay-gradient":""},"mobile":{"background-color":"var(--ast-global-color-5)","background-image":"","background-repeat":"repeat","background-position":"center center","background-size":"auto","background-attachment":"scroll","background-type":"","background-media":"","overlay-type":"","overlay-color":"","overlay-opacity":"","overlay-gradient":""}},"_joinchat":[]},"product_brand":[],"product_cat":[17],"product_tag":[],"berocket_brand":[536],"class_list":{"0":"post-21599","1":"product","2":"type-product","3":"status-publish","4":"has-post-thumbnail","6":"product_cat-fatosdecorrida","7":"berocket_brand-speed-racewear","8":"desktop-align-left","9":"tablet-align-left","10":"mobile-align-left","11":"ast-product-gallery-layout-horizontal-slider","12":"ast-product-single-variable","13":"ast-product-tabs-layout-horizontal","15":"first","16":"instock","17":"taxable","18":"shipping-taxable","19":"purchasable","20":"product-type-variable"},"acf":[],"uagb_featured_image_src":{"full":["https:\/\/www.lojadokart.com\/wp-content\/uploads\/2025\/07\/kart-suit-imola-rs2-6.jpg",880,880,false],"thumbnail":["https:\/\/www.lojadokart.com\/wp-content\/uploads\/2025\/07\/kart-suit-imola-rs2-6-150x150.jpg",150,150,true],"medium":["https:\/\/www.lojadokart.com\/wp-content\/uploads\/2025\/07\/kart-suit-imola-rs2-6-300x300.jpg",300,300,true],"medium_large":["https:\/\/www.lojadokart.com\/wp-content\/uploads\/2025\/07\/kart-suit-imola-rs2-6-768x768.jpg",768,768,true],"large":["https:\/\/www.lojadokart.com\/wp-content\/uploads\/2025\/07\/kart-suit-imola-rs2-6.jpg",880,880,false],"1536x1536":["https:\/\/www.lojadokart.com\/wp-content\/uploads\/2025\/07\/kart-suit-imola-rs2-6.jpg",880,880,false],"2048x2048":["https:\/\/www.lojadokart.com\/wp-content\/uploads\/2025\/07\/kart-suit-imola-rs2-6.jpg",880,880,false],"woocommerce_thumbnail":["https:\/\/www.lojadokart.com\/wp-content\/uploads\/2025\/07\/kart-suit-imola-rs2-6-300x300.jpg",300,300,true],"woocommerce_single":["https:\/\/www.lojadokart.com\/wp-content\/uploads\/2025\/07\/kart-suit-imola-rs2-6-600x600.jpg",600,600,true],"woocommerce_gallery_thumbnail":["https:\/\/www.lojadokart.com\/wp-content\/uploads\/2025\/07\/kart-suit-imola-rs2-6-100x100.jpg",100,100,true]},"uagb_author_info":{"display_name":"admin","author_link":"https:\/\/www.lojadokart.com\/?author=0"},"uagb_comment_info":0,"uagb_excerpt":"O fato Speed Racewear IMOLA RS2 combina qualidade superior, conforto e tecnologia moderna para os entusiastas de karting mais exigentes. Este modelo topo de gama foi especialmente desenvolvido para karting e apresenta uma constru\u00e7\u00e3o de 2 camadas, garantindo prote\u00e7\u00e3o ideal e conforto de utiliza\u00e7\u00e3o. Fabricado em resistente material de nylon Cordura, este fato oferece excelente&hellip;","_links":{"self":[{"href":"https:\/\/www.lojadokart.com\/index.php?rest_route=\/wp\/v2\/product\/21599","targetHints":{"allow":["GET"]}}],"collection":[{"href":"https:\/\/www.lojadokart.com\/index.php?rest_route=\/wp\/v2\/product"}],"about":[{"href":"https:\/\/www.lojadokart.com\/index.php?rest_route=\/wp\/v2\/types\/product"}],"wp:featuredmedia":[{"embeddable":true,"href":"https:\/\/www.lojadokart.com\/index.php?rest_route=\/wp\/v2\/media\/21677"}],"wp:attachment":[{"href":"https:\/\/www.lojadokart.com\/index.php?rest_route=%2Fwp%2Fv2%2Fmedia&parent=21599"}],"wp:term":[{"taxonomy":"product_brand","embeddable":true,"href":"https:\/\/www.lojadokart.com\/index.php?rest_route=%2Fwp%2Fv2%2Fproduct_brand&post=21599"},{"taxonomy":"product_cat","embeddable":true,"href":"https:\/\/www.lojadokart.com\/index.php?rest_route=%2Fwp%2Fv2%2Fproduct_cat&post=21599"},{"taxonomy":"product_tag","embeddable":true,"href":"https:\/\/www.lojadokart.com\/index.php?rest_route=%2Fwp%2Fv2%2Fproduct_tag&post=21599"},{"taxonomy":"berocket_brand","embeddable":true,"href":"https:\/\/www.lojadokart.com\/index.php?rest_route=%2Fwp%2Fv2%2Fberocket_brand&post=21599"}],"curies":[{"name":"wp","href":"https:\/\/api.w.org\/{rel}","templated":true}]}}