{"id":21890,"date":"2025-07-24T10:23:06","date_gmt":"2025-07-24T09:23:06","guid":{"rendered":"https:\/\/www.lojadokart.com\/?post_type=product&#038;p=21890"},"modified":"2026-04-30T05:13:04","modified_gmt":"2026-04-30T04:13:04","slug":"detroit-2-0","status":"publish","type":"product","link":"https:\/\/www.lojadokart.com\/?product=detroit-2-0","title":{"rendered":"DETROIT 2.0"},"content":{"rendered":"<p>O fato Speed Racewear DETROIT 2.0 estabelece novos padr\u00f5es de conforto e funcionalidade no karting. Com pain\u00e9is el\u00e1sticos nos bra\u00e7os e nas costas, permite m\u00e1xima liberdade de movimentos, enquanto a ventila\u00e7\u00e3o integrada garante um fluxo de ar ideal. As al\u00e7as nas pernas mant\u00eam o fato bem posicionado e evitam que as cal\u00e7as subam. Gra\u00e7as ao seu corte otimizado, o DETROIT 2.0 adapta-se perfeitamente ao corpo, oferecendo um conforto superior \u2013 ideal para condutores de kart de lazer e de aluguer.<\/p>\n","protected":false},"excerpt":{"rendered":"<p>O fato Speed Racewear DETROIT 2.0 estabelece novos padr\u00f5es de conforto e funcionalidade no karting. Com pain\u00e9is el\u00e1sticos nos bra\u00e7os e nas costas, permite m\u00e1xima liberdade de movimentos, enquanto a ventila\u00e7\u00e3o integrada garante um fluxo de ar ideal. As al\u00e7as nas pernas mant\u00eam o fato bem posicionado e evitam que as cal\u00e7as subam. Gra\u00e7as ao [&hellip;]<\/p>\n","protected":false},"featured_media":21941,"template":"","meta":{"_acf_changed":false,"_eb_attr":"","_uag_custom_page_level_css":"","_monsterinsights_skip_tracking":false,"_monsterinsights_sitenote_active":false,"_monsterinsights_sitenote_note":"","_monsterinsights_sitenote_category":0,"site-sidebar-layout":"default","site-content-layout":"","ast-site-content-layout":"default","site-content-style":"default","site-sidebar-style":"default","ast-global-header-display":"","ast-banner-title-visibility":"","ast-main-header-display":"","ast-hfb-above-header-display":"","ast-hfb-below-header-display":"","ast-hfb-mobile-header-display":"","site-post-title":"","ast-breadcrumbs-content":"","ast-featured-img":"","footer-sml-layout":"","ast-disable-related-posts":"","theme-transparent-header-meta":"default","adv-header-id-meta":"","stick-header-meta":"default","header-above-stick-meta":"","header-main-stick-meta":"","header-below-stick-meta":"","astra-migrate-meta-layouts":"set","ast-page-background-enabled":"default","ast-page-background-meta":{"desktop":{"background-color":"","background-image":"","background-repeat":"repeat","background-position":"center center","background-size":"auto","background-attachment":"scroll","background-type":"","background-media":"","overlay-type":"","overlay-color":"","overlay-opacity":"","overlay-gradient":""},"tablet":{"background-color":"","background-image":"","background-repeat":"repeat","background-position":"center center","background-size":"auto","background-attachment":"scroll","background-type":"","background-media":"","overlay-type":"","overlay-color":"","overlay-opacity":"","overlay-gradient":""},"mobile":{"background-color":"","background-image":"","background-repeat":"repeat","background-position":"center center","background-size":"auto","background-attachment":"scroll","background-type":"","background-media":"","overlay-type":"","overlay-color":"","overlay-opacity":"","overlay-gradient":""}},"ast-content-background-meta":{"desktop":{"background-color":"var(--ast-global-color-5)","background-image":"","background-repeat":"repeat","background-position":"center center","background-size":"auto","background-attachment":"scroll","background-type":"","background-media":"","overlay-type":"","overlay-color":"","overlay-opacity":"","overlay-gradient":""},"tablet":{"background-color":"var(--ast-global-color-5)","background-image":"","background-repeat":"repeat","background-position":"center center","background-size":"auto","background-attachment":"scroll","background-type":"","background-media":"","overlay-type":"","overlay-color":"","overlay-opacity":"","overlay-gradient":""},"mobile":{"background-color":"var(--ast-global-color-5)","background-image":"","background-repeat":"repeat","background-position":"center center","background-size":"auto","background-attachment":"scroll","background-type":"","background-media":"","overlay-type":"","overlay-color":"","overlay-opacity":"","overlay-gradient":""}},"_joinchat":[]},"product_brand":[],"product_cat":[17],"product_tag":[],"berocket_brand":[536],"class_list":{"0":"post-21890","1":"product","2":"type-product","3":"status-publish","4":"has-post-thumbnail","6":"product_cat-fatosdecorrida","7":"berocket_brand-speed-racewear","8":"desktop-align-left","9":"tablet-align-left","10":"mobile-align-left","11":"ast-product-gallery-layout-horizontal-slider","12":"ast-product-single-variable","13":"ast-product-tabs-layout-horizontal","15":"first","16":"instock","17":"featured","18":"taxable","19":"shipping-taxable","20":"purchasable","21":"product-type-variable"},"acf":[],"uagb_featured_image_src":{"full":["https:\/\/www.lojadokart.com\/wp-content\/uploads\/2025\/07\/kart-suit-detroit-20.jpg",880,880,false],"thumbnail":["https:\/\/www.lojadokart.com\/wp-content\/uploads\/2025\/07\/kart-suit-detroit-20-150x150.jpg",150,150,true],"medium":["https:\/\/www.lojadokart.com\/wp-content\/uploads\/2025\/07\/kart-suit-detroit-20-300x300.jpg",300,300,true],"medium_large":["https:\/\/www.lojadokart.com\/wp-content\/uploads\/2025\/07\/kart-suit-detroit-20-768x768.jpg",768,768,true],"large":["https:\/\/www.lojadokart.com\/wp-content\/uploads\/2025\/07\/kart-suit-detroit-20.jpg",880,880,false],"1536x1536":["https:\/\/www.lojadokart.com\/wp-content\/uploads\/2025\/07\/kart-suit-detroit-20.jpg",880,880,false],"2048x2048":["https:\/\/www.lojadokart.com\/wp-content\/uploads\/2025\/07\/kart-suit-detroit-20.jpg",880,880,false],"woocommerce_thumbnail":["https:\/\/www.lojadokart.com\/wp-content\/uploads\/2025\/07\/kart-suit-detroit-20-300x300.jpg",300,300,true],"woocommerce_single":["https:\/\/www.lojadokart.com\/wp-content\/uploads\/2025\/07\/kart-suit-detroit-20-600x600.jpg",600,600,true],"woocommerce_gallery_thumbnail":["https:\/\/www.lojadokart.com\/wp-content\/uploads\/2025\/07\/kart-suit-detroit-20-100x100.jpg",100,100,true]},"uagb_author_info":{"display_name":"admin","author_link":"https:\/\/www.lojadokart.com\/?author=0"},"uagb_comment_info":0,"uagb_excerpt":"O fato Speed Racewear DETROIT 2.0 estabelece novos padr\u00f5es de conforto e funcionalidade no karting. Com pain\u00e9is el\u00e1sticos nos bra\u00e7os e nas costas, permite m\u00e1xima liberdade de movimentos, enquanto a ventila\u00e7\u00e3o integrada garante um fluxo de ar ideal. As al\u00e7as nas pernas mant\u00eam o fato bem posicionado e evitam que as cal\u00e7as subam. Gra\u00e7as ao&hellip;","_links":{"self":[{"href":"https:\/\/www.lojadokart.com\/index.php?rest_route=\/wp\/v2\/product\/21890","targetHints":{"allow":["GET"]}}],"collection":[{"href":"https:\/\/www.lojadokart.com\/index.php?rest_route=\/wp\/v2\/product"}],"about":[{"href":"https:\/\/www.lojadokart.com\/index.php?rest_route=\/wp\/v2\/types\/product"}],"wp:featuredmedia":[{"embeddable":true,"href":"https:\/\/www.lojadokart.com\/index.php?rest_route=\/wp\/v2\/media\/21941"}],"wp:attachment":[{"href":"https:\/\/www.lojadokart.com\/index.php?rest_route=%2Fwp%2Fv2%2Fmedia&parent=21890"}],"wp:term":[{"taxonomy":"product_brand","embeddable":true,"href":"https:\/\/www.lojadokart.com\/index.php?rest_route=%2Fwp%2Fv2%2Fproduct_brand&post=21890"},{"taxonomy":"product_cat","embeddable":true,"href":"https:\/\/www.lojadokart.com\/index.php?rest_route=%2Fwp%2Fv2%2Fproduct_cat&post=21890"},{"taxonomy":"product_tag","embeddable":true,"href":"https:\/\/www.lojadokart.com\/index.php?rest_route=%2Fwp%2Fv2%2Fproduct_tag&post=21890"},{"taxonomy":"berocket_brand","embeddable":true,"href":"https:\/\/www.lojadokart.com\/index.php?rest_route=%2Fwp%2Fv2%2Fberocket_brand&post=21890"}],"curies":[{"name":"wp","href":"https:\/\/api.w.org\/{rel}","templated":true}]}}