{"id":21981,"date":"2025-07-24T21:21:21","date_gmt":"2025-07-24T20:21:21","guid":{"rendered":"https:\/\/www.lojadokart.com\/?post_type=product&#038;p=21981"},"modified":"2026-05-03T04:13:05","modified_gmt":"2026-05-03T03:13:05","slug":"sydney-2-0","status":"publish","type":"product","link":"https:\/\/www.lojadokart.com\/?product=sydney-2-0","title":{"rendered":"SYDNEY 2.0"},"content":{"rendered":"<p>A luva Sydney 2.0 \u00e9 uma luva cl\u00e1ssica de karting. Com um ajuste excelente e elevado conforto de utiliza\u00e7\u00e3o, oferece condi\u00e7\u00f5es ideais para pilotos ambiciosos. As palmas extra refor\u00e7adas asseguram maior durabilidade e melhor prote\u00e7\u00e3o. Gra\u00e7as aos materiais antiderrapantes, a luva garante uma ader\u00eancia segura ao volante.<\/p>\n","protected":false},"excerpt":{"rendered":"<p>A luva Sydney 2.0 \u00e9 uma luva cl\u00e1ssica de karting. Com um ajuste excelente e elevado conforto de utiliza\u00e7\u00e3o, oferece condi\u00e7\u00f5es ideais para pilotos ambiciosos. As palmas extra refor\u00e7adas asseguram maior durabilidade e melhor prote\u00e7\u00e3o. Gra\u00e7as aos materiais antiderrapantes, a luva garante uma ader\u00eancia segura ao volante.<\/p>\n","protected":false},"featured_media":22026,"template":"","meta":{"_acf_changed":false,"_eb_attr":"","_uag_custom_page_level_css":"","_monsterinsights_skip_tracking":false,"_monsterinsights_sitenote_active":false,"_monsterinsights_sitenote_note":"","_monsterinsights_sitenote_category":0,"site-sidebar-layout":"default","site-content-layout":"","ast-site-content-layout":"default","site-content-style":"default","site-sidebar-style":"default","ast-global-header-display":"","ast-banner-title-visibility":"","ast-main-header-display":"","ast-hfb-above-header-display":"","ast-hfb-below-header-display":"","ast-hfb-mobile-header-display":"","site-post-title":"","ast-breadcrumbs-content":"","ast-featured-img":"","footer-sml-layout":"","ast-disable-related-posts":"","theme-transparent-header-meta":"default","adv-header-id-meta":"","stick-header-meta":"default","header-above-stick-meta":"","header-main-stick-meta":"","header-below-stick-meta":"","astra-migrate-meta-layouts":"set","ast-page-background-enabled":"default","ast-page-background-meta":{"desktop":{"background-color":"","background-image":"","background-repeat":"repeat","background-position":"center center","background-size":"auto","background-attachment":"scroll","background-type":"","background-media":"","overlay-type":"","overlay-color":"","overlay-opacity":"","overlay-gradient":""},"tablet":{"background-color":"","background-image":"","background-repeat":"repeat","background-position":"center center","background-size":"auto","background-attachment":"scroll","background-type":"","background-media":"","overlay-type":"","overlay-color":"","overlay-opacity":"","overlay-gradient":""},"mobile":{"background-color":"","background-image":"","background-repeat":"repeat","background-position":"center center","background-size":"auto","background-attachment":"scroll","background-type":"","background-media":"","overlay-type":"","overlay-color":"","overlay-opacity":"","overlay-gradient":""}},"ast-content-background-meta":{"desktop":{"background-color":"var(--ast-global-color-5)","background-image":"","background-repeat":"repeat","background-position":"center center","background-size":"auto","background-attachment":"scroll","background-type":"","background-media":"","overlay-type":"","overlay-color":"","overlay-opacity":"","overlay-gradient":""},"tablet":{"background-color":"var(--ast-global-color-5)","background-image":"","background-repeat":"repeat","background-position":"center center","background-size":"auto","background-attachment":"scroll","background-type":"","background-media":"","overlay-type":"","overlay-color":"","overlay-opacity":"","overlay-gradient":""},"mobile":{"background-color":"var(--ast-global-color-5)","background-image":"","background-repeat":"repeat","background-position":"center center","background-size":"auto","background-attachment":"scroll","background-type":"","background-media":"","overlay-type":"","overlay-color":"","overlay-opacity":"","overlay-gradient":""}},"_joinchat":[]},"product_brand":[],"product_cat":[24],"product_tag":[],"berocket_brand":[536],"class_list":{"0":"post-21981","1":"product","2":"type-product","3":"status-publish","4":"has-post-thumbnail","6":"product_cat-luvasdecorrida","7":"berocket_brand-speed-racewear","8":"desktop-align-left","9":"tablet-align-left","10":"mobile-align-left","11":"ast-product-gallery-layout-horizontal-slider","12":"ast-product-single-variable","13":"ast-product-tabs-layout-horizontal","15":"first","16":"instock","17":"taxable","18":"shipping-taxable","19":"purchasable","20":"product-type-variable"},"acf":[],"uagb_featured_image_src":{"full":["https:\/\/www.lojadokart.com\/wp-content\/uploads\/2025\/07\/karting-gloves-sydney-20.jpg",880,880,false],"thumbnail":["https:\/\/www.lojadokart.com\/wp-content\/uploads\/2025\/07\/karting-gloves-sydney-20-150x150.jpg",150,150,true],"medium":["https:\/\/www.lojadokart.com\/wp-content\/uploads\/2025\/07\/karting-gloves-sydney-20-300x300.jpg",300,300,true],"medium_large":["https:\/\/www.lojadokart.com\/wp-content\/uploads\/2025\/07\/karting-gloves-sydney-20-768x768.jpg",768,768,true],"large":["https:\/\/www.lojadokart.com\/wp-content\/uploads\/2025\/07\/karting-gloves-sydney-20.jpg",880,880,false],"1536x1536":["https:\/\/www.lojadokart.com\/wp-content\/uploads\/2025\/07\/karting-gloves-sydney-20.jpg",880,880,false],"2048x2048":["https:\/\/www.lojadokart.com\/wp-content\/uploads\/2025\/07\/karting-gloves-sydney-20.jpg",880,880,false],"woocommerce_thumbnail":["https:\/\/www.lojadokart.com\/wp-content\/uploads\/2025\/07\/karting-gloves-sydney-20-300x300.jpg",300,300,true],"woocommerce_single":["https:\/\/www.lojadokart.com\/wp-content\/uploads\/2025\/07\/karting-gloves-sydney-20-600x600.jpg",600,600,true],"woocommerce_gallery_thumbnail":["https:\/\/www.lojadokart.com\/wp-content\/uploads\/2025\/07\/karting-gloves-sydney-20-100x100.jpg",100,100,true]},"uagb_author_info":{"display_name":"admin","author_link":"https:\/\/www.lojadokart.com\/?author=0"},"uagb_comment_info":0,"uagb_excerpt":"A luva Sydney 2.0 \u00e9 uma luva cl\u00e1ssica de karting. Com um ajuste excelente e elevado conforto de utiliza\u00e7\u00e3o, oferece condi\u00e7\u00f5es ideais para pilotos ambiciosos. As palmas extra refor\u00e7adas asseguram maior durabilidade e melhor prote\u00e7\u00e3o. Gra\u00e7as aos materiais antiderrapantes, a luva garante uma ader\u00eancia segura ao volante.","_links":{"self":[{"href":"https:\/\/www.lojadokart.com\/index.php?rest_route=\/wp\/v2\/product\/21981","targetHints":{"allow":["GET"]}}],"collection":[{"href":"https:\/\/www.lojadokart.com\/index.php?rest_route=\/wp\/v2\/product"}],"about":[{"href":"https:\/\/www.lojadokart.com\/index.php?rest_route=\/wp\/v2\/types\/product"}],"wp:featuredmedia":[{"embeddable":true,"href":"https:\/\/www.lojadokart.com\/index.php?rest_route=\/wp\/v2\/media\/22026"}],"wp:attachment":[{"href":"https:\/\/www.lojadokart.com\/index.php?rest_route=%2Fwp%2Fv2%2Fmedia&parent=21981"}],"wp:term":[{"taxonomy":"product_brand","embeddable":true,"href":"https:\/\/www.lojadokart.com\/index.php?rest_route=%2Fwp%2Fv2%2Fproduct_brand&post=21981"},{"taxonomy":"product_cat","embeddable":true,"href":"https:\/\/www.lojadokart.com\/index.php?rest_route=%2Fwp%2Fv2%2Fproduct_cat&post=21981"},{"taxonomy":"product_tag","embeddable":true,"href":"https:\/\/www.lojadokart.com\/index.php?rest_route=%2Fwp%2Fv2%2Fproduct_tag&post=21981"},{"taxonomy":"berocket_brand","embeddable":true,"href":"https:\/\/www.lojadokart.com\/index.php?rest_route=%2Fwp%2Fv2%2Fberocket_brand&post=21981"}],"curies":[{"name":"wp","href":"https:\/\/api.w.org\/{rel}","templated":true}]}}