{"id":22438,"date":"2025-10-24T15:10:25","date_gmt":"2025-10-24T14:10:25","guid":{"rendered":"https:\/\/www.lojadokart.com\/?post_type=product&#038;p=22438"},"modified":"2026-04-13T04:00:30","modified_gmt":"2026-04-13T03:00:30","slug":"bengio-standard-ribs-protector-non-approved","status":"publish","type":"product","link":"https:\/\/www.lojadokart.com\/?product=bengio-standard-ribs-protector-non-approved","title":{"rendered":"BENGIO STANDARD RIBS PROTECTOR &#8211; Non Approved"},"content":{"rendered":"<p data-start=\"0\" data-end=\"50\"><strong data-start=\"0\" data-end=\"48\">BENGIO STANDARD \u2013 Protetor lateral artesanal<\/strong><\/p>\n<p data-start=\"52\" data-end=\"292\">Fabricado \u00e0 m\u00e3o com <strong data-start=\"72\" data-end=\"103\">materiais de alta qualidade<\/strong>, o <strong data-start=\"107\" data-end=\"126\">BENGIO STANDARD<\/strong> apresenta um design <strong data-start=\"147\" data-end=\"171\">ergon\u00f3mico essencial<\/strong> e \u00e9 <strong data-start=\"176\" data-end=\"200\">totalmente ajust\u00e1vel<\/strong>, com <strong data-start=\"206\" data-end=\"237\">fecho duplo em anel frontal<\/strong> e <strong data-start=\"240\" data-end=\"278\">fitas de velcro de alto desempenho<\/strong> nos ombros.<\/p>\n<p data-start=\"294\" data-end=\"498\"><strong data-start=\"294\" data-end=\"305\">ESCUDO:<\/strong><br data-start=\"305\" data-end=\"308\" \/>Estrutura de <strong data-start=\"321\" data-end=\"355\">tr\u00eas camadas de fibra de vidro<\/strong> com <strong data-start=\"360\" data-end=\"390\">sistema antiestilha\u00e7amento<\/strong>, que garante <strong data-start=\"404\" data-end=\"424\">alta resist\u00eancia<\/strong> e excelente capacidade de <strong data-start=\"451\" data-end=\"495\" data-is-only-node=\"\">absor\u00e7\u00e3o de impactos de baixa frequ\u00eancia<\/strong>.<\/p>\n<p data-start=\"500\" data-end=\"691\"><strong data-start=\"500\" data-end=\"515\">ALMOFADADO:<\/strong><br data-start=\"515\" data-end=\"518\" \/>Espuma de <strong data-start=\"528\" data-end=\"546\">c\u00e9lula fechada<\/strong> com <strong data-start=\"551\" data-end=\"572\">8 mm de espessura<\/strong> e <strong data-start=\"575\" data-end=\"601\">densidade de 100 kg\/m\u00b3<\/strong>, proporcionando <strong data-start=\"618\" data-end=\"630\" data-is-only-node=\"\">conforto<\/strong> e <strong data-start=\"633\" data-end=\"688\">prote\u00e7\u00e3o eficaz contra vibra\u00e7\u00f5es de alta frequ\u00eancia<\/strong>.<\/p>\n<p data-start=\"693\" data-end=\"871\"><strong data-start=\"693\" data-end=\"713\">ESCUDO TRASEIRO:<\/strong><br data-start=\"713\" data-end=\"716\" \/>Estrutura interna em <strong data-start=\"737\" data-end=\"752\">Texton\u2122 480<\/strong>, com parte posterior revestida em <strong data-start=\"787\" data-end=\"813\">tecido macio perfurado<\/strong>. Acolchoamento em <strong data-start=\"832\" data-end=\"868\">espuma de c\u00e9lula fechada de 5 mm<\/strong>.<\/p>\n<p data-start=\"873\" data-end=\"939\" data-is-last-node=\"\" data-is-only-node=\"\"><strong data-start=\"873\" data-end=\"883\">Cores:<\/strong> Preto\/Laranja<br data-start=\"897\" data-end=\"900\" \/><strong data-start=\"900\" data-end=\"913\">Tamanhos:<\/strong> XS, S, SM, M, L, XL e XXL<\/p>\n","protected":false},"excerpt":{"rendered":"<p>BENGIO STANDARD \u2013 Protetor lateral artesanal Fabricado \u00e0 m\u00e3o com materiais de alta qualidade, o BENGIO STANDARD apresenta um design ergon\u00f3mico essencial e \u00e9 totalmente ajust\u00e1vel, com fecho duplo em anel frontal e fitas de velcro de alto desempenho nos ombros. ESCUDO:Estrutura de tr\u00eas camadas de fibra de vidro com sistema antiestilha\u00e7amento, que garante alta [&hellip;]<\/p>\n","protected":false},"featured_media":22445,"template":"","meta":{"_acf_changed":false,"_eb_attr":"","_uag_custom_page_level_css":"","_monsterinsights_skip_tracking":false,"_monsterinsights_sitenote_active":false,"_monsterinsights_sitenote_note":"","_monsterinsights_sitenote_category":0,"site-sidebar-layout":"default","site-content-layout":"","ast-site-content-layout":"default","site-content-style":"default","site-sidebar-style":"default","ast-global-header-display":"","ast-banner-title-visibility":"","ast-main-header-display":"","ast-hfb-above-header-display":"","ast-hfb-below-header-display":"","ast-hfb-mobile-header-display":"","site-post-title":"","ast-breadcrumbs-content":"","ast-featured-img":"","footer-sml-layout":"","ast-disable-related-posts":"","theme-transparent-header-meta":"default","adv-header-id-meta":"","stick-header-meta":"default","header-above-stick-meta":"","header-main-stick-meta":"","header-below-stick-meta":"","astra-migrate-meta-layouts":"set","ast-page-background-enabled":"default","ast-page-background-meta":{"desktop":{"background-color":"","background-image":"","background-repeat":"repeat","background-position":"center center","background-size":"auto","background-attachment":"scroll","background-type":"","background-media":"","overlay-type":"","overlay-color":"","overlay-opacity":"","overlay-gradient":""},"tablet":{"background-color":"","background-image":"","background-repeat":"repeat","background-position":"center center","background-size":"auto","background-attachment":"scroll","background-type":"","background-media":"","overlay-type":"","overlay-color":"","overlay-opacity":"","overlay-gradient":""},"mobile":{"background-color":"","background-image":"","background-repeat":"repeat","background-position":"center center","background-size":"auto","background-attachment":"scroll","background-type":"","background-media":"","overlay-type":"","overlay-color":"","overlay-opacity":"","overlay-gradient":""}},"ast-content-background-meta":{"desktop":{"background-color":"var(--ast-global-color-5)","background-image":"","background-repeat":"repeat","background-position":"center center","background-size":"auto","background-attachment":"scroll","background-type":"","background-media":"","overlay-type":"","overlay-color":"","overlay-opacity":"","overlay-gradient":""},"tablet":{"background-color":"var(--ast-global-color-5)","background-image":"","background-repeat":"repeat","background-position":"center center","background-size":"auto","background-attachment":"scroll","background-type":"","background-media":"","overlay-type":"","overlay-color":"","overlay-opacity":"","overlay-gradient":""},"mobile":{"background-color":"var(--ast-global-color-5)","background-image":"","background-repeat":"repeat","background-position":"center center","background-size":"auto","background-attachment":"scroll","background-type":"","background-media":"","overlay-type":"","overlay-color":"","overlay-opacity":"","overlay-gradient":""}},"_joinchat":[]},"product_brand":[],"product_cat":[532,504],"product_tag":[],"berocket_brand":[777],"class_list":{"0":"post-22438","1":"product","2":"type-product","3":"status-publish","4":"has-post-thumbnail","6":"product_cat-coletes-premium","7":"product_cat-produtos-premium","8":"berocket_brand-bengio","9":"desktop-align-left","10":"tablet-align-left","11":"mobile-align-left","12":"ast-product-gallery-layout-horizontal-slider","13":"ast-product-single-variable","14":"ast-product-tabs-layout-horizontal","16":"first","17":"instock","18":"taxable","19":"shipping-taxable","20":"purchasable","21":"product-type-variable"},"acf":[],"uagb_featured_image_src":{"full":["https:\/\/www.lojadokart.com\/wp-content\/uploads\/2025\/10\/bengio-standard-ribs-protector.webp",800,800,false],"thumbnail":["https:\/\/www.lojadokart.com\/wp-content\/uploads\/2025\/10\/bengio-standard-ribs-protector-150x150.webp",150,150,true],"medium":["https:\/\/www.lojadokart.com\/wp-content\/uploads\/2025\/10\/bengio-standard-ribs-protector-300x300.webp",300,300,true],"medium_large":["https:\/\/www.lojadokart.com\/wp-content\/uploads\/2025\/10\/bengio-standard-ribs-protector-768x768.webp",768,768,true],"large":["https:\/\/www.lojadokart.com\/wp-content\/uploads\/2025\/10\/bengio-standard-ribs-protector.webp",800,800,false],"1536x1536":["https:\/\/www.lojadokart.com\/wp-content\/uploads\/2025\/10\/bengio-standard-ribs-protector.webp",800,800,false],"2048x2048":["https:\/\/www.lojadokart.com\/wp-content\/uploads\/2025\/10\/bengio-standard-ribs-protector.webp",800,800,false],"woocommerce_thumbnail":["https:\/\/www.lojadokart.com\/wp-content\/uploads\/2025\/10\/bengio-standard-ribs-protector-300x300.webp",300,300,true],"woocommerce_single":["https:\/\/www.lojadokart.com\/wp-content\/uploads\/2025\/10\/bengio-standard-ribs-protector-600x600.webp",600,600,true],"woocommerce_gallery_thumbnail":["https:\/\/www.lojadokart.com\/wp-content\/uploads\/2025\/10\/bengio-standard-ribs-protector-100x100.webp",100,100,true]},"uagb_author_info":{"display_name":"admin","author_link":"https:\/\/www.lojadokart.com\/?author=0"},"uagb_comment_info":0,"uagb_excerpt":"BENGIO STANDARD \u2013 Protetor lateral artesanal Fabricado \u00e0 m\u00e3o com materiais de alta qualidade, o BENGIO STANDARD apresenta um design ergon\u00f3mico essencial e \u00e9 totalmente ajust\u00e1vel, com fecho duplo em anel frontal e fitas de velcro de alto desempenho nos ombros. ESCUDO:Estrutura de tr\u00eas camadas de fibra de vidro com sistema antiestilha\u00e7amento, que garante alta&hellip;","_links":{"self":[{"href":"https:\/\/www.lojadokart.com\/index.php?rest_route=\/wp\/v2\/product\/22438","targetHints":{"allow":["GET"]}}],"collection":[{"href":"https:\/\/www.lojadokart.com\/index.php?rest_route=\/wp\/v2\/product"}],"about":[{"href":"https:\/\/www.lojadokart.com\/index.php?rest_route=\/wp\/v2\/types\/product"}],"wp:featuredmedia":[{"embeddable":true,"href":"https:\/\/www.lojadokart.com\/index.php?rest_route=\/wp\/v2\/media\/22445"}],"wp:attachment":[{"href":"https:\/\/www.lojadokart.com\/index.php?rest_route=%2Fwp%2Fv2%2Fmedia&parent=22438"}],"wp:term":[{"taxonomy":"product_brand","embeddable":true,"href":"https:\/\/www.lojadokart.com\/index.php?rest_route=%2Fwp%2Fv2%2Fproduct_brand&post=22438"},{"taxonomy":"product_cat","embeddable":true,"href":"https:\/\/www.lojadokart.com\/index.php?rest_route=%2Fwp%2Fv2%2Fproduct_cat&post=22438"},{"taxonomy":"product_tag","embeddable":true,"href":"https:\/\/www.lojadokart.com\/index.php?rest_route=%2Fwp%2Fv2%2Fproduct_tag&post=22438"},{"taxonomy":"berocket_brand","embeddable":true,"href":"https:\/\/www.lojadokart.com\/index.php?rest_route=%2Fwp%2Fv2%2Fberocket_brand&post=22438"}],"curies":[{"name":"wp","href":"https:\/\/api.w.org\/{rel}","templated":true}]}}