{"id":22450,"date":"2025-10-24T16:12:09","date_gmt":"2025-10-24T15:12:09","guid":{"rendered":"https:\/\/www.lojadokart.com\/?post_type=product&#038;p=22450"},"modified":"2026-04-17T04:02:20","modified_gmt":"2026-04-17T03:02:20","slug":"alpinestars-ak-1-homologated-fia-body-protection","status":"publish","type":"product","link":"https:\/\/www.lojadokart.com\/?product=alpinestars-ak-1-homologated-fia-body-protection","title":{"rendered":"ALPINESTARS AK-1 HOMOLOGATED FIA BODY PROTECTION"},"content":{"rendered":"<p data-start=\"0\" data-end=\"89\"><strong data-start=\"0\" data-end=\"87\">AK-1 Kart Body Protector \u2013 Elevada performance e homologa\u00e7\u00e3o FIA STANDARD 8870-2018<\/strong><\/p>\n<p data-start=\"91\" data-end=\"263\">O <strong data-start=\"93\" data-end=\"121\">AK-1 Kart Body Protector<\/strong> \u00e9 um <strong data-start=\"127\" data-end=\"178\">protetor corporal de karting de alto desempenho<\/strong>, desenvolvido para competi\u00e7\u00e3o e <strong data-start=\"211\" data-end=\"260\">homologado pela FIA segundo a norma 8870-2018<\/strong>.<\/p>\n<p data-start=\"265\" data-end=\"546\">Com um design <strong data-start=\"279\" data-end=\"293\">ergon\u00f3mico<\/strong> e constru\u00e7\u00e3o em <strong data-start=\"310\" data-end=\"329\">materiais leves<\/strong>, oferece <strong data-start=\"339\" data-end=\"358\">m\u00e1xima prote\u00e7\u00e3o<\/strong> com o m\u00ednimo peso. \u00c9 extremamente <strong data-start=\"393\" data-end=\"422\">f\u00e1cil de vestir e ajustar<\/strong>, gra\u00e7as ao inovador <strong data-start=\"443\" data-end=\"496\">sistema de fecho r\u00e1pido por cord\u00e3o (\u201cspeed-lace\u201d)<\/strong> e \u00e0s <strong data-start=\"502\" data-end=\"543\">al\u00e7as de ombro el\u00e1sticas e ajust\u00e1veis<\/strong>.<\/p>\n<p data-start=\"548\" data-end=\"640\">Proporciona <strong data-start=\"560\" data-end=\"581\">prote\u00e7\u00e3o superior<\/strong>, sendo ao mesmo tempo <strong data-start=\"604\" data-end=\"637\">leve, confort\u00e1vel e funcional<\/strong>.<\/p>\n<hr data-start=\"642\" data-end=\"645\" \/>\n<h3 data-start=\"647\" data-end=\"673\"><strong data-start=\"651\" data-end=\"671\">Caracter\u00edsticas:<\/strong><\/h3>\n<ul data-start=\"674\" data-end=\"1434\">\n<li data-start=\"674\" data-end=\"795\">\n<p data-start=\"676\" data-end=\"795\"><strong data-start=\"676\" data-end=\"697\">Protetor peitoral<\/strong> fabricado em <strong data-start=\"711\" data-end=\"756\">pol\u00edmero termopl\u00e1stico de alto desempenho<\/strong>, com <strong data-start=\"762\" data-end=\"792\">acolchoamento termoformado<\/strong>.<\/p>\n<\/li>\n<li data-start=\"796\" data-end=\"846\">\n<p data-start=\"798\" data-end=\"846\"><strong data-start=\"798\" data-end=\"819\">Perfil ergon\u00f3mico<\/strong> para um ajuste perfeito.<\/p>\n<\/li>\n<li data-start=\"847\" data-end=\"996\">\n<p data-start=\"849\" data-end=\"996\"><strong data-start=\"849\" data-end=\"885\">Protetores laterais das costelas<\/strong> em <strong data-start=\"889\" data-end=\"942\">material termofixo refor\u00e7ado com fibra de carbono<\/strong>, apoiados em <strong data-start=\"956\" data-end=\"993\">acolchoamento macio e confort\u00e1vel<\/strong>.<\/p>\n<\/li>\n<li data-start=\"997\" data-end=\"1068\">\n<p data-start=\"999\" data-end=\"1068\"><strong data-start=\"999\" data-end=\"1014\">Pr\u00e9-curvado<\/strong> para um encaixe justo sem restringir os movimentos.<\/p>\n<\/li>\n<li data-start=\"1069\" data-end=\"1187\">\n<p data-start=\"1071\" data-end=\"1187\"><strong data-start=\"1071\" data-end=\"1092\">Protetor traseiro<\/strong> em <strong data-start=\"1096\" data-end=\"1141\">pol\u00edmero termopl\u00e1stico de alto desempenho<\/strong>, tamb\u00e9m com <strong data-start=\"1154\" data-end=\"1184\">acolchoamento termoformado<\/strong>.<\/p>\n<\/li>\n<li data-start=\"1188\" data-end=\"1264\">\n<p data-start=\"1190\" data-end=\"1264\">Design que <strong data-start=\"1201\" data-end=\"1251\">minimiza a dist\u00e2ncia entre o banco e as costas<\/strong> do piloto.<\/p>\n<\/li>\n<li data-start=\"1265\" data-end=\"1341\">\n<p data-start=\"1267\" data-end=\"1341\"><strong data-start=\"1267\" data-end=\"1307\">Sistema de fecho r\u00e1pido (speed-lace)<\/strong> para f\u00e1cil coloca\u00e7\u00e3o e remo\u00e7\u00e3o.<\/p>\n<\/li>\n<li data-start=\"1342\" data-end=\"1388\">\n<p data-start=\"1344\" data-end=\"1388\"><strong data-start=\"1344\" data-end=\"1385\">Al\u00e7as de ombro el\u00e1sticas e ajust\u00e1veis<\/strong>.<\/p>\n<\/li>\n<li data-start=\"1389\" data-end=\"1434\">\n<p data-start=\"1391\" data-end=\"1434\"><strong data-start=\"1391\" data-end=\"1431\">Conforme o REGULAMENTO (UE) 2016\/425<\/strong>.<\/p>\n<\/li>\n<\/ul>\n<hr data-start=\"1436\" data-end=\"1439\" \/>\n<p data-start=\"1441\" data-end=\"1511\"><strong data-start=\"1441\" data-end=\"1451\">Cores:<\/strong> Preto, vermelho e branco<br data-start=\"1476\" data-end=\"1479\" \/><strong data-start=\"1479\" data-end=\"1495\">Homologa\u00e7\u00e3o:<\/strong> FIA 8870-2018<\/p>\n<hr data-start=\"1513\" data-end=\"1516\" \/>\n<h3 data-start=\"1518\" data-end=\"1546\"><strong data-start=\"1522\" data-end=\"1544\">Tamanhos infantis:<\/strong><\/h3>\n<ul data-start=\"1547\" data-end=\"1659\">\n<li data-start=\"1547\" data-end=\"1602\">\n<p data-start=\"1549\" data-end=\"1602\"><strong data-start=\"1549\" data-end=\"1561\">KID S\/M:<\/strong> Peito 60,5\u201370,5 cm \/ Altura 116\u2013134 cm<\/p>\n<\/li>\n<li data-start=\"1603\" data-end=\"1659\">\n<p data-start=\"1605\" data-end=\"1659\"><strong data-start=\"1605\" data-end=\"1618\">KID L\/XL:<\/strong> Peito 70,5\u201383,5 cm \/ Altura 134\u2013152 cm<\/p>\n<\/li>\n<\/ul>\n<h3 data-start=\"1661\" data-end=\"1688\"><strong data-start=\"1665\" data-end=\"1686\">Tamanhos adultos:<\/strong><\/h3>\n<ul data-start=\"1689\" data-end=\"1840\" data-is-last-node=\"\" data-is-only-node=\"\">\n<li data-start=\"1689\" data-end=\"1739\">\n<p data-start=\"1691\" data-end=\"1739\"><strong data-start=\"1691\" data-end=\"1702\">XXS\/XS:<\/strong> Peito 78\u201389 cm \/ Altura 152\u2013170 cm<\/p>\n<\/li>\n<li data-start=\"1740\" data-end=\"1790\">\n<p data-start=\"1742\" data-end=\"1790\"><strong data-start=\"1742\" data-end=\"1750\">S\/M:<\/strong> Peito 83,5\u2013100 cm \/ Altura 170\u2013188 cm<\/p>\n<\/li>\n<li data-start=\"1791\" data-end=\"1840\" data-is-last-node=\"\">\n<p data-start=\"1793\" data-end=\"1840\" data-is-last-node=\"\"><strong data-start=\"1793\" data-end=\"1802\">L\/XL:<\/strong> Peito 94,5\u2013111 cm \/ Altura 170\u2013188 cm<\/p>\n<\/li>\n<\/ul>\n","protected":false},"excerpt":{"rendered":"<p>AK-1 Kart Body Protector \u2013 Elevada performance e homologa\u00e7\u00e3o FIA STANDARD 8870-2018 O AK-1 Kart Body Protector \u00e9 um protetor corporal de karting de alto desempenho, desenvolvido para competi\u00e7\u00e3o e homologado pela FIA segundo a norma 8870-2018. Com um design ergon\u00f3mico e constru\u00e7\u00e3o em materiais leves, oferece m\u00e1xima prote\u00e7\u00e3o com o m\u00ednimo peso. \u00c9 extremamente [&hellip;]<\/p>\n","protected":false},"featured_media":22457,"template":"","meta":{"_acf_changed":false,"_eb_attr":"","_uag_custom_page_level_css":"","_monsterinsights_skip_tracking":false,"_monsterinsights_sitenote_active":false,"_monsterinsights_sitenote_note":"","_monsterinsights_sitenote_category":0,"site-sidebar-layout":"default","site-content-layout":"","ast-site-content-layout":"default","site-content-style":"default","site-sidebar-style":"default","ast-global-header-display":"","ast-banner-title-visibility":"","ast-main-header-display":"","ast-hfb-above-header-display":"","ast-hfb-below-header-display":"","ast-hfb-mobile-header-display":"","site-post-title":"","ast-breadcrumbs-content":"","ast-featured-img":"","footer-sml-layout":"","ast-disable-related-posts":"","theme-transparent-header-meta":"default","adv-header-id-meta":"","stick-header-meta":"default","header-above-stick-meta":"","header-main-stick-meta":"","header-below-stick-meta":"","astra-migrate-meta-layouts":"set","ast-page-background-enabled":"default","ast-page-background-meta":{"desktop":{"background-color":"","background-image":"","background-repeat":"repeat","background-position":"center center","background-size":"auto","background-attachment":"scroll","background-type":"","background-media":"","overlay-type":"","overlay-color":"","overlay-opacity":"","overlay-gradient":""},"tablet":{"background-color":"","background-image":"","background-repeat":"repeat","background-position":"center center","background-size":"auto","background-attachment":"scroll","background-type":"","background-media":"","overlay-type":"","overlay-color":"","overlay-opacity":"","overlay-gradient":""},"mobile":{"background-color":"","background-image":"","background-repeat":"repeat","background-position":"center center","background-size":"auto","background-attachment":"scroll","background-type":"","background-media":"","overlay-type":"","overlay-color":"","overlay-opacity":"","overlay-gradient":""}},"ast-content-background-meta":{"desktop":{"background-color":"var(--ast-global-color-5)","background-image":"","background-repeat":"repeat","background-position":"center center","background-size":"auto","background-attachment":"scroll","background-type":"","background-media":"","overlay-type":"","overlay-color":"","overlay-opacity":"","overlay-gradient":""},"tablet":{"background-color":"var(--ast-global-color-5)","background-image":"","background-repeat":"repeat","background-position":"center center","background-size":"auto","background-attachment":"scroll","background-type":"","background-media":"","overlay-type":"","overlay-color":"","overlay-opacity":"","overlay-gradient":""},"mobile":{"background-color":"var(--ast-global-color-5)","background-image":"","background-repeat":"repeat","background-position":"center center","background-size":"auto","background-attachment":"scroll","background-type":"","background-media":"","overlay-type":"","overlay-color":"","overlay-opacity":"","overlay-gradient":""}},"_joinchat":[]},"product_brand":[],"product_cat":[532,504],"product_tag":[],"berocket_brand":[538],"class_list":{"0":"post-22450","1":"product","2":"type-product","3":"status-publish","4":"has-post-thumbnail","6":"product_cat-coletes-premium","7":"product_cat-produtos-premium","8":"berocket_brand-alpinestars","9":"desktop-align-left","10":"tablet-align-left","11":"mobile-align-left","12":"ast-product-gallery-layout-horizontal-slider","13":"ast-product-single-variable","14":"ast-product-tabs-layout-horizontal","16":"first","17":"instock","18":"taxable","19":"shipping-taxable","20":"purchasable","21":"product-type-variable"},"acf":[],"uagb_featured_image_src":{"full":["https:\/\/www.lojadokart.com\/wp-content\/uploads\/2025\/10\/alpinestars-ak-1-homologated-fia-body-protection.webp",800,800,false],"thumbnail":["https:\/\/www.lojadokart.com\/wp-content\/uploads\/2025\/10\/alpinestars-ak-1-homologated-fia-body-protection-150x150.webp",150,150,true],"medium":["https:\/\/www.lojadokart.com\/wp-content\/uploads\/2025\/10\/alpinestars-ak-1-homologated-fia-body-protection-300x300.webp",300,300,true],"medium_large":["https:\/\/www.lojadokart.com\/wp-content\/uploads\/2025\/10\/alpinestars-ak-1-homologated-fia-body-protection-768x768.webp",768,768,true],"large":["https:\/\/www.lojadokart.com\/wp-content\/uploads\/2025\/10\/alpinestars-ak-1-homologated-fia-body-protection.webp",800,800,false],"1536x1536":["https:\/\/www.lojadokart.com\/wp-content\/uploads\/2025\/10\/alpinestars-ak-1-homologated-fia-body-protection.webp",800,800,false],"2048x2048":["https:\/\/www.lojadokart.com\/wp-content\/uploads\/2025\/10\/alpinestars-ak-1-homologated-fia-body-protection.webp",800,800,false],"woocommerce_thumbnail":["https:\/\/www.lojadokart.com\/wp-content\/uploads\/2025\/10\/alpinestars-ak-1-homologated-fia-body-protection-300x300.webp",300,300,true],"woocommerce_single":["https:\/\/www.lojadokart.com\/wp-content\/uploads\/2025\/10\/alpinestars-ak-1-homologated-fia-body-protection-600x600.webp",600,600,true],"woocommerce_gallery_thumbnail":["https:\/\/www.lojadokart.com\/wp-content\/uploads\/2025\/10\/alpinestars-ak-1-homologated-fia-body-protection-100x100.webp",100,100,true]},"uagb_author_info":{"display_name":"admin","author_link":"https:\/\/www.lojadokart.com\/?author=0"},"uagb_comment_info":0,"uagb_excerpt":"AK-1 Kart Body Protector \u2013 Elevada performance e homologa\u00e7\u00e3o FIA STANDARD 8870-2018 O AK-1 Kart Body Protector \u00e9 um protetor corporal de karting de alto desempenho, desenvolvido para competi\u00e7\u00e3o e homologado pela FIA segundo a norma 8870-2018. Com um design ergon\u00f3mico e constru\u00e7\u00e3o em materiais leves, oferece m\u00e1xima prote\u00e7\u00e3o com o m\u00ednimo peso. \u00c9 extremamente&hellip;","_links":{"self":[{"href":"https:\/\/www.lojadokart.com\/index.php?rest_route=\/wp\/v2\/product\/22450","targetHints":{"allow":["GET"]}}],"collection":[{"href":"https:\/\/www.lojadokart.com\/index.php?rest_route=\/wp\/v2\/product"}],"about":[{"href":"https:\/\/www.lojadokart.com\/index.php?rest_route=\/wp\/v2\/types\/product"}],"wp:featuredmedia":[{"embeddable":true,"href":"https:\/\/www.lojadokart.com\/index.php?rest_route=\/wp\/v2\/media\/22457"}],"wp:attachment":[{"href":"https:\/\/www.lojadokart.com\/index.php?rest_route=%2Fwp%2Fv2%2Fmedia&parent=22450"}],"wp:term":[{"taxonomy":"product_brand","embeddable":true,"href":"https:\/\/www.lojadokart.com\/index.php?rest_route=%2Fwp%2Fv2%2Fproduct_brand&post=22450"},{"taxonomy":"product_cat","embeddable":true,"href":"https:\/\/www.lojadokart.com\/index.php?rest_route=%2Fwp%2Fv2%2Fproduct_cat&post=22450"},{"taxonomy":"product_tag","embeddable":true,"href":"https:\/\/www.lojadokart.com\/index.php?rest_route=%2Fwp%2Fv2%2Fproduct_tag&post=22450"},{"taxonomy":"berocket_brand","embeddable":true,"href":"https:\/\/www.lojadokart.com\/index.php?rest_route=%2Fwp%2Fv2%2Fberocket_brand&post=22450"}],"curies":[{"name":"wp","href":"https:\/\/api.w.org\/{rel}","templated":true}]}}