{"id":22526,"date":"2025-11-05T16:10:39","date_gmt":"2025-11-05T16:10:39","guid":{"rendered":"https:\/\/www.lojadokart.com\/?post_type=product&#038;p=22526"},"modified":"2025-12-09T03:02:15","modified_gmt":"2025-12-09T03:02:15","slug":"sodi-racing-cap-2","status":"publish","type":"product","link":"https:\/\/www.lojadokart.com\/?product=sodi-racing-cap-2","title":{"rendered":"SODI RACING CAP"},"content":{"rendered":"<p data-start=\"0\" data-end=\"23\"><strong data-start=\"0\" data-end=\"21\">Bon\u00e9 Sodi \u2013 Preto<\/strong><\/p>\n<p data-start=\"25\" data-end=\"198\">Bon\u00e9 preto com o <strong data-start=\"42\" data-end=\"69\">log\u00f3tipo SODI estampado<\/strong> na parte frontal.<br data-start=\"87\" data-end=\"90\" \/>Fabricado em <strong data-start=\"103\" data-end=\"134\" data-is-only-node=\"\">97% poli\u00e9ster \/ 3% elastano<\/strong>, \u00e9 <strong data-start=\"138\" data-end=\"167\">muito confort\u00e1vel de usar<\/strong>, leve e <strong data-start=\"176\" data-end=\"195\">f\u00e1cil de manter<\/strong>.<\/p>\n<p data-start=\"200\" data-end=\"297\">Possui <strong data-start=\"207\" data-end=\"228\">tamanho ajust\u00e1vel<\/strong>, permitindo um encaixe perfeito para diferentes medidas de cabe\u00e7a.<\/p>\n<p data-start=\"299\" data-end=\"365\" data-is-last-node=\"\" data-is-only-node=\"\">Uma escolha pr\u00e1tica e elegante para o dia a dia ou para o paddock.<\/p>\n","protected":false},"excerpt":{"rendered":"<p>Bon\u00e9 Sodi \u2013 Preto Bon\u00e9 preto com o log\u00f3tipo SODI estampado na parte frontal.Fabricado em 97% poli\u00e9ster \/ 3% elastano, \u00e9 muito confort\u00e1vel de usar, leve e f\u00e1cil de manter. Possui tamanho ajust\u00e1vel, permitindo um encaixe perfeito para diferentes medidas de cabe\u00e7a. Uma escolha pr\u00e1tica e elegante para o dia a dia ou para o [&hellip;]<\/p>\n","protected":false},"featured_media":22527,"template":"","meta":{"_acf_changed":false,"_eb_attr":"","_uag_custom_page_level_css":"","_monsterinsights_skip_tracking":false,"_monsterinsights_sitenote_active":false,"_monsterinsights_sitenote_note":"","_monsterinsights_sitenote_category":0,"site-sidebar-layout":"default","site-content-layout":"","ast-site-content-layout":"default","site-content-style":"default","site-sidebar-style":"default","ast-global-header-display":"","ast-banner-title-visibility":"","ast-main-header-display":"","ast-hfb-above-header-display":"","ast-hfb-below-header-display":"","ast-hfb-mobile-header-display":"","site-post-title":"","ast-breadcrumbs-content":"","ast-featured-img":"","footer-sml-layout":"","ast-disable-related-posts":"","theme-transparent-header-meta":"default","adv-header-id-meta":"","stick-header-meta":"default","header-above-stick-meta":"","header-main-stick-meta":"","header-below-stick-meta":"","astra-migrate-meta-layouts":"set","ast-page-background-enabled":"default","ast-page-background-meta":{"desktop":{"background-color":"","background-image":"","background-repeat":"repeat","background-position":"center center","background-size":"auto","background-attachment":"scroll","background-type":"","background-media":"","overlay-type":"","overlay-color":"","overlay-opacity":"","overlay-gradient":""},"tablet":{"background-color":"","background-image":"","background-repeat":"repeat","background-position":"center center","background-size":"auto","background-attachment":"scroll","background-type":"","background-media":"","overlay-type":"","overlay-color":"","overlay-opacity":"","overlay-gradient":""},"mobile":{"background-color":"","background-image":"","background-repeat":"repeat","background-position":"center center","background-size":"auto","background-attachment":"scroll","background-type":"","background-media":"","overlay-type":"","overlay-color":"","overlay-opacity":"","overlay-gradient":""}},"ast-content-background-meta":{"desktop":{"background-color":"var(--ast-global-color-5)","background-image":"","background-repeat":"repeat","background-position":"center center","background-size":"auto","background-attachment":"scroll","background-type":"","background-media":"","overlay-type":"","overlay-color":"","overlay-opacity":"","overlay-gradient":""},"tablet":{"background-color":"var(--ast-global-color-5)","background-image":"","background-repeat":"repeat","background-position":"center center","background-size":"auto","background-attachment":"scroll","background-type":"","background-media":"","overlay-type":"","overlay-color":"","overlay-opacity":"","overlay-gradient":""},"mobile":{"background-color":"var(--ast-global-color-5)","background-image":"","background-repeat":"repeat","background-position":"center center","background-size":"auto","background-attachment":"scroll","background-type":"","background-media":"","overlay-type":"","overlay-color":"","overlay-opacity":"","overlay-gradient":""}},"_joinchat":[]},"product_brand":[],"product_cat":[778],"product_tag":[],"berocket_brand":[779],"class_list":{"0":"post-22526","1":"product","2":"type-product","3":"status-publish","4":"has-post-thumbnail","6":"product_cat-mercch-sodi","7":"berocket_brand-sodi","8":"desktop-align-left","9":"tablet-align-left","10":"mobile-align-left","11":"ast-product-gallery-layout-horizontal-slider","12":"ast-product-tabs-layout-horizontal","14":"first","15":"outofstock","16":"taxable","17":"shipping-taxable","18":"purchasable","19":"product-type-simple"},"acf":[],"uagb_featured_image_src":{"full":["https:\/\/www.lojadokart.com\/wp-content\/uploads\/2025\/11\/sodi-racing-cap-3.webp",800,800,false],"thumbnail":["https:\/\/www.lojadokart.com\/wp-content\/uploads\/2025\/11\/sodi-racing-cap-3-150x150.webp",150,150,true],"medium":["https:\/\/www.lojadokart.com\/wp-content\/uploads\/2025\/11\/sodi-racing-cap-3-300x300.webp",300,300,true],"medium_large":["https:\/\/www.lojadokart.com\/wp-content\/uploads\/2025\/11\/sodi-racing-cap-3-768x768.webp",768,768,true],"large":["https:\/\/www.lojadokart.com\/wp-content\/uploads\/2025\/11\/sodi-racing-cap-3.webp",800,800,false],"1536x1536":["https:\/\/www.lojadokart.com\/wp-content\/uploads\/2025\/11\/sodi-racing-cap-3.webp",800,800,false],"2048x2048":["https:\/\/www.lojadokart.com\/wp-content\/uploads\/2025\/11\/sodi-racing-cap-3.webp",800,800,false],"woocommerce_thumbnail":["https:\/\/www.lojadokart.com\/wp-content\/uploads\/2025\/11\/sodi-racing-cap-3-300x300.webp",300,300,true],"woocommerce_single":["https:\/\/www.lojadokart.com\/wp-content\/uploads\/2025\/11\/sodi-racing-cap-3-600x600.webp",600,600,true],"woocommerce_gallery_thumbnail":["https:\/\/www.lojadokart.com\/wp-content\/uploads\/2025\/11\/sodi-racing-cap-3-100x100.webp",100,100,true]},"uagb_author_info":{"display_name":"admin","author_link":"https:\/\/www.lojadokart.com\/?author=0"},"uagb_comment_info":0,"uagb_excerpt":"Bon\u00e9 Sodi \u2013 Preto Bon\u00e9 preto com o log\u00f3tipo SODI estampado na parte frontal.Fabricado em 97% poli\u00e9ster \/ 3% elastano, \u00e9 muito confort\u00e1vel de usar, leve e f\u00e1cil de manter. Possui tamanho ajust\u00e1vel, permitindo um encaixe perfeito para diferentes medidas de cabe\u00e7a. Uma escolha pr\u00e1tica e elegante para o dia a dia ou para o&hellip;","_links":{"self":[{"href":"https:\/\/www.lojadokart.com\/index.php?rest_route=\/wp\/v2\/product\/22526","targetHints":{"allow":["GET"]}}],"collection":[{"href":"https:\/\/www.lojadokart.com\/index.php?rest_route=\/wp\/v2\/product"}],"about":[{"href":"https:\/\/www.lojadokart.com\/index.php?rest_route=\/wp\/v2\/types\/product"}],"wp:featuredmedia":[{"embeddable":true,"href":"https:\/\/www.lojadokart.com\/index.php?rest_route=\/wp\/v2\/media\/22527"}],"wp:attachment":[{"href":"https:\/\/www.lojadokart.com\/index.php?rest_route=%2Fwp%2Fv2%2Fmedia&parent=22526"}],"wp:term":[{"taxonomy":"product_brand","embeddable":true,"href":"https:\/\/www.lojadokart.com\/index.php?rest_route=%2Fwp%2Fv2%2Fproduct_brand&post=22526"},{"taxonomy":"product_cat","embeddable":true,"href":"https:\/\/www.lojadokart.com\/index.php?rest_route=%2Fwp%2Fv2%2Fproduct_cat&post=22526"},{"taxonomy":"product_tag","embeddable":true,"href":"https:\/\/www.lojadokart.com\/index.php?rest_route=%2Fwp%2Fv2%2Fproduct_tag&post=22526"},{"taxonomy":"berocket_brand","embeddable":true,"href":"https:\/\/www.lojadokart.com\/index.php?rest_route=%2Fwp%2Fv2%2Fberocket_brand&post=22526"}],"curies":[{"name":"wp","href":"https:\/\/api.w.org\/{rel}","templated":true}]}}