{"id":22535,"date":"2025-11-05T16:19:31","date_gmt":"2025-11-05T16:19:31","guid":{"rendered":"https:\/\/www.lojadokart.com\/?post_type=product&#038;p=22535"},"modified":"2026-03-16T03:02:24","modified_gmt":"2026-03-16T03:02:24","slug":"sodi-racing-bucket-hat","status":"publish","type":"product","link":"https:\/\/www.lojadokart.com\/?product=sodi-racing-bucket-hat","title":{"rendered":"SODI RACING BUCKET HAT"},"content":{"rendered":"<p data-start=\"0\" data-end=\"43\"><strong data-start=\"0\" data-end=\"41\">Chap\u00e9u \u201cBob\u201d Sodi Kart Racing \u2013 Preto<\/strong><\/p>\n<p data-start=\"45\" data-end=\"250\">O <strong data-start=\"47\" data-end=\"60\">bob preto<\/strong> com <strong data-start=\"65\" data-end=\"93\">bordado Sodi Kart Racing<\/strong> \u00e9 um acess\u00f3rio pensado para ser <strong data-start=\"126\" data-end=\"148\">estiloso e pr\u00e1tico<\/strong>.<br data-start=\"149\" data-end=\"152\" \/>Proporciona <strong data-start=\"164\" data-end=\"182\">conforto ideal<\/strong>, perfeito para o ver\u00e3o e tamb\u00e9m para uso di\u00e1rio noutras esta\u00e7\u00f5es.<\/p>\n<p data-start=\"252\" data-end=\"388\">Leve e <strong data-start=\"259\" data-end=\"271\">dobr\u00e1vel<\/strong>, \u00e9 f\u00e1cil de transportar e guardar.<br data-start=\"306\" data-end=\"309\" \/>Fabricado em <strong data-start=\"322\" data-end=\"345\">poli\u00e9ster reciclado<\/strong>, constitui uma <strong data-start=\"361\" data-end=\"385\" data-is-only-node=\"\">op\u00e7\u00e3o mais ecol\u00f3gica<\/strong>.<\/p>\n<p data-start=\"390\" data-end=\"483\">Modelo recomendado para <strong data-start=\"414\" data-end=\"440\">adolescentes e adultos<\/strong>, combinando <strong data-start=\"453\" data-end=\"480\">funcionalidade e estilo<\/strong>.<\/p>\n<p data-start=\"485\" data-end=\"513\" data-is-last-node=\"\" data-is-only-node=\"\"><strong data-start=\"485\" data-end=\"513\" data-is-last-node=\"\">Tamanho \u00fanico ajust\u00e1vel.<\/strong><\/p>\n","protected":false},"excerpt":{"rendered":"<p>Chap\u00e9u \u201cBob\u201d Sodi Kart Racing \u2013 Preto O bob preto com bordado Sodi Kart Racing \u00e9 um acess\u00f3rio pensado para ser estiloso e pr\u00e1tico.Proporciona conforto ideal, perfeito para o ver\u00e3o e tamb\u00e9m para uso di\u00e1rio noutras esta\u00e7\u00f5es. Leve e dobr\u00e1vel, \u00e9 f\u00e1cil de transportar e guardar.Fabricado em poli\u00e9ster reciclado, constitui uma op\u00e7\u00e3o mais ecol\u00f3gica. Modelo [&hellip;]<\/p>\n","protected":false},"featured_media":22536,"template":"","meta":{"_acf_changed":false,"_eb_attr":"","_uag_custom_page_level_css":"","_monsterinsights_skip_tracking":false,"_monsterinsights_sitenote_active":false,"_monsterinsights_sitenote_note":"","_monsterinsights_sitenote_category":0,"site-sidebar-layout":"default","site-content-layout":"","ast-site-content-layout":"default","site-content-style":"default","site-sidebar-style":"default","ast-global-header-display":"","ast-banner-title-visibility":"","ast-main-header-display":"","ast-hfb-above-header-display":"","ast-hfb-below-header-display":"","ast-hfb-mobile-header-display":"","site-post-title":"","ast-breadcrumbs-content":"","ast-featured-img":"","footer-sml-layout":"","ast-disable-related-posts":"","theme-transparent-header-meta":"default","adv-header-id-meta":"","stick-header-meta":"default","header-above-stick-meta":"","header-main-stick-meta":"","header-below-stick-meta":"","astra-migrate-meta-layouts":"set","ast-page-background-enabled":"default","ast-page-background-meta":{"desktop":{"background-color":"","background-image":"","background-repeat":"repeat","background-position":"center center","background-size":"auto","background-attachment":"scroll","background-type":"","background-media":"","overlay-type":"","overlay-color":"","overlay-opacity":"","overlay-gradient":""},"tablet":{"background-color":"","background-image":"","background-repeat":"repeat","background-position":"center center","background-size":"auto","background-attachment":"scroll","background-type":"","background-media":"","overlay-type":"","overlay-color":"","overlay-opacity":"","overlay-gradient":""},"mobile":{"background-color":"","background-image":"","background-repeat":"repeat","background-position":"center center","background-size":"auto","background-attachment":"scroll","background-type":"","background-media":"","overlay-type":"","overlay-color":"","overlay-opacity":"","overlay-gradient":""}},"ast-content-background-meta":{"desktop":{"background-color":"var(--ast-global-color-5)","background-image":"","background-repeat":"repeat","background-position":"center center","background-size":"auto","background-attachment":"scroll","background-type":"","background-media":"","overlay-type":"","overlay-color":"","overlay-opacity":"","overlay-gradient":""},"tablet":{"background-color":"var(--ast-global-color-5)","background-image":"","background-repeat":"repeat","background-position":"center center","background-size":"auto","background-attachment":"scroll","background-type":"","background-media":"","overlay-type":"","overlay-color":"","overlay-opacity":"","overlay-gradient":""},"mobile":{"background-color":"var(--ast-global-color-5)","background-image":"","background-repeat":"repeat","background-position":"center center","background-size":"auto","background-attachment":"scroll","background-type":"","background-media":"","overlay-type":"","overlay-color":"","overlay-opacity":"","overlay-gradient":""}},"_joinchat":[]},"product_brand":[],"product_cat":[778],"product_tag":[],"berocket_brand":[779],"class_list":{"0":"post-22535","1":"product","2":"type-product","3":"status-publish","4":"has-post-thumbnail","6":"product_cat-mercch-sodi","7":"berocket_brand-sodi","8":"desktop-align-left","9":"tablet-align-left","10":"mobile-align-left","11":"ast-product-gallery-layout-horizontal-slider","12":"ast-product-tabs-layout-horizontal","14":"first","15":"outofstock","16":"taxable","17":"shipping-taxable","18":"purchasable","19":"product-type-simple"},"acf":[],"uagb_featured_image_src":{"full":["https:\/\/www.lojadokart.com\/wp-content\/uploads\/2025\/11\/sodi-racing-bucket-hat.webp",800,800,false],"thumbnail":["https:\/\/www.lojadokart.com\/wp-content\/uploads\/2025\/11\/sodi-racing-bucket-hat-150x150.webp",150,150,true],"medium":["https:\/\/www.lojadokart.com\/wp-content\/uploads\/2025\/11\/sodi-racing-bucket-hat-300x300.webp",300,300,true],"medium_large":["https:\/\/www.lojadokart.com\/wp-content\/uploads\/2025\/11\/sodi-racing-bucket-hat-768x768.webp",768,768,true],"large":["https:\/\/www.lojadokart.com\/wp-content\/uploads\/2025\/11\/sodi-racing-bucket-hat.webp",800,800,false],"1536x1536":["https:\/\/www.lojadokart.com\/wp-content\/uploads\/2025\/11\/sodi-racing-bucket-hat.webp",800,800,false],"2048x2048":["https:\/\/www.lojadokart.com\/wp-content\/uploads\/2025\/11\/sodi-racing-bucket-hat.webp",800,800,false],"woocommerce_thumbnail":["https:\/\/www.lojadokart.com\/wp-content\/uploads\/2025\/11\/sodi-racing-bucket-hat-300x300.webp",300,300,true],"woocommerce_single":["https:\/\/www.lojadokart.com\/wp-content\/uploads\/2025\/11\/sodi-racing-bucket-hat-600x600.webp",600,600,true],"woocommerce_gallery_thumbnail":["https:\/\/www.lojadokart.com\/wp-content\/uploads\/2025\/11\/sodi-racing-bucket-hat-100x100.webp",100,100,true]},"uagb_author_info":{"display_name":"admin","author_link":"https:\/\/www.lojadokart.com\/?author=0"},"uagb_comment_info":0,"uagb_excerpt":"Chap\u00e9u \u201cBob\u201d Sodi Kart Racing \u2013 Preto O bob preto com bordado Sodi Kart Racing \u00e9 um acess\u00f3rio pensado para ser estiloso e pr\u00e1tico.Proporciona conforto ideal, perfeito para o ver\u00e3o e tamb\u00e9m para uso di\u00e1rio noutras esta\u00e7\u00f5es. Leve e dobr\u00e1vel, \u00e9 f\u00e1cil de transportar e guardar.Fabricado em poli\u00e9ster reciclado, constitui uma op\u00e7\u00e3o mais ecol\u00f3gica. Modelo&hellip;","_links":{"self":[{"href":"https:\/\/www.lojadokart.com\/index.php?rest_route=\/wp\/v2\/product\/22535","targetHints":{"allow":["GET"]}}],"collection":[{"href":"https:\/\/www.lojadokart.com\/index.php?rest_route=\/wp\/v2\/product"}],"about":[{"href":"https:\/\/www.lojadokart.com\/index.php?rest_route=\/wp\/v2\/types\/product"}],"wp:featuredmedia":[{"embeddable":true,"href":"https:\/\/www.lojadokart.com\/index.php?rest_route=\/wp\/v2\/media\/22536"}],"wp:attachment":[{"href":"https:\/\/www.lojadokart.com\/index.php?rest_route=%2Fwp%2Fv2%2Fmedia&parent=22535"}],"wp:term":[{"taxonomy":"product_brand","embeddable":true,"href":"https:\/\/www.lojadokart.com\/index.php?rest_route=%2Fwp%2Fv2%2Fproduct_brand&post=22535"},{"taxonomy":"product_cat","embeddable":true,"href":"https:\/\/www.lojadokart.com\/index.php?rest_route=%2Fwp%2Fv2%2Fproduct_cat&post=22535"},{"taxonomy":"product_tag","embeddable":true,"href":"https:\/\/www.lojadokart.com\/index.php?rest_route=%2Fwp%2Fv2%2Fproduct_tag&post=22535"},{"taxonomy":"berocket_brand","embeddable":true,"href":"https:\/\/www.lojadokart.com\/index.php?rest_route=%2Fwp%2Fv2%2Fberocket_brand&post=22535"}],"curies":[{"name":"wp","href":"https:\/\/api.w.org\/{rel}","templated":true}]}}