{"id":22660,"date":"2025-12-03T11:43:45","date_gmt":"2025-12-03T11:43:45","guid":{"rendered":"https:\/\/www.lojadokart.com\/?post_type=product&#038;p=22660"},"modified":"2026-04-13T04:00:31","modified_gmt":"2026-04-13T03:00:31","slug":"capacete-zamp-rz-38","status":"publish","type":"product","link":"https:\/\/www.lojadokart.com\/?product=capacete-zamp-rz-38","title":{"rendered":"CAPACETE ZAMP RZ-38"},"content":{"rendered":"<p data-start=\"55\" data-end=\"119\"><strong data-start=\"55\" data-end=\"119\">Capacete Zamp RZ-38 \u2013 Desempenho e seguran\u00e7a para competi\u00e7\u00e3o<\/strong><\/p>\n<p data-start=\"121\" data-end=\"313\">Concebido para pilotos exigentes, o Zamp RZ-38 possui certifica\u00e7\u00e3o SNELL SA2025 e apresenta uma calota em fibra de vidro e comp\u00f3sito, com design tipo <em data-start=\"271\" data-end=\"282\">duck bill<\/em> otimizado para a aerodin\u00e2mica.<\/p>\n<p data-start=\"315\" data-end=\"346\"><strong data-start=\"315\" data-end=\"346\">Caracter\u00edsticas principais:<\/strong><\/p>\n<ul data-start=\"347\" data-end=\"703\">\n<li data-start=\"347\" data-end=\"468\">\n<p data-start=\"349\" data-end=\"468\"><strong data-start=\"349\" data-end=\"373\">Ventila\u00e7\u00e3o avan\u00e7ada:<\/strong> 7 entradas de ar frontais + 7 entradas superiores (Top Air System) para um fluxo de ar ideal<\/p>\n<\/li>\n<li data-start=\"469\" data-end=\"534\">\n<p data-start=\"471\" data-end=\"534\"><strong data-start=\"471\" data-end=\"502\">Interior ultra-confort\u00e1vel:<\/strong> ign\u00edfugo, remov\u00edvel e lav\u00e1vel<\/p>\n<\/li>\n<li data-start=\"535\" data-end=\"668\">\n<p data-start=\"537\" data-end=\"668\"><strong data-start=\"537\" data-end=\"567\">Visor de alta resist\u00eancia:<\/strong> ecr\u00e3 de 3 mm \u201cs\u00e9rie Z-20\u201d com suportes de <em data-start=\"610\" data-end=\"620\">tear-off<\/em> de 12,25 polegadas (inclui ecr\u00e3 transparente)<\/p>\n<\/li>\n<li data-start=\"669\" data-end=\"703\">\n<p data-start=\"671\" data-end=\"703\"><strong data-start=\"671\" data-end=\"680\">Peso:<\/strong> 1.490 g no tamanho M<\/p>\n<\/li>\n<\/ul>\n<p data-start=\"705\" data-end=\"740\">N\u00e3o homologado para uso em estrada.<\/p>\n<p data-start=\"742\" data-end=\"832\" data-is-last-node=\"\" data-is-only-node=\"\"><strong data-start=\"742\" data-end=\"755\">Tamanhos:<\/strong><br data-start=\"755\" data-end=\"758\" \/>XS (53\u201354 cm)<br data-start=\"771\" data-end=\"774\" \/>S (55\u201356 cm)<br data-start=\"786\" data-end=\"789\" \/>M (57\u201358 cm)<br data-start=\"801\" data-end=\"804\" \/>L (59\u201360 cm)<br data-start=\"816\" data-end=\"819\" \/>XL (61\u201362 cm)<\/p>\n","protected":false},"excerpt":{"rendered":"<p>Capacete Zamp RZ-38 \u2013 Desempenho e seguran\u00e7a para competi\u00e7\u00e3o Concebido para pilotos exigentes, o Zamp RZ-38 possui certifica\u00e7\u00e3o SNELL SA2025 e apresenta uma calota em fibra de vidro e comp\u00f3sito, com design tipo duck bill otimizado para a aerodin\u00e2mica. Caracter\u00edsticas principais: Ventila\u00e7\u00e3o avan\u00e7ada: 7 entradas de ar frontais + 7 entradas superiores (Top Air System) [&hellip;]<\/p>\n","protected":false},"featured_media":22666,"template":"","meta":{"_acf_changed":false,"_eb_attr":"","_uag_custom_page_level_css":"","_monsterinsights_skip_tracking":false,"_monsterinsights_sitenote_active":false,"_monsterinsights_sitenote_note":"","_monsterinsights_sitenote_category":0,"site-sidebar-layout":"default","site-content-layout":"","ast-site-content-layout":"default","site-content-style":"default","site-sidebar-style":"default","ast-global-header-display":"","ast-banner-title-visibility":"","ast-main-header-display":"","ast-hfb-above-header-display":"","ast-hfb-below-header-display":"","ast-hfb-mobile-header-display":"","site-post-title":"","ast-breadcrumbs-content":"","ast-featured-img":"","footer-sml-layout":"","ast-disable-related-posts":"","theme-transparent-header-meta":"default","adv-header-id-meta":"","stick-header-meta":"default","header-above-stick-meta":"","header-main-stick-meta":"","header-below-stick-meta":"","astra-migrate-meta-layouts":"set","ast-page-background-enabled":"default","ast-page-background-meta":{"desktop":{"background-color":"","background-image":"","background-repeat":"repeat","background-position":"center center","background-size":"auto","background-attachment":"scroll","background-type":"","background-media":"","overlay-type":"","overlay-color":"","overlay-opacity":"","overlay-gradient":""},"tablet":{"background-color":"","background-image":"","background-repeat":"repeat","background-position":"center center","background-size":"auto","background-attachment":"scroll","background-type":"","background-media":"","overlay-type":"","overlay-color":"","overlay-opacity":"","overlay-gradient":""},"mobile":{"background-color":"","background-image":"","background-repeat":"repeat","background-position":"center center","background-size":"auto","background-attachment":"scroll","background-type":"","background-media":"","overlay-type":"","overlay-color":"","overlay-opacity":"","overlay-gradient":""}},"ast-content-background-meta":{"desktop":{"background-color":"var(--ast-global-color-5)","background-image":"","background-repeat":"repeat","background-position":"center center","background-size":"auto","background-attachment":"scroll","background-type":"","background-media":"","overlay-type":"","overlay-color":"","overlay-opacity":"","overlay-gradient":""},"tablet":{"background-color":"var(--ast-global-color-5)","background-image":"","background-repeat":"repeat","background-position":"center center","background-size":"auto","background-attachment":"scroll","background-type":"","background-media":"","overlay-type":"","overlay-color":"","overlay-opacity":"","overlay-gradient":""},"mobile":{"background-color":"var(--ast-global-color-5)","background-image":"","background-repeat":"repeat","background-position":"center center","background-size":"auto","background-attachment":"scroll","background-type":"","background-media":"","overlay-type":"","overlay-color":"","overlay-opacity":"","overlay-gradient":""}},"_joinchat":[]},"product_brand":[],"product_cat":[505],"product_tag":[],"berocket_brand":[775],"class_list":{"0":"post-22660","1":"product","2":"type-product","3":"status-publish","4":"has-post-thumbnail","6":"product_cat-capacetes-premium","7":"berocket_brand-zamp","8":"desktop-align-left","9":"tablet-align-left","10":"mobile-align-left","11":"ast-product-gallery-layout-horizontal-slider","12":"ast-product-single-variable","13":"ast-product-tabs-layout-horizontal","15":"first","16":"outofstock","17":"taxable","18":"shipping-taxable","19":"purchasable","20":"product-type-variable"},"acf":[],"uagb_featured_image_src":{"full":["https:\/\/www.lojadokart.com\/wp-content\/uploads\/2025\/12\/zamp-helmet-rz-38-xs.webp",800,800,false],"thumbnail":["https:\/\/www.lojadokart.com\/wp-content\/uploads\/2025\/12\/zamp-helmet-rz-38-xs-150x150.webp",150,150,true],"medium":["https:\/\/www.lojadokart.com\/wp-content\/uploads\/2025\/12\/zamp-helmet-rz-38-xs-300x300.webp",300,300,true],"medium_large":["https:\/\/www.lojadokart.com\/wp-content\/uploads\/2025\/12\/zamp-helmet-rz-38-xs-768x768.webp",768,768,true],"large":["https:\/\/www.lojadokart.com\/wp-content\/uploads\/2025\/12\/zamp-helmet-rz-38-xs.webp",800,800,false],"1536x1536":["https:\/\/www.lojadokart.com\/wp-content\/uploads\/2025\/12\/zamp-helmet-rz-38-xs.webp",800,800,false],"2048x2048":["https:\/\/www.lojadokart.com\/wp-content\/uploads\/2025\/12\/zamp-helmet-rz-38-xs.webp",800,800,false],"woocommerce_thumbnail":["https:\/\/www.lojadokart.com\/wp-content\/uploads\/2025\/12\/zamp-helmet-rz-38-xs-300x300.webp",300,300,true],"woocommerce_single":["https:\/\/www.lojadokart.com\/wp-content\/uploads\/2025\/12\/zamp-helmet-rz-38-xs-600x600.webp",600,600,true],"woocommerce_gallery_thumbnail":["https:\/\/www.lojadokart.com\/wp-content\/uploads\/2025\/12\/zamp-helmet-rz-38-xs-100x100.webp",100,100,true]},"uagb_author_info":{"display_name":"admin","author_link":"https:\/\/www.lojadokart.com\/?author=0"},"uagb_comment_info":0,"uagb_excerpt":"Capacete Zamp RZ-38 \u2013 Desempenho e seguran\u00e7a para competi\u00e7\u00e3o Concebido para pilotos exigentes, o Zamp RZ-38 possui certifica\u00e7\u00e3o SNELL SA2025 e apresenta uma calota em fibra de vidro e comp\u00f3sito, com design tipo duck bill otimizado para a aerodin\u00e2mica. Caracter\u00edsticas principais: Ventila\u00e7\u00e3o avan\u00e7ada: 7 entradas de ar frontais + 7 entradas superiores (Top Air System)&hellip;","_links":{"self":[{"href":"https:\/\/www.lojadokart.com\/index.php?rest_route=\/wp\/v2\/product\/22660","targetHints":{"allow":["GET"]}}],"collection":[{"href":"https:\/\/www.lojadokart.com\/index.php?rest_route=\/wp\/v2\/product"}],"about":[{"href":"https:\/\/www.lojadokart.com\/index.php?rest_route=\/wp\/v2\/types\/product"}],"wp:featuredmedia":[{"embeddable":true,"href":"https:\/\/www.lojadokart.com\/index.php?rest_route=\/wp\/v2\/media\/22666"}],"wp:attachment":[{"href":"https:\/\/www.lojadokart.com\/index.php?rest_route=%2Fwp%2Fv2%2Fmedia&parent=22660"}],"wp:term":[{"taxonomy":"product_brand","embeddable":true,"href":"https:\/\/www.lojadokart.com\/index.php?rest_route=%2Fwp%2Fv2%2Fproduct_brand&post=22660"},{"taxonomy":"product_cat","embeddable":true,"href":"https:\/\/www.lojadokart.com\/index.php?rest_route=%2Fwp%2Fv2%2Fproduct_cat&post=22660"},{"taxonomy":"product_tag","embeddable":true,"href":"https:\/\/www.lojadokart.com\/index.php?rest_route=%2Fwp%2Fv2%2Fproduct_tag&post=22660"},{"taxonomy":"berocket_brand","embeddable":true,"href":"https:\/\/www.lojadokart.com\/index.php?rest_route=%2Fwp%2Fv2%2Fberocket_brand&post=22660"}],"curies":[{"name":"wp","href":"https:\/\/api.w.org\/{rel}","templated":true}]}}