{"id":3413,"date":"2021-01-18T20:06:11","date_gmt":"2021-01-18T20:06:11","guid":{"rendered":"https:\/\/www.lojadokart.com\/?post_type=product&#038;p=3413"},"modified":"2026-04-19T04:13:07","modified_gmt":"2026-04-19T03:13:07","slug":"sparco-sj-pro","status":"publish","type":"product","link":"https:\/\/www.lojadokart.com\/?product=sparco-sj-pro","title":{"rendered":"Sparco SJ PRO"},"content":{"rendered":"<p>120 &#8211; \u00d8 62-68<\/p>\n<p>130 &#8211; \u00d8 68-74<\/p>\n<p>140 &#8211; \u00d8 74-82<\/p>\n<p>XS &#8211; \u00d8 81-90<\/p>\n<p>S &#8211; \u00d8 85-97<\/p>\n<p>M &#8211; \u00d8 95-106<\/p>\n<p>L &#8211; \u00d8 102-109<\/p>\n<p>XL &#8211; \u00d8 105-112<\/p>\n<p>&nbsp;<\/p>\n","protected":false},"excerpt":{"rendered":"<p>120 &#8211; \u00d8 62-68 130 &#8211; \u00d8 68-74 140 &#8211; \u00d8 74-82 XS &#8211; \u00d8 81-90 S &#8211; \u00d8 85-97 M &#8211; \u00d8 95-106 L &#8211; \u00d8 102-109 XL &#8211; \u00d8 105-112 &nbsp;<\/p>\n","protected":false},"featured_media":1331,"template":"","meta":{"_acf_changed":false,"_eb_attr":"","_uag_custom_page_level_css":"","_monsterinsights_skip_tracking":false,"_monsterinsights_sitenote_active":false,"_monsterinsights_sitenote_note":"","_monsterinsights_sitenote_category":0,"site-sidebar-layout":"default","site-content-layout":"default","ast-site-content-layout":"default","site-content-style":"default","site-sidebar-style":"default","ast-global-header-display":"","ast-banner-title-visibility":"","ast-main-header-display":"","ast-hfb-above-header-display":"","ast-hfb-below-header-display":"","ast-hfb-mobile-header-display":"","site-post-title":"","ast-breadcrumbs-content":"","ast-featured-img":"","footer-sml-layout":"","ast-disable-related-posts":"","theme-transparent-header-meta":"default","adv-header-id-meta":"","stick-header-meta":"","header-above-stick-meta":"","header-main-stick-meta":"","header-below-stick-meta":"","astra-migrate-meta-layouts":"default","ast-page-background-enabled":"default","ast-page-background-meta":{"desktop":{"background-color":"","background-image":"","background-repeat":"repeat","background-position":"center center","background-size":"auto","background-attachment":"scroll","background-type":"","background-media":"","overlay-type":"","overlay-color":"","overlay-opacity":"","overlay-gradient":""},"tablet":{"background-color":"","background-image":"","background-repeat":"repeat","background-position":"center center","background-size":"auto","background-attachment":"scroll","background-type":"","background-media":"","overlay-type":"","overlay-color":"","overlay-opacity":"","overlay-gradient":""},"mobile":{"background-color":"","background-image":"","background-repeat":"repeat","background-position":"center center","background-size":"auto","background-attachment":"scroll","background-type":"","background-media":"","overlay-type":"","overlay-color":"","overlay-opacity":"","overlay-gradient":""}},"ast-content-background-meta":{"desktop":{"background-color":"var(--ast-global-color-5)","background-image":"","background-repeat":"repeat","background-position":"center center","background-size":"auto","background-attachment":"scroll","background-type":"","background-media":"","overlay-type":"","overlay-color":"","overlay-opacity":"","overlay-gradient":""},"tablet":{"background-color":"var(--ast-global-color-5)","background-image":"","background-repeat":"repeat","background-position":"center center","background-size":"auto","background-attachment":"scroll","background-type":"","background-media":"","overlay-type":"","overlay-color":"","overlay-opacity":"","overlay-gradient":""},"mobile":{"background-color":"var(--ast-global-color-5)","background-image":"","background-repeat":"repeat","background-position":"center center","background-size":"auto","background-attachment":"scroll","background-type":"","background-media":"","overlay-type":"","overlay-color":"","overlay-opacity":"","overlay-gradient":""}},"_joinchat":[]},"product_brand":[],"product_cat":[26,72],"product_tag":[],"berocket_brand":[535],"class_list":{"0":"post-3413","1":"product","2":"type-product","3":"status-publish","4":"has-post-thumbnail","6":"product_cat-coletes","7":"product_cat-sparco","8":"berocket_brand-sparco","9":"desktop-align-left","10":"tablet-align-left","11":"mobile-align-left","12":"ast-product-gallery-layout-horizontal-slider","13":"ast-product-single-variable","14":"ast-product-tabs-layout-horizontal","16":"first","17":"instock","18":"taxable","19":"shipping-taxable","20":"purchasable","21":"product-type-variable"},"acf":[],"uagb_featured_image_src":{"full":["https:\/\/www.lojadokart.com\/wp-content\/uploads\/2020\/12\/sp248.jpg",500,500,false],"thumbnail":["https:\/\/www.lojadokart.com\/wp-content\/uploads\/2020\/12\/sp248-150x150.jpg",150,150,true],"medium":["https:\/\/www.lojadokart.com\/wp-content\/uploads\/2020\/12\/sp248-300x300.jpg",300,300,true],"medium_large":["https:\/\/www.lojadokart.com\/wp-content\/uploads\/2020\/12\/sp248.jpg",500,500,false],"large":["https:\/\/www.lojadokart.com\/wp-content\/uploads\/2020\/12\/sp248.jpg",500,500,false],"1536x1536":["https:\/\/www.lojadokart.com\/wp-content\/uploads\/2020\/12\/sp248.jpg",500,500,false],"2048x2048":["https:\/\/www.lojadokart.com\/wp-content\/uploads\/2020\/12\/sp248.jpg",500,500,false],"woocommerce_thumbnail":["https:\/\/www.lojadokart.com\/wp-content\/uploads\/2020\/12\/sp248-300x300.jpg",300,300,true],"woocommerce_single":["https:\/\/www.lojadokart.com\/wp-content\/uploads\/2020\/12\/sp248.jpg",500,500,false],"woocommerce_gallery_thumbnail":["https:\/\/www.lojadokart.com\/wp-content\/uploads\/2020\/12\/sp248-100x100.jpg",100,100,true]},"uagb_author_info":{"display_name":"admin","author_link":"https:\/\/www.lojadokart.com\/?author=0"},"uagb_comment_info":0,"uagb_excerpt":"120 &#8211; \u00d8 62-68 130 &#8211; \u00d8 68-74 140 &#8211; \u00d8 74-82 XS &#8211; \u00d8 81-90 S &#8211; \u00d8 85-97 M &#8211; \u00d8 95-106 L &#8211; \u00d8 102-109 XL &#8211; \u00d8 105-112 &nbsp;","_links":{"self":[{"href":"https:\/\/www.lojadokart.com\/index.php?rest_route=\/wp\/v2\/product\/3413","targetHints":{"allow":["GET"]}}],"collection":[{"href":"https:\/\/www.lojadokart.com\/index.php?rest_route=\/wp\/v2\/product"}],"about":[{"href":"https:\/\/www.lojadokart.com\/index.php?rest_route=\/wp\/v2\/types\/product"}],"wp:featuredmedia":[{"embeddable":true,"href":"https:\/\/www.lojadokart.com\/index.php?rest_route=\/wp\/v2\/media\/1331"}],"wp:attachment":[{"href":"https:\/\/www.lojadokart.com\/index.php?rest_route=%2Fwp%2Fv2%2Fmedia&parent=3413"}],"wp:term":[{"taxonomy":"product_brand","embeddable":true,"href":"https:\/\/www.lojadokart.com\/index.php?rest_route=%2Fwp%2Fv2%2Fproduct_brand&post=3413"},{"taxonomy":"product_cat","embeddable":true,"href":"https:\/\/www.lojadokart.com\/index.php?rest_route=%2Fwp%2Fv2%2Fproduct_cat&post=3413"},{"taxonomy":"product_tag","embeddable":true,"href":"https:\/\/www.lojadokart.com\/index.php?rest_route=%2Fwp%2Fv2%2Fproduct_tag&post=3413"},{"taxonomy":"berocket_brand","embeddable":true,"href":"https:\/\/www.lojadokart.com\/index.php?rest_route=%2Fwp%2Fv2%2Fberocket_brand&post=3413"}],"curies":[{"name":"wp","href":"https:\/\/api.w.org\/{rel}","templated":true}]}}