{"id":4969,"date":"2021-12-02T15:36:34","date_gmt":"2021-12-02T15:36:34","guid":{"rendered":"https:\/\/www.lojadokart.com\/?post_type=product&#038;p=4969"},"modified":"2024-05-22T10:16:32","modified_gmt":"2024-05-22T09:16:32","slug":"oleo-xps-rotax-gear","status":"publish","type":"product","link":"https:\/\/www.lojadokart.com\/?product=oleo-xps-rotax-gear","title":{"rendered":"Oleo XPS Rotax Gear"},"content":{"rendered":"<p>KART GEAR OIL XPS KART TEC XPS\u00ae KART TEC O KART GEAR OIL foi desenvolvido especialmente para os motores de kart Rotax MAX de alto desempenho. Reduz o desgaste e \u00e9 resistente \u00e0 temperatura. Para a dosagem correta, siga as recomenda\u00e7\u00f5es do fabricante do motor. N\u00e3o \u00e9 adequado para motores de kart com caixa de velocidades manual! Aconselhamos a troca do XPS\u00ae KART TEC KART GEAR OIL a cada 5 horas \u00fateis.<\/p>\n","protected":false},"excerpt":{"rendered":"<p>KART GEAR OIL XPS KART TEC XPS\u00ae KART TEC O KART GEAR OIL foi desenvolvido especialmente para os motores de kart Rotax MAX de alto desempenho. Reduz o desgaste e \u00e9 resistente \u00e0 temperatura. Para a dosagem correta, siga as recomenda\u00e7\u00f5es do fabricante do motor. N\u00e3o \u00e9 adequado para motores de kart com caixa de [&hellip;]<\/p>\n","protected":false},"featured_media":4970,"template":"","meta":{"_acf_changed":false,"_eb_attr":"","_uag_custom_page_level_css":"","_monsterinsights_skip_tracking":false,"_monsterinsights_sitenote_active":false,"_monsterinsights_sitenote_note":"","_monsterinsights_sitenote_category":0,"site-sidebar-layout":"default","site-content-layout":"default","ast-site-content-layout":"default","site-content-style":"default","site-sidebar-style":"default","ast-global-header-display":"","ast-banner-title-visibility":"","ast-main-header-display":"","ast-hfb-above-header-display":"","ast-hfb-below-header-display":"","ast-hfb-mobile-header-display":"","site-post-title":"","ast-breadcrumbs-content":"","ast-featured-img":"","footer-sml-layout":"","ast-disable-related-posts":"","theme-transparent-header-meta":"default","adv-header-id-meta":"","stick-header-meta":"","header-above-stick-meta":"","header-main-stick-meta":"","header-below-stick-meta":"","astra-migrate-meta-layouts":"default","ast-page-background-enabled":"default","ast-page-background-meta":{"desktop":{"background-color":"","background-image":"","background-repeat":"repeat","background-position":"center center","background-size":"auto","background-attachment":"scroll","background-type":"","background-media":"","overlay-type":"","overlay-color":"","overlay-opacity":"","overlay-gradient":""},"tablet":{"background-color":"","background-image":"","background-repeat":"repeat","background-position":"center center","background-size":"auto","background-attachment":"scroll","background-type":"","background-media":"","overlay-type":"","overlay-color":"","overlay-opacity":"","overlay-gradient":""},"mobile":{"background-color":"","background-image":"","background-repeat":"repeat","background-position":"center center","background-size":"auto","background-attachment":"scroll","background-type":"","background-media":"","overlay-type":"","overlay-color":"","overlay-opacity":"","overlay-gradient":""}},"ast-content-background-meta":{"desktop":{"background-color":"var(--ast-global-color-5)","background-image":"","background-repeat":"repeat","background-position":"center center","background-size":"auto","background-attachment":"scroll","background-type":"","background-media":"","overlay-type":"","overlay-color":"","overlay-opacity":"","overlay-gradient":""},"tablet":{"background-color":"var(--ast-global-color-5)","background-image":"","background-repeat":"repeat","background-position":"center center","background-size":"auto","background-attachment":"scroll","background-type":"","background-media":"","overlay-type":"","overlay-color":"","overlay-opacity":"","overlay-gradient":""},"mobile":{"background-color":"var(--ast-global-color-5)","background-image":"","background-repeat":"repeat","background-position":"center center","background-size":"auto","background-attachment":"scroll","background-type":"","background-media":"","overlay-type":"","overlay-color":"","overlay-opacity":"","overlay-gradient":""}},"_joinchat":[]},"product_brand":[],"product_cat":[294],"product_tag":[],"berocket_brand":[],"class_list":{"0":"post-4969","1":"product","2":"type-product","3":"status-publish","4":"has-post-thumbnail","6":"product_cat-rotax-evo-max-junior-mini-micro","7":"desktop-align-left","8":"tablet-align-left","9":"mobile-align-left","10":"ast-product-gallery-layout-horizontal-slider","11":"ast-product-gallery-with-no-image","12":"ast-product-tabs-layout-horizontal","14":"first","15":"outofstock","16":"taxable","17":"shipping-taxable","18":"purchasable","19":"product-type-simple"},"acf":[],"uagb_featured_image_src":{"full":["https:\/\/www.lojadokart.com\/wp-content\/uploads\/2021\/12\/rm25472.jpg",500,500,false],"thumbnail":["https:\/\/www.lojadokart.com\/wp-content\/uploads\/2021\/12\/rm25472-150x150.jpg",150,150,true],"medium":["https:\/\/www.lojadokart.com\/wp-content\/uploads\/2021\/12\/rm25472-300x300.jpg",300,300,true],"medium_large":["https:\/\/www.lojadokart.com\/wp-content\/uploads\/2021\/12\/rm25472.jpg",500,500,false],"large":["https:\/\/www.lojadokart.com\/wp-content\/uploads\/2021\/12\/rm25472.jpg",500,500,false],"1536x1536":["https:\/\/www.lojadokart.com\/wp-content\/uploads\/2021\/12\/rm25472.jpg",500,500,false],"2048x2048":["https:\/\/www.lojadokart.com\/wp-content\/uploads\/2021\/12\/rm25472.jpg",500,500,false],"woocommerce_thumbnail":["https:\/\/www.lojadokart.com\/wp-content\/uploads\/2021\/12\/rm25472-300x300.jpg",300,300,true],"woocommerce_single":["https:\/\/www.lojadokart.com\/wp-content\/uploads\/2021\/12\/rm25472.jpg",500,500,false],"woocommerce_gallery_thumbnail":["https:\/\/www.lojadokart.com\/wp-content\/uploads\/2021\/12\/rm25472-100x100.jpg",100,100,true]},"uagb_author_info":{"display_name":"admin","author_link":"https:\/\/www.lojadokart.com\/?author=0"},"uagb_comment_info":0,"uagb_excerpt":"KART GEAR OIL XPS KART TEC XPS\u00ae KART TEC O KART GEAR OIL foi desenvolvido especialmente para os motores de kart Rotax MAX de alto desempenho. Reduz o desgaste e \u00e9 resistente \u00e0 temperatura. Para a dosagem correta, siga as recomenda\u00e7\u00f5es do fabricante do motor. N\u00e3o \u00e9 adequado para motores de kart com caixa de&hellip;","_links":{"self":[{"href":"https:\/\/www.lojadokart.com\/index.php?rest_route=\/wp\/v2\/product\/4969","targetHints":{"allow":["GET"]}}],"collection":[{"href":"https:\/\/www.lojadokart.com\/index.php?rest_route=\/wp\/v2\/product"}],"about":[{"href":"https:\/\/www.lojadokart.com\/index.php?rest_route=\/wp\/v2\/types\/product"}],"wp:featuredmedia":[{"embeddable":true,"href":"https:\/\/www.lojadokart.com\/index.php?rest_route=\/wp\/v2\/media\/4970"}],"wp:attachment":[{"href":"https:\/\/www.lojadokart.com\/index.php?rest_route=%2Fwp%2Fv2%2Fmedia&parent=4969"}],"wp:term":[{"taxonomy":"product_brand","embeddable":true,"href":"https:\/\/www.lojadokart.com\/index.php?rest_route=%2Fwp%2Fv2%2Fproduct_brand&post=4969"},{"taxonomy":"product_cat","embeddable":true,"href":"https:\/\/www.lojadokart.com\/index.php?rest_route=%2Fwp%2Fv2%2Fproduct_cat&post=4969"},{"taxonomy":"product_tag","embeddable":true,"href":"https:\/\/www.lojadokart.com\/index.php?rest_route=%2Fwp%2Fv2%2Fproduct_tag&post=4969"},{"taxonomy":"berocket_brand","embeddable":true,"href":"https:\/\/www.lojadokart.com\/index.php?rest_route=%2Fwp%2Fv2%2Fberocket_brand&post=4969"}],"curies":[{"name":"wp","href":"https:\/\/api.w.org\/{rel}","templated":true}]}}