{"id":5001,"date":"2021-12-14T18:02:33","date_gmt":"2021-12-14T18:02:33","guid":{"rendered":"https:\/\/www.lojadokart.com\/?post_type=product&#038;p=5001"},"modified":"2026-04-27T05:02:07","modified_gmt":"2026-04-27T04:02:07","slug":"cola-de-juntas-xeramic","status":"publish","type":"product","link":"https:\/\/www.lojadokart.com\/?product=cola-de-juntas-xeramic","title":{"rendered":"Cola de juntas Xeramic"},"content":{"rendered":"<p>PM XERAMIC\u00ae INSTANT GASKET BLACK \u00e9 ideal para juntas de reposi\u00e7\u00e3o para tampas de v\u00e1lvulas, caixas de transmiss\u00e3o e \u00f3leo, bombas de \u00e1gua, caixas de termostato, coletores de escapamento, caixas de termostato e muito mais. Resiste a fluidos de transmiss\u00e3o, \u00e1gua, \u00f3leo e anticongelante. Substitui juntas de corti\u00e7a, papel, feltro e borracha. N\u00e3o recomendado para uso em juntas de cabe\u00e7ote ou imers\u00e3o cont\u00ednua em gasolina. Suporta altas temperaturas de at\u00e9 250 \u00b0 C (intermitente). Faixa de temperatura de -73 \u00b0 C a + 250 \u00b0 C. Baixa vol\u00e1til, sensor de oxig\u00eanio seguro. N\u00famero da pe\u00e7a: 20151 Conte\u00fado: 200 ml<\/p>\n","protected":false},"excerpt":{"rendered":"<p>PM XERAMIC\u00ae INSTANT GASKET BLACK \u00e9 ideal para juntas de reposi\u00e7\u00e3o para tampas de v\u00e1lvulas, caixas de transmiss\u00e3o e \u00f3leo, bombas de \u00e1gua, caixas de termostato, coletores de escapamento, caixas de termostato e muito mais. Resiste a fluidos de transmiss\u00e3o, \u00e1gua, \u00f3leo e anticongelante. Substitui juntas de corti\u00e7a, papel, feltro e borracha. N\u00e3o recomendado para [&hellip;]<\/p>\n","protected":false},"featured_media":5002,"template":"","meta":{"_acf_changed":false,"_eb_attr":"","_uag_custom_page_level_css":"","_monsterinsights_skip_tracking":false,"_monsterinsights_sitenote_active":false,"_monsterinsights_sitenote_note":"","_monsterinsights_sitenote_category":0,"site-sidebar-layout":"default","site-content-layout":"default","ast-site-content-layout":"default","site-content-style":"default","site-sidebar-style":"default","ast-global-header-display":"","ast-banner-title-visibility":"","ast-main-header-display":"","ast-hfb-above-header-display":"","ast-hfb-below-header-display":"","ast-hfb-mobile-header-display":"","site-post-title":"","ast-breadcrumbs-content":"","ast-featured-img":"","footer-sml-layout":"","ast-disable-related-posts":"","theme-transparent-header-meta":"default","adv-header-id-meta":"","stick-header-meta":"","header-above-stick-meta":"","header-main-stick-meta":"","header-below-stick-meta":"","astra-migrate-meta-layouts":"default","ast-page-background-enabled":"default","ast-page-background-meta":{"desktop":{"background-color":"","background-image":"","background-repeat":"repeat","background-position":"center center","background-size":"auto","background-attachment":"scroll","background-type":"","background-media":"","overlay-type":"","overlay-color":"","overlay-opacity":"","overlay-gradient":""},"tablet":{"background-color":"","background-image":"","background-repeat":"repeat","background-position":"center center","background-size":"auto","background-attachment":"scroll","background-type":"","background-media":"","overlay-type":"","overlay-color":"","overlay-opacity":"","overlay-gradient":""},"mobile":{"background-color":"","background-image":"","background-repeat":"repeat","background-position":"center center","background-size":"auto","background-attachment":"scroll","background-type":"","background-media":"","overlay-type":"","overlay-color":"","overlay-opacity":"","overlay-gradient":""}},"ast-content-background-meta":{"desktop":{"background-color":"var(--ast-global-color-5)","background-image":"","background-repeat":"repeat","background-position":"center center","background-size":"auto","background-attachment":"scroll","background-type":"","background-media":"","overlay-type":"","overlay-color":"","overlay-opacity":"","overlay-gradient":""},"tablet":{"background-color":"var(--ast-global-color-5)","background-image":"","background-repeat":"repeat","background-position":"center center","background-size":"auto","background-attachment":"scroll","background-type":"","background-media":"","overlay-type":"","overlay-color":"","overlay-opacity":"","overlay-gradient":""},"mobile":{"background-color":"var(--ast-global-color-5)","background-image":"","background-repeat":"repeat","background-position":"center center","background-size":"auto","background-attachment":"scroll","background-type":"","background-media":"","overlay-type":"","overlay-color":"","overlay-opacity":"","overlay-gradient":""}},"_joinchat":[]},"product_brand":[],"product_cat":[329],"product_tag":[],"berocket_brand":[545],"class_list":{"0":"post-5001","1":"product","2":"type-product","3":"status-publish","4":"has-post-thumbnail","6":"product_cat-lubrificantes","7":"berocket_brand-xeramic","8":"desktop-align-left","9":"tablet-align-left","10":"mobile-align-left","11":"ast-product-gallery-layout-horizontal-slider","12":"ast-product-tabs-layout-horizontal","14":"first","15":"instock","16":"taxable","17":"shipping-taxable","18":"purchasable","19":"product-type-simple"},"acf":[],"uagb_featured_image_src":{"full":["https:\/\/www.lojadokart.com\/wp-content\/uploads\/2021\/12\/20151-1.jpg",500,500,false],"thumbnail":["https:\/\/www.lojadokart.com\/wp-content\/uploads\/2021\/12\/20151-1-150x150.jpg",150,150,true],"medium":["https:\/\/www.lojadokart.com\/wp-content\/uploads\/2021\/12\/20151-1-300x300.jpg",300,300,true],"medium_large":["https:\/\/www.lojadokart.com\/wp-content\/uploads\/2021\/12\/20151-1.jpg",500,500,false],"large":["https:\/\/www.lojadokart.com\/wp-content\/uploads\/2021\/12\/20151-1.jpg",500,500,false],"1536x1536":["https:\/\/www.lojadokart.com\/wp-content\/uploads\/2021\/12\/20151-1.jpg",500,500,false],"2048x2048":["https:\/\/www.lojadokart.com\/wp-content\/uploads\/2021\/12\/20151-1.jpg",500,500,false],"woocommerce_thumbnail":["https:\/\/www.lojadokart.com\/wp-content\/uploads\/2021\/12\/20151-1-300x300.jpg",300,300,true],"woocommerce_single":["https:\/\/www.lojadokart.com\/wp-content\/uploads\/2021\/12\/20151-1.jpg",500,500,false],"woocommerce_gallery_thumbnail":["https:\/\/www.lojadokart.com\/wp-content\/uploads\/2021\/12\/20151-1-100x100.jpg",100,100,true]},"uagb_author_info":{"display_name":"admin","author_link":"https:\/\/www.lojadokart.com\/?author=0"},"uagb_comment_info":0,"uagb_excerpt":"PM XERAMIC\u00ae INSTANT GASKET BLACK \u00e9 ideal para juntas de reposi\u00e7\u00e3o para tampas de v\u00e1lvulas, caixas de transmiss\u00e3o e \u00f3leo, bombas de \u00e1gua, caixas de termostato, coletores de escapamento, caixas de termostato e muito mais. Resiste a fluidos de transmiss\u00e3o, \u00e1gua, \u00f3leo e anticongelante. Substitui juntas de corti\u00e7a, papel, feltro e borracha. N\u00e3o recomendado para&hellip;","_links":{"self":[{"href":"https:\/\/www.lojadokart.com\/index.php?rest_route=\/wp\/v2\/product\/5001","targetHints":{"allow":["GET"]}}],"collection":[{"href":"https:\/\/www.lojadokart.com\/index.php?rest_route=\/wp\/v2\/product"}],"about":[{"href":"https:\/\/www.lojadokart.com\/index.php?rest_route=\/wp\/v2\/types\/product"}],"wp:featuredmedia":[{"embeddable":true,"href":"https:\/\/www.lojadokart.com\/index.php?rest_route=\/wp\/v2\/media\/5002"}],"wp:attachment":[{"href":"https:\/\/www.lojadokart.com\/index.php?rest_route=%2Fwp%2Fv2%2Fmedia&parent=5001"}],"wp:term":[{"taxonomy":"product_brand","embeddable":true,"href":"https:\/\/www.lojadokart.com\/index.php?rest_route=%2Fwp%2Fv2%2Fproduct_brand&post=5001"},{"taxonomy":"product_cat","embeddable":true,"href":"https:\/\/www.lojadokart.com\/index.php?rest_route=%2Fwp%2Fv2%2Fproduct_cat&post=5001"},{"taxonomy":"product_tag","embeddable":true,"href":"https:\/\/www.lojadokart.com\/index.php?rest_route=%2Fwp%2Fv2%2Fproduct_tag&post=5001"},{"taxonomy":"berocket_brand","embeddable":true,"href":"https:\/\/www.lojadokart.com\/index.php?rest_route=%2Fwp%2Fv2%2Fberocket_brand&post=5001"}],"curies":[{"name":"wp","href":"https:\/\/api.w.org\/{rel}","templated":true}]}}