{"id":5014,"date":"2021-12-14T18:34:28","date_gmt":"2021-12-14T18:34:28","guid":{"rendered":"https:\/\/www.lojadokart.com\/?post_type=product&#038;p=5014"},"modified":"2026-04-27T05:02:07","modified_gmt":"2026-04-27T04:02:07","slug":"spray-corrente-karting-500ml-xeramic","status":"publish","type":"product","link":"https:\/\/www.lojadokart.com\/?product=spray-corrente-karting-500ml-xeramic","title":{"rendered":"Spray corrente Karting 500ml Xeramic"},"content":{"rendered":"<p>PM XERAMIC\u00ae KART CHAIN LUBE foi especialmente desenvolvido para uma \u00f3tima lubrifica\u00e7\u00e3o e prote\u00e7\u00e3o de correntes de kart sujeitas a condi\u00e7\u00f5es extremas. Sua f\u00f3rmula especial garante uma lubrifica\u00e7\u00e3o extremamente adesiva em todas as condi\u00e7\u00f5es clim\u00e1ticas e temperaturas. Agite antes de usar!<\/p>\n","protected":false},"excerpt":{"rendered":"<p>PM XERAMIC\u00ae KART CHAIN LUBE foi especialmente desenvolvido para uma \u00f3tima lubrifica\u00e7\u00e3o e prote\u00e7\u00e3o de correntes de kart sujeitas a condi\u00e7\u00f5es extremas. Sua f\u00f3rmula especial garante uma lubrifica\u00e7\u00e3o extremamente adesiva em todas as condi\u00e7\u00f5es clim\u00e1ticas e temperaturas. Agite antes de usar!<\/p>\n","protected":false},"featured_media":5015,"template":"","meta":{"_acf_changed":false,"_eb_attr":"","_uag_custom_page_level_css":"","_monsterinsights_skip_tracking":false,"_monsterinsights_sitenote_active":false,"_monsterinsights_sitenote_note":"","_monsterinsights_sitenote_category":0,"site-sidebar-layout":"default","site-content-layout":"default","ast-site-content-layout":"default","site-content-style":"default","site-sidebar-style":"default","ast-global-header-display":"","ast-banner-title-visibility":"","ast-main-header-display":"","ast-hfb-above-header-display":"","ast-hfb-below-header-display":"","ast-hfb-mobile-header-display":"","site-post-title":"","ast-breadcrumbs-content":"","ast-featured-img":"","footer-sml-layout":"","ast-disable-related-posts":"","theme-transparent-header-meta":"default","adv-header-id-meta":"","stick-header-meta":"","header-above-stick-meta":"","header-main-stick-meta":"","header-below-stick-meta":"","astra-migrate-meta-layouts":"default","ast-page-background-enabled":"default","ast-page-background-meta":{"desktop":{"background-color":"","background-image":"","background-repeat":"repeat","background-position":"center center","background-size":"auto","background-attachment":"scroll","background-type":"","background-media":"","overlay-type":"","overlay-color":"","overlay-opacity":"","overlay-gradient":""},"tablet":{"background-color":"","background-image":"","background-repeat":"repeat","background-position":"center center","background-size":"auto","background-attachment":"scroll","background-type":"","background-media":"","overlay-type":"","overlay-color":"","overlay-opacity":"","overlay-gradient":""},"mobile":{"background-color":"","background-image":"","background-repeat":"repeat","background-position":"center center","background-size":"auto","background-attachment":"scroll","background-type":"","background-media":"","overlay-type":"","overlay-color":"","overlay-opacity":"","overlay-gradient":""}},"ast-content-background-meta":{"desktop":{"background-color":"var(--ast-global-color-5)","background-image":"","background-repeat":"repeat","background-position":"center center","background-size":"auto","background-attachment":"scroll","background-type":"","background-media":"","overlay-type":"","overlay-color":"","overlay-opacity":"","overlay-gradient":""},"tablet":{"background-color":"var(--ast-global-color-5)","background-image":"","background-repeat":"repeat","background-position":"center center","background-size":"auto","background-attachment":"scroll","background-type":"","background-media":"","overlay-type":"","overlay-color":"","overlay-opacity":"","overlay-gradient":""},"mobile":{"background-color":"var(--ast-global-color-5)","background-image":"","background-repeat":"repeat","background-position":"center center","background-size":"auto","background-attachment":"scroll","background-type":"","background-media":"","overlay-type":"","overlay-color":"","overlay-opacity":"","overlay-gradient":""}},"_joinchat":[]},"product_brand":[],"product_cat":[329,207],"product_tag":[],"berocket_brand":[545],"class_list":{"0":"post-5014","1":"product","2":"type-product","3":"status-publish","4":"has-post-thumbnail","6":"product_cat-lubrificantes","7":"product_cat-transmissoes","8":"berocket_brand-xeramic","9":"desktop-align-left","10":"tablet-align-left","11":"mobile-align-left","12":"ast-product-gallery-layout-horizontal-slider","13":"ast-product-tabs-layout-horizontal","15":"first","16":"instock","17":"taxable","18":"shipping-taxable","19":"purchasable","20":"product-type-simple"},"acf":[],"uagb_featured_image_src":{"full":["https:\/\/www.lojadokart.com\/wp-content\/uploads\/2021\/12\/20326.jpg",500,500,false],"thumbnail":["https:\/\/www.lojadokart.com\/wp-content\/uploads\/2021\/12\/20326-150x150.jpg",150,150,true],"medium":["https:\/\/www.lojadokart.com\/wp-content\/uploads\/2021\/12\/20326-300x300.jpg",300,300,true],"medium_large":["https:\/\/www.lojadokart.com\/wp-content\/uploads\/2021\/12\/20326.jpg",500,500,false],"large":["https:\/\/www.lojadokart.com\/wp-content\/uploads\/2021\/12\/20326.jpg",500,500,false],"1536x1536":["https:\/\/www.lojadokart.com\/wp-content\/uploads\/2021\/12\/20326.jpg",500,500,false],"2048x2048":["https:\/\/www.lojadokart.com\/wp-content\/uploads\/2021\/12\/20326.jpg",500,500,false],"woocommerce_thumbnail":["https:\/\/www.lojadokart.com\/wp-content\/uploads\/2021\/12\/20326-300x300.jpg",300,300,true],"woocommerce_single":["https:\/\/www.lojadokart.com\/wp-content\/uploads\/2021\/12\/20326.jpg",500,500,false],"woocommerce_gallery_thumbnail":["https:\/\/www.lojadokart.com\/wp-content\/uploads\/2021\/12\/20326-100x100.jpg",100,100,true]},"uagb_author_info":{"display_name":"admin","author_link":"https:\/\/www.lojadokart.com\/?author=0"},"uagb_comment_info":0,"uagb_excerpt":"PM XERAMIC\u00ae KART CHAIN LUBE foi especialmente desenvolvido para uma \u00f3tima lubrifica\u00e7\u00e3o e prote\u00e7\u00e3o de correntes de kart sujeitas a condi\u00e7\u00f5es extremas. Sua f\u00f3rmula especial garante uma lubrifica\u00e7\u00e3o extremamente adesiva em todas as condi\u00e7\u00f5es clim\u00e1ticas e temperaturas. Agite antes de usar!","_links":{"self":[{"href":"https:\/\/www.lojadokart.com\/index.php?rest_route=\/wp\/v2\/product\/5014","targetHints":{"allow":["GET"]}}],"collection":[{"href":"https:\/\/www.lojadokart.com\/index.php?rest_route=\/wp\/v2\/product"}],"about":[{"href":"https:\/\/www.lojadokart.com\/index.php?rest_route=\/wp\/v2\/types\/product"}],"wp:featuredmedia":[{"embeddable":true,"href":"https:\/\/www.lojadokart.com\/index.php?rest_route=\/wp\/v2\/media\/5015"}],"wp:attachment":[{"href":"https:\/\/www.lojadokart.com\/index.php?rest_route=%2Fwp%2Fv2%2Fmedia&parent=5014"}],"wp:term":[{"taxonomy":"product_brand","embeddable":true,"href":"https:\/\/www.lojadokart.com\/index.php?rest_route=%2Fwp%2Fv2%2Fproduct_brand&post=5014"},{"taxonomy":"product_cat","embeddable":true,"href":"https:\/\/www.lojadokart.com\/index.php?rest_route=%2Fwp%2Fv2%2Fproduct_cat&post=5014"},{"taxonomy":"product_tag","embeddable":true,"href":"https:\/\/www.lojadokart.com\/index.php?rest_route=%2Fwp%2Fv2%2Fproduct_tag&post=5014"},{"taxonomy":"berocket_brand","embeddable":true,"href":"https:\/\/www.lojadokart.com\/index.php?rest_route=%2Fwp%2Fv2%2Fberocket_brand&post=5014"}],"curies":[{"name":"wp","href":"https:\/\/api.w.org\/{rel}","templated":true}]}}